{"id":31338,"date":"2025-02-20T22:31:31","date_gmt":"2025-02-20T22:31:31","guid":{"rendered":"http:\/\/olemosaic.com\/producto\/cortador-de-ceramica-flores\/"},"modified":"2025-07-25T18:37:23","modified_gmt":"2025-07-25T16:37:23","slug":"cortador-de-ceramica-flores-pt-pt","status":"publish","type":"product","link":"https:\/\/olemosaic.com\/pt-pt\/produto\/cortador-de-ceramica-flores-pt-pt\/","title":{"rendered":"Cortador de cer\u00e2mica. Flores."},"content":{"rendered":"<p>Este cortador de cer\u00e2mica, decorado com motivos florais vibrantes, \u00e9 uma representa\u00e7\u00e3o excecional do famoso estilo de mosaico espanhol. Fabricado em cer\u00e2mica de alta qualidade, este utens\u00edlio n\u00e3o \u00e9 apenas pr\u00e1tico, mas tamb\u00e9m adiciona um toque art\u00edstico e colorido a qualquer cozinha. O design destaca-se pela sua paleta de cores brilhante, incluindo flores em vermelho, azul, amarelo e verde, real\u00e7adas por um fundo preto que ressalta a sua beleza e eleg\u00e2ncia.<\/p>\n<p>Este cortador \u00e9 ideal para os amantes da gastronomia que valorizam tanto a funcionalidade como a arte cer\u00e2mica. A sua superf\u00edcie lisa e resistente permite um corte eficiente e limpo, tornando-o um acess\u00f3rio indispens\u00e1vel para qualquer chef entusiasta. Al\u00e9m disso, ao estar inspirado na ic\u00f3nica arte do mosaico, evoca a cultura espanhola, t\u00e3o presente nos seus azulejos decorativos e na sua rica hist\u00f3ria art\u00edstica.<\/p>\n<p>Como recorda\u00e7\u00e3o representativa, este cortador de cer\u00e2mica oferece aos turistas uma pe\u00e7a aut\u00eantica e culturalmente relevante que captura a ess\u00eancia de Espanha. Na Ol\u00e9 Mosaic, especializamo-nos na distribui\u00e7\u00e3o de recorda\u00e7\u00f5es por grosso, e este cortador de cer\u00e2mica \u00e9 uma excelente op\u00e7\u00e3o para lojas de presentes tur\u00edsticos que procuram produtos \u00fanicos e de qualidade. Mergulhe na tradi\u00e7\u00e3o espanhola com esta recorda\u00e7\u00e3o simples, mas atraente, um presente perfeito para recordar a sua viagem.<\/p>\n","protected":false},"excerpt":{"rendered":"<p>Cortador de cer\u00e2mica decorado com motivos florais vibrantes, inspirado no famoso estilo de mosaico espanhol. Este pr\u00e1tico utens\u00edlio \u00e9 fabricado em cer\u00e2mica de alta qualidade e apresenta um design colorido com flores vermelhas, azuis, amarelas e verdes, real\u00e7adas por um fundo preto que acentua a sua beleza. Ideal para adicionar um toque art\u00edstico e funcional \u00e0 sua cozinha, este cortador \u00e9 perfeito para os amantes da gastronomia e da arte cer\u00e2mica.<\/p>\n","protected":false},"featured_media":8934,"template":"","meta":{"_acf_changed":false},"product_brand":[],"product_cat":[797],"product_tag":[515],"class_list":{"0":"post-31338","1":"product","2":"type-product","3":"status-publish","4":"has-post-thumbnail","6":"product_cat-cortadores","7":"product_tag-ceramica","8":"pa_motivo-flores","10":"first","11":"instock","12":"shipping-taxable","13":"product-type-simple"},"acf":[],"_links":{"self":[{"href":"https:\/\/olemosaic.com\/pt-pt\/wp-json\/wp\/v2\/product\/31338","targetHints":{"allow":["GET"]}}],"collection":[{"href":"https:\/\/olemosaic.com\/pt-pt\/wp-json\/wp\/v2\/product"}],"about":[{"href":"https:\/\/olemosaic.com\/pt-pt\/wp-json\/wp\/v2\/types\/product"}],"wp:featuredmedia":[{"embeddable":true,"href":"https:\/\/olemosaic.com\/pt-pt\/wp-json\/wp\/v2\/media\/8934"}],"wp:attachment":[{"href":"https:\/\/olemosaic.com\/pt-pt\/wp-json\/wp\/v2\/media?parent=31338"}],"wp:term":[{"taxonomy":"product_brand","embeddable":true,"href":"https:\/\/olemosaic.com\/pt-pt\/wp-json\/wp\/v2\/product_brand?post=31338"},{"taxonomy":"product_cat","embeddable":true,"href":"https:\/\/olemosaic.com\/pt-pt\/wp-json\/wp\/v2\/product_cat?post=31338"},{"taxonomy":"product_tag","embeddable":true,"href":"https:\/\/olemosaic.com\/pt-pt\/wp-json\/wp\/v2\/product_tag?post=31338"}],"curies":[{"name":"wp","href":"https:\/\/api.w.org\/{rel}","templated":true}]}}