{"id":31337,"date":"2025-02-20T22:31:31","date_gmt":"2025-02-20T22:31:31","guid":{"rendered":"http:\/\/olemosaic.com\/producto\/cortador-de-ceramica-bogavante\/"},"modified":"2025-07-25T18:45:40","modified_gmt":"2025-07-25T16:45:40","slug":"cortador-de-ceramica-lavagante","status":"publish","type":"product","link":"https:\/\/olemosaic.com\/pt-pt\/produto\/cortador-de-ceramica-lavagante\/","title":{"rendered":"Cortador de cer\u00e2mica. Lavagante."},"content":{"rendered":"<p>Este cortador de cer\u00e2mica, decorado com uma ilustra\u00e7\u00e3o vibrante de lavagantes, \u00e9 uma pe\u00e7a \u00fanica que captura a ess\u00eancia do Mediterr\u00e2neo, ideal para adicionar um toque aut\u00eantico a qualquer cozinha. Fabricado em cer\u00e2mica de alta qualidade, a sua superf\u00edcie apresenta um fundo azul que evoca os tradicionais azulejos portugueses, conhecidos pela sua rica hist\u00f3ria e design colorido. Os lavagantes, pintados com grande detalhe em tons de vermelho e amarelo, destacam-se sobre a superf\u00edcie, oferecendo uma representa\u00e7\u00e3o art\u00edstica deste crust\u00e1ceo, s\u00edmbolo da rica gastronomia mar\u00edtima da regi\u00e3o.<\/p>\n<p>Este cortador n\u00e3o \u00e9 apenas funcional, mas tamb\u00e9m um elemento decorativo atraente que pode ser exibido em qualquer espa\u00e7o. O seu design \u00e9 inspirado na cultura piscat\u00f3ria portuguesa, onde o lavagante \u00e9 uma iguaria culin\u00e1ria muito apreciada. Ao utilizar este cortador, os utilizadores n\u00e3o s\u00f3 adquirem uma ferramenta pr\u00e1tica para as suas prepara\u00e7\u00f5es culin\u00e1rias, mas tamb\u00e9m um peda\u00e7o da rica heran\u00e7a cultural mediterr\u00e2nica.<\/p>\n<p>Na Ol\u00e9 Mosaic, como grossistas de recorda\u00e7\u00f5es, oferecemos este cortador de cer\u00e2mica como uma op\u00e7\u00e3o de destaque para lojas de presentes tur\u00edsticos que procuram produtos aut\u00eanticos e funcionais. Este cortador de cer\u00e2mica com lavagantes \u00e9 a recorda\u00e7\u00e3o perfeita para aqueles que desejam levar um peda\u00e7o de Portugal e da sua cultura vibrante para casa.<\/p>\n","protected":false},"excerpt":{"rendered":"<p>Cortador de cer\u00e2mica decorado com uma ilustra\u00e7\u00e3o vibrante de lavagantes, ideal para dar um toque mediterr\u00e2nico \u00e0 sua cozinha. Fabricado em cer\u00e2mica de alta qualidade, este cortador apresenta um fundo azul que evoca os azulejos tradicionais portugueses, enquanto os lavagantes, pintados com detalhes coloridos, se destacam em tons de vermelho e amarelo. O seu design, al\u00e9m de ser funcional, atua como um elemento decorativo atraente.<\/p>\n","protected":false},"featured_media":9491,"template":"","meta":{"_acf_changed":false},"product_brand":[],"product_cat":[797],"product_tag":[516,515],"class_list":{"0":"post-31337","1":"product","2":"type-product","3":"status-publish","4":"has-post-thumbnail","6":"product_cat-cortadores","7":"product_tag-animais","8":"product_tag-ceramica","9":"pa_motivo-lavagantes","11":"first","12":"instock","13":"shipping-taxable","14":"product-type-simple"},"acf":[],"_links":{"self":[{"href":"https:\/\/olemosaic.com\/pt-pt\/wp-json\/wp\/v2\/product\/31337","targetHints":{"allow":["GET"]}}],"collection":[{"href":"https:\/\/olemosaic.com\/pt-pt\/wp-json\/wp\/v2\/product"}],"about":[{"href":"https:\/\/olemosaic.com\/pt-pt\/wp-json\/wp\/v2\/types\/product"}],"wp:featuredmedia":[{"embeddable":true,"href":"https:\/\/olemosaic.com\/pt-pt\/wp-json\/wp\/v2\/media\/9491"}],"wp:attachment":[{"href":"https:\/\/olemosaic.com\/pt-pt\/wp-json\/wp\/v2\/media?parent=31337"}],"wp:term":[{"taxonomy":"product_brand","embeddable":true,"href":"https:\/\/olemosaic.com\/pt-pt\/wp-json\/wp\/v2\/product_brand?post=31337"},{"taxonomy":"product_cat","embeddable":true,"href":"https:\/\/olemosaic.com\/pt-pt\/wp-json\/wp\/v2\/product_cat?post=31337"},{"taxonomy":"product_tag","embeddable":true,"href":"https:\/\/olemosaic.com\/pt-pt\/wp-json\/wp\/v2\/product_tag?post=31337"}],"curies":[{"name":"wp","href":"https:\/\/api.w.org\/{rel}","templated":true}]}}