{"id":31311,"date":"2025-02-20T22:31:31","date_gmt":"2025-02-20T22:31:31","guid":{"rendered":"http:\/\/olemosaic.com\/producto\/cortador-de-ceramica-mosaico-barcelona\/"},"modified":"2025-07-25T18:40:22","modified_gmt":"2025-07-25T16:40:22","slug":"cortador-de-ceramica-mosaico-barcelona-pt-pt","status":"publish","type":"product","link":"https:\/\/olemosaic.com\/pt-pt\/produto\/cortador-de-ceramica-mosaico-barcelona-pt-pt\/","title":{"rendered":"Cortador de cer\u00e2mica. Mosaico. Barcelona."},"content":{"rendered":"<p>Este cortador de cer\u00e2mica, decorado com um mosaico vibrante, \u00e9 uma pe\u00e7a \u00fanica que evoca a colorida arquitetura de Barcelona. Ideal para realizar cortes precisos na cozinha, este artigo apresenta uma variedade de padr\u00f5es em tons de azul, vermelho e amarelo, que recordam os famosos azulejos tradicionais catal\u00e3es. O seu design funcional inclui uma superf\u00edcie lisa que facilita o seu manuseamento, tornando-o um utens\u00edlio tanto \u00fatil como atraente, perfeito para quem aprecia a gastronomia e a est\u00e9tica.<\/p>\n<p>A decora\u00e7\u00e3o em mosaico n\u00e3o s\u00f3 adiciona um toque visual cativante, como tamb\u00e9m presta homenagem \u00e0 rica heran\u00e7a cultural da cidade, onde a arte do mosaico est\u00e1 presente em muitas das suas arquiteturas emblem\u00e1ticas, como as obras de Gaud\u00ed. Este cortador com motivos de mosaico representa uma recorda\u00e7\u00e3o aut\u00eantica e representativa da ess\u00eancia de Barcelona, sendo um presente ideal para turistas que procuram levar para casa um peda\u00e7o da vibrante cultura espanhola.<\/p>\n<p>Na Ol\u00e9 Mosaic, especializamo-nos na distribui\u00e7\u00e3o de recorda\u00e7\u00f5es por grosso, e este cortador de cer\u00e2mica \u00e9 uma excelente op\u00e7\u00e3o para lojas de presentes tur\u00edsticos que procuram oferecer produtos de qualidade que combinam funcionalidade e est\u00e9tica cultural. Como grossistas de recorda\u00e7\u00f5es, garantimos que cada artigo reflete a autenticidade e a beleza da tradi\u00e7\u00e3o catal\u00e3.<\/p>\n","protected":false},"excerpt":{"rendered":"<p>Cortador de cer\u00e2mica decorado com um mosaico vibrante que evoca a colorida arquitetura de Barcelona. Este artigo, ideal para cortes precisos na cozinha, apresenta uma diversidade de padr\u00f5es em tons de azul, vermelho e amarelo, que recordam os azulejos tradicionais catal\u00e3es. A sua superf\u00edcie lisa foi concebida para facilitar o manuseamento, tornando-o um elemento \u00fatil e atraente, inspirado na rica cultura visual da cidade.<\/p>\n","protected":false},"featured_media":9049,"template":"","meta":{"_acf_changed":false},"product_brand":[],"product_cat":[797],"product_tag":[515],"class_list":{"0":"post-31311","1":"product","2":"type-product","3":"status-publish","4":"has-post-thumbnail","6":"product_cat-cortadores","7":"product_tag-ceramica","8":"pa_ciudad-barcelona","9":"pa_motivo-mosaico","10":"pa_pais-espana","12":"first","13":"instock","14":"shipping-taxable","15":"product-type-simple"},"acf":[],"_links":{"self":[{"href":"https:\/\/olemosaic.com\/pt-pt\/wp-json\/wp\/v2\/product\/31311","targetHints":{"allow":["GET"]}}],"collection":[{"href":"https:\/\/olemosaic.com\/pt-pt\/wp-json\/wp\/v2\/product"}],"about":[{"href":"https:\/\/olemosaic.com\/pt-pt\/wp-json\/wp\/v2\/types\/product"}],"wp:featuredmedia":[{"embeddable":true,"href":"https:\/\/olemosaic.com\/pt-pt\/wp-json\/wp\/v2\/media\/9049"}],"wp:attachment":[{"href":"https:\/\/olemosaic.com\/pt-pt\/wp-json\/wp\/v2\/media?parent=31311"}],"wp:term":[{"taxonomy":"product_brand","embeddable":true,"href":"https:\/\/olemosaic.com\/pt-pt\/wp-json\/wp\/v2\/product_brand?post=31311"},{"taxonomy":"product_cat","embeddable":true,"href":"https:\/\/olemosaic.com\/pt-pt\/wp-json\/wp\/v2\/product_cat?post=31311"},{"taxonomy":"product_tag","embeddable":true,"href":"https:\/\/olemosaic.com\/pt-pt\/wp-json\/wp\/v2\/product_tag?post=31311"}],"curies":[{"name":"wp","href":"https:\/\/api.w.org\/{rel}","templated":true}]}}