{"id":31274,"date":"2025-02-20T23:31:30","date_gmt":"2025-02-20T22:31:30","guid":{"rendered":"http:\/\/olemosaic.com\/producto\/saleros-de-ceramica-punt-de-trobada\/"},"modified":"2025-07-25T19:48:51","modified_gmt":"2025-07-25T17:48:51","slug":"saleiros-de-ceramica-ponto-de-encontro","status":"publish","type":"product","link":"https:\/\/olemosaic.com\/pt-pt\/produto\/saleiros-de-ceramica-ponto-de-encontro\/","title":{"rendered":"Saleiros de cer\u00e2mica. Ponto de encontro."},"content":{"rendered":"<p>Este conjunto de saleiros de cer\u00e2mica pintados \u00e0 m\u00e3o \u00e9 uma aut\u00eantica obra de arte inspirada na vibrante est\u00e9tica do famoso artista espanhol Joan Mir\u00f3. Com um design abstrato e colorido, cada saleiro apresenta uma explos\u00e3o de tons de vermelho, azul, verde e amarelo, que contrastam de forma espetacular com o fundo branco e real\u00e7am as suas formas din\u00e2micas e aleg\u00f3ricas. As tampas de cer\u00e2mica, com o seu elegante acabamento em laranja, n\u00e3o s\u00f3 adicionam um toque de calor, mas tamb\u00e9m convidam \u00e0 intera\u00e7\u00e3o em qualquer mesa. Esta pe\u00e7a n\u00e3o \u00e9 apenas funcional para o uso di\u00e1rio, mas tamb\u00e9m atua como um divertido elemento decorativo que trar\u00e1 um estilo \u00fanico \u00e0s suas refei\u00e7\u00f5es.<\/p>\n<p>A liga\u00e7\u00e3o cultural com Espanha reflete-se na vitalidade das obras de Mir\u00f3, que desempenhou um papel fundamental no desenvolvimento do surrealismo e da arte moderna. Estes saleiros tornam-se assim uma recorda\u00e7\u00e3o representativa, n\u00e3o s\u00f3 da criatividade espanhola, mas tamb\u00e9m da tradi\u00e7\u00e3o da cer\u00e2mica artesanal. Na Ol\u00e9 Mosaic, sabemos que este tipo de souvenirs de cer\u00e2mica s\u00e3o perfeitos para turistas que procuram uma forma aut\u00eantica de levar um peda\u00e7o da cultura espanhola para casa. Como grossistas de souvenirs, oferecemos produtos que combinam arte, funcionalidade e um forte la\u00e7o cultural, tornando estes saleiros uma excelente op\u00e7\u00e3o para lojas de presentes tur\u00edsticos.<\/p>\n","protected":false},"excerpt":{"rendered":"<p>Saleiros de cer\u00e2mica pintados \u00e0 m\u00e3o, inspirados na obra do famoso artista espanhol Joan Mir\u00f3. Cada saleiro apresenta um design vibrante e abstrato, com motivos em vermelho, azul, verde e amarelo sobre fundo branco. As tampas de cer\u00e2mica t\u00eam um acabamento em tons alaranjados. Com um estilo divertido e art\u00edstico, estes saleiros conferem um toque distintivo a qualquer mesa e s\u00e3o uma recorda\u00e7\u00e3o preciosa da cultura espanhola.<\/p>\n","protected":false},"featured_media":10047,"template":"","meta":{"_acf_changed":false},"product_brand":[],"product_cat":[821],"product_tag":[515],"class_list":{"0":"post-31274","1":"product","2":"type-product","3":"status-publish","4":"has-post-thumbnail","6":"product_cat-saleiros","7":"product_tag-ceramica","8":"pa_motivo-punt-de-trobada","10":"first","11":"instock","12":"shipping-taxable","13":"product-type-simple"},"acf":[],"_links":{"self":[{"href":"https:\/\/olemosaic.com\/pt-pt\/wp-json\/wp\/v2\/product\/31274","targetHints":{"allow":["GET"]}}],"collection":[{"href":"https:\/\/olemosaic.com\/pt-pt\/wp-json\/wp\/v2\/product"}],"about":[{"href":"https:\/\/olemosaic.com\/pt-pt\/wp-json\/wp\/v2\/types\/product"}],"wp:featuredmedia":[{"embeddable":true,"href":"https:\/\/olemosaic.com\/pt-pt\/wp-json\/wp\/v2\/media\/10047"}],"wp:attachment":[{"href":"https:\/\/olemosaic.com\/pt-pt\/wp-json\/wp\/v2\/media?parent=31274"}],"wp:term":[{"taxonomy":"product_brand","embeddable":true,"href":"https:\/\/olemosaic.com\/pt-pt\/wp-json\/wp\/v2\/product_brand?post=31274"},{"taxonomy":"product_cat","embeddable":true,"href":"https:\/\/olemosaic.com\/pt-pt\/wp-json\/wp\/v2\/product_cat?post=31274"},{"taxonomy":"product_tag","embeddable":true,"href":"https:\/\/olemosaic.com\/pt-pt\/wp-json\/wp\/v2\/product_tag?post=31274"}],"curies":[{"name":"wp","href":"https:\/\/api.w.org\/{rel}","templated":true}]}}