{"id":31273,"date":"2025-02-20T23:31:30","date_gmt":"2025-02-20T22:31:30","guid":{"rendered":"http:\/\/olemosaic.com\/producto\/saleros-de-ceramica-salamandra-y-flores-blanco-2\/"},"modified":"2025-07-25T18:47:02","modified_gmt":"2025-07-25T16:47:02","slug":"saleiros-de-ceramica-salamandra-e-flores-branco-2","status":"publish","type":"product","link":"https:\/\/olemosaic.com\/pt-pt\/produto\/saleiros-de-ceramica-salamandra-e-flores-branco-2\/","title":{"rendered":"Saleiros de cer\u00e2mica. Salamandra e flores. Mosaico. Fundo branco."},"content":{"rendered":"<p>Este conjunto de saleiros de cer\u00e2mica pintados \u00e0 m\u00e3o \u00e9 uma aut\u00eantica joia artesanal que captura a ess\u00eancia vibrante da fauna e flora espanholas. Concebidos com um encantador motivo de salamandra, estes saleiros exibem um sofisticado acabamento branco, complementado com intrincados detalhes de mosaico multicolor que lhes conferem um apelo visual \u00fanico. As figuras de salamandra est\u00e3o adornadas com v\u00edvidos motivos florais em tons de vermelho, azul e amarelo, criando um contraste cativante que real\u00e7a a sua beleza e eleg\u00e2ncia. Cada pe\u00e7a \u00e9 um exemplo da artesania tradicional, refletindo o minucioso trabalho dos artes\u00e3os locais, especialistas em t\u00e9cnicas de cer\u00e2mica. Este conjunto n\u00e3o \u00e9 apenas funcional, conferindo sabor a qualquer refei\u00e7\u00e3o, mas tamb\u00e9m serve como pe\u00e7a decorativa que embeleza a mesa, adicionando um ar de tradi\u00e7\u00e3o e cor a qualquer lar. Os saleiros s\u00e3o uma recorda\u00e7\u00e3o ideal para turistas que procuram lembran\u00e7as aut\u00eanticas e representativas da cultura espanhola, perfeitos para levar um peda\u00e7o da heran\u00e7a artesanal para as suas casas. Na Ol\u00e9 Mosaic oferecemos estes saleiros de cer\u00e2mica por grosso, garantindo que cada cliente possa desfrutar da qualidade e autenticidade que caracteriza os nossos produtos.<\/p>\n","protected":false},"excerpt":{"rendered":"<p>Saleiros de cer\u00e2mica pintados \u00e0 m\u00e3o, com um design encantador de salamandras e flores. Este conjunto apresenta um acabamento branco com detalhes de mosaico multicolor que real\u00e7am o seu apelo visual. As figuras, que evocam a fauna e flora da regi\u00e3o, est\u00e3o adornadas com motivos florais em tons de vermelho, azul e amarelo, conferindo um toque vibrante a qualquer mesa. Ideal para dar um ar de tradi\u00e7\u00e3o e cor ao seu lar.<\/p>\n","protected":false},"featured_media":8357,"template":"","meta":{"_acf_changed":false},"product_brand":[],"product_cat":[821],"product_tag":[516,515],"class_list":{"0":"post-31273","1":"product","2":"type-product","3":"status-publish","4":"has-post-thumbnail","6":"product_cat-saleiros","7":"product_tag-animais","8":"product_tag-ceramica","9":"pa_motivo-salamandras","11":"first","12":"instock","13":"shipping-taxable","14":"product-type-simple"},"acf":[],"_links":{"self":[{"href":"https:\/\/olemosaic.com\/pt-pt\/wp-json\/wp\/v2\/product\/31273","targetHints":{"allow":["GET"]}}],"collection":[{"href":"https:\/\/olemosaic.com\/pt-pt\/wp-json\/wp\/v2\/product"}],"about":[{"href":"https:\/\/olemosaic.com\/pt-pt\/wp-json\/wp\/v2\/types\/product"}],"wp:featuredmedia":[{"embeddable":true,"href":"https:\/\/olemosaic.com\/pt-pt\/wp-json\/wp\/v2\/media\/8357"}],"wp:attachment":[{"href":"https:\/\/olemosaic.com\/pt-pt\/wp-json\/wp\/v2\/media?parent=31273"}],"wp:term":[{"taxonomy":"product_brand","embeddable":true,"href":"https:\/\/olemosaic.com\/pt-pt\/wp-json\/wp\/v2\/product_brand?post=31273"},{"taxonomy":"product_cat","embeddable":true,"href":"https:\/\/olemosaic.com\/pt-pt\/wp-json\/wp\/v2\/product_cat?post=31273"},{"taxonomy":"product_tag","embeddable":true,"href":"https:\/\/olemosaic.com\/pt-pt\/wp-json\/wp\/v2\/product_tag?post=31273"}],"curies":[{"name":"wp","href":"https:\/\/api.w.org\/{rel}","templated":true}]}}