{"id":31260,"date":"2025-02-20T23:31:30","date_gmt":"2025-02-20T22:31:30","guid":{"rendered":"http:\/\/olemosaic.com\/producto\/4-bols-de-coco-de-13-x-6-cm-salamandra-4\/"},"modified":"2025-07-25T19:38:30","modified_gmt":"2025-07-25T17:38:30","slug":"4-tacas-de-coco-de-13-x-6-cm-salamandra-4","status":"publish","type":"product","link":"https:\/\/olemosaic.com\/pt-pt\/produto\/4-tacas-de-coco-de-13-x-6-cm-salamandra-4\/","title":{"rendered":"4 Ta\u00e7as de coco de 13 x 6 cm. Salamandra. Arte tradicional."},"content":{"rendered":"<p>Este conjunto de quatro ta\u00e7as de coco, de 13 x 6 cm, apresenta um motivo distintivo de salamandra, um reflexo da arte tradicional espanhola em cada pe\u00e7a. Cada ta\u00e7a \u00e9 um exemplo de artesanato local, pintada \u00e0 m\u00e3o com cores vibrantes como azul, vermelho, laranja e dourado. A decora\u00e7\u00e3o intrincada evoca um estilo natural e org\u00e2nico, capturando a ess\u00eancia da fauna e flora mediterr\u00e2nicas que inspiraram artistas ao longo dos s\u00e9culos. O motivo da salamandra, associado \u00e0 boa sorte e \u00e0 regenera\u00e7\u00e3o, real\u00e7a ainda mais a liga\u00e7\u00e3o cultural deste produto com a heran\u00e7a espanhola.<\/p>\n<p>Estes recipientes elegantes n\u00e3o s\u00e3o apenas funcionais para servir aperitivos ou como elementos decorativos, mas tamb\u00e9m conferem um toque art\u00edstico \u00e0 decora\u00e7\u00e3o de qualquer casa ou evento, tornando-se uma excelente recorda\u00e7\u00e3o para turistas que procuram uma pe\u00e7a aut\u00eantica da sua visita a Espanha. Na Ol\u00e9 Mosaic, distribu\u00edmos souvenirs \u00fanicos e de qualidade, oferecendo uma op\u00e7\u00e3o perfeita para lojas de presentes tur\u00edsticos que desejam atrair clientes que apreciam o artesanato e a cultura. Este conjunto de ta\u00e7as de coco \u00e9 uma ideia original para quem procura souvenirs aut\u00eanticos e decorativos que contem uma hist\u00f3ria.<\/p>\n","protected":false},"excerpt":{"rendered":"<p>Ta\u00e7as de coco de 13 x 6 cm decoradas com o motivo distintivo de uma salamandra, representa\u00e7\u00e3o da arte tradicional espanhola. Cada ta\u00e7a apresenta um design \u00fanico, de fabrico artesanal, pintado \u00e0 m\u00e3o, com cores vibrantes como o azul, o vermelho, o laranja e o dourado, com detalhes intrincados que evocam um estilo natural e org\u00e2nico. Estes recipientes elegantes s\u00e3o funcionais e, ao mesmo tempo, conferem um toque art\u00edstico \u00e0 decora\u00e7\u00e3o de qualquer casa ou evento.<\/p>\n","protected":false},"featured_media":10635,"template":"","meta":{"_acf_changed":false},"product_brand":[],"product_cat":[513],"product_tag":[516],"class_list":{"0":"post-31260","1":"product","2":"type-product","3":"status-publish","4":"has-post-thumbnail","6":"product_cat-bols","7":"product_tag-animais","8":"pa_motivo-salamandras","10":"first","11":"instock","12":"shipping-taxable","13":"product-type-simple"},"acf":[],"_links":{"self":[{"href":"https:\/\/olemosaic.com\/pt-pt\/wp-json\/wp\/v2\/product\/31260","targetHints":{"allow":["GET"]}}],"collection":[{"href":"https:\/\/olemosaic.com\/pt-pt\/wp-json\/wp\/v2\/product"}],"about":[{"href":"https:\/\/olemosaic.com\/pt-pt\/wp-json\/wp\/v2\/types\/product"}],"wp:featuredmedia":[{"embeddable":true,"href":"https:\/\/olemosaic.com\/pt-pt\/wp-json\/wp\/v2\/media\/10635"}],"wp:attachment":[{"href":"https:\/\/olemosaic.com\/pt-pt\/wp-json\/wp\/v2\/media?parent=31260"}],"wp:term":[{"taxonomy":"product_brand","embeddable":true,"href":"https:\/\/olemosaic.com\/pt-pt\/wp-json\/wp\/v2\/product_brand?post=31260"},{"taxonomy":"product_cat","embeddable":true,"href":"https:\/\/olemosaic.com\/pt-pt\/wp-json\/wp\/v2\/product_cat?post=31260"},{"taxonomy":"product_tag","embeddable":true,"href":"https:\/\/olemosaic.com\/pt-pt\/wp-json\/wp\/v2\/product_tag?post=31260"}],"curies":[{"name":"wp","href":"https:\/\/api.w.org\/{rel}","templated":true}]}}