{"id":31258,"date":"2025-02-20T23:31:29","date_gmt":"2025-02-20T22:31:29","guid":{"rendered":"http:\/\/olemosaic.com\/producto\/4-bols-de-coco-de-13-x-6-cm-sardina-lisboa-5\/"},"modified":"2025-07-25T20:08:41","modified_gmt":"2025-07-25T18:08:41","slug":"4-tacas-de-coco-de-13-x-6-cm-sardinha-lisboa-5","status":"publish","type":"product","link":"https:\/\/olemosaic.com\/pt-pt\/produto\/4-tacas-de-coco-de-13-x-6-cm-sardinha-lisboa-5\/","title":{"rendered":"4 Ta\u00e7as de coco de 13 x 6 cm. Sardinha. Mosaico. Lisboa."},"content":{"rendered":"<p>Este conjunto de quatro ta\u00e7as de coco, com um di\u00e2metro de 13 cm e uma altura de 6 cm, \u00e9 uma joia artesanal que captura a ess\u00eancia vibrante de Lisboa. Cada ta\u00e7a \u00e9 \u00fanica e est\u00e1 decorada com motivos inspirados na rica cultura portuguesa, refletindo a heran\u00e7a art\u00edstica da regi\u00e3o. A primeira apresenta uma encantadora borda de cora\u00e7\u00f5es coloridos que evoca o amor e o calor desta bela cidade. A segunda mostra um fresco mosaico de flores em tons quentes, que simboliza a natureza exuberante de Lisboa. Em contraste, a terceira tem um padr\u00e3o subtil em tons de castanho que recorda os elementos terrenos da cultura local, enquanto a \u00faltima destaca uma representa\u00e7\u00e3o delicada de sardinhas, um s\u00edmbolo ic\u00f3nico da gastronomia lisboeta.<\/p>\n<p>Estas ta\u00e7as n\u00e3o s\u00e3o apenas funcionais para servir aperitivos ou saladas, mas tamb\u00e9m funcionam como elementos decorativos que conferem um toque art\u00edstico a qualquer espa\u00e7o. Feitas \u00e0 m\u00e3o, cada ta\u00e7a reflete a dedica\u00e7\u00e3o e o talento dos artes\u00e3os locais, garantindo autenticidade e originalidade em cada pe\u00e7a. Este conjunto \u00e9 uma recorda\u00e7\u00e3o ideal para os turistas que procuram souvenirs de Lisboa, perfeito para levar um pedacinho da cultura portuguesa para casa. Na Ol\u00e9 Mosaic, como grossista de souvenirs aut\u00eanticos, oferecemos produtos que celebram a riqueza cultural de cada regi\u00e3o, tornando estas ta\u00e7as um presente excecional e representativo.<\/p>\n","protected":false},"excerpt":{"rendered":"<p>Conjunto de quatro ta\u00e7as de coco de 13 x 6 cm, decoradas com motivos inspirados na rica cultura de Lisboa. Cada ta\u00e7a apresenta um design muito especial: uma com uma borda de cora\u00e7\u00f5es coloridos, outra com um mosaico de flores em tons quentes, uma terceira com um padr\u00e3o subtil em tons de castanho e a \u00faltima com uma representa\u00e7\u00e3o delicada de sardinhas. Todas s\u00e3o elaboradas artesanalmente, refletindo a heran\u00e7a art\u00edstica da regi\u00e3o. Ideais para servir aperitivos ou como elemento decorativo.<\/p>\n","protected":false},"featured_media":10687,"template":"","meta":{"_acf_changed":false},"product_brand":[],"product_cat":[513],"product_tag":[516],"class_list":{"0":"post-31258","1":"product","2":"type-product","3":"status-publish","4":"has-post-thumbnail","6":"product_cat-bols","7":"product_tag-animais","8":"pa_ciudad-lisboa","9":"pa_motivo-sardinhas","10":"pa_pais-portugal","12":"first","13":"instock","14":"shipping-taxable","15":"product-type-simple"},"acf":[],"_links":{"self":[{"href":"https:\/\/olemosaic.com\/pt-pt\/wp-json\/wp\/v2\/product\/31258","targetHints":{"allow":["GET"]}}],"collection":[{"href":"https:\/\/olemosaic.com\/pt-pt\/wp-json\/wp\/v2\/product"}],"about":[{"href":"https:\/\/olemosaic.com\/pt-pt\/wp-json\/wp\/v2\/types\/product"}],"wp:featuredmedia":[{"embeddable":true,"href":"https:\/\/olemosaic.com\/pt-pt\/wp-json\/wp\/v2\/media\/10687"}],"wp:attachment":[{"href":"https:\/\/olemosaic.com\/pt-pt\/wp-json\/wp\/v2\/media?parent=31258"}],"wp:term":[{"taxonomy":"product_brand","embeddable":true,"href":"https:\/\/olemosaic.com\/pt-pt\/wp-json\/wp\/v2\/product_brand?post=31258"},{"taxonomy":"product_cat","embeddable":true,"href":"https:\/\/olemosaic.com\/pt-pt\/wp-json\/wp\/v2\/product_cat?post=31258"},{"taxonomy":"product_tag","embeddable":true,"href":"https:\/\/olemosaic.com\/pt-pt\/wp-json\/wp\/v2\/product_tag?post=31258"}],"curies":[{"name":"wp","href":"https:\/\/api.w.org\/{rel}","templated":true}]}}