{"id":31225,"date":"2025-02-20T23:31:29","date_gmt":"2025-02-20T22:31:29","guid":{"rendered":"http:\/\/olemosaic.com\/producto\/4-bols-de-coco-de-13-x-6-cm-flamenco-3\/"},"modified":"2025-07-25T20:37:26","modified_gmt":"2025-07-25T18:37:26","slug":"4-tacas-de-coco-de-13-x-6-cm-flamenco-3","status":"publish","type":"product","link":"https:\/\/olemosaic.com\/pt-pt\/produto\/4-tacas-de-coco-de-13-x-6-cm-flamenco-3\/","title":{"rendered":"4 Ta\u00e7as de coco de 13 x 6 cm. Flamenco. Fundo branco."},"content":{"rendered":"<p>Este conjunto de quatro ta\u00e7as de coco \u00e9 uma magn\u00edfica representa\u00e7\u00e3o do colorido e da alegria do folclore espanhol, ideal para adornar qualquer mesa. Com dimens\u00f5es de 13 x 6 cm, cada ta\u00e7a destaca-se por um vibrante design de flamencos, onde uma cativante mistura de tons azuis, rosas e amarelos se agrupa num belo mosaico sobre um luminoso fundo branco. Este fundo real\u00e7a a eleg\u00e2ncia dos flamencos, decorados numa subtil cor castanha, criando um encantador contraste com a vibrante paleta de cores do mosaico.<\/p>\n<p>Estas ta\u00e7as n\u00e3o s\u00e3o apenas funcionais, perfeitas para servir aperitivos em reuni\u00f5es, mas tamb\u00e9m funcionam como pe\u00e7as decorativas que evocam a brisa fresca da costa espanhola. A liga\u00e7\u00e3o cultural com a regi\u00e3o mediterr\u00e2nica e o uso de motivos t\u00edpicos fazem deste conjunto um souvenir representativo, que captura a ess\u00eancia da cultura espanhola e a sua rica biodiversidade.<\/p>\n<p>A Ol\u00e9 Mosaic orgulha-se de oferecer estes aut\u00eanticos souvenirs de Portugal e Espanha, perfeitos para turistas que procuram levar um peda\u00e7o da cultura local. Como grossista de artigos decorativos, garantimos a qualidade e originalidade de cada pe\u00e7a. Estas ta\u00e7as de coco s\u00e3o uma excelente op\u00e7\u00e3o para lojas de presentes tur\u00edsticos que desejem oferecer produtos \u00fanicos e carregados de significado cultural.<\/p>\n","protected":false},"excerpt":{"rendered":"<p>Conjunto de quatro ta\u00e7as de coco de 13 x 6 cm, decoradas com um vibrante design de flamencos. Cada ta\u00e7a apresenta um requintado mosaico de pe\u00e7as em tons azuis, rosas e amarelos sobre um fundo branco que confere luminosidade. Os flamencos est\u00e3o elegantemente representados em cor castanha, criando um belo contraste com as cores vivas do mosaico. Perfeitas para servir aperitivos ou como elemento decorativo, evocam o encanto do folclore espanhol.<\/p>\n","protected":false},"featured_media":13803,"template":"","meta":{"_acf_changed":false},"product_brand":[],"product_cat":[513],"product_tag":[516],"class_list":{"0":"post-31225","1":"product","2":"type-product","3":"status-publish","4":"has-post-thumbnail","6":"product_cat-bols","7":"product_tag-animais","8":"pa_motivo-flamingos","10":"first","11":"instock","12":"shipping-taxable","13":"product-type-simple"},"acf":[],"_links":{"self":[{"href":"https:\/\/olemosaic.com\/pt-pt\/wp-json\/wp\/v2\/product\/31225","targetHints":{"allow":["GET"]}}],"collection":[{"href":"https:\/\/olemosaic.com\/pt-pt\/wp-json\/wp\/v2\/product"}],"about":[{"href":"https:\/\/olemosaic.com\/pt-pt\/wp-json\/wp\/v2\/types\/product"}],"wp:featuredmedia":[{"embeddable":true,"href":"https:\/\/olemosaic.com\/pt-pt\/wp-json\/wp\/v2\/media\/13803"}],"wp:attachment":[{"href":"https:\/\/olemosaic.com\/pt-pt\/wp-json\/wp\/v2\/media?parent=31225"}],"wp:term":[{"taxonomy":"product_brand","embeddable":true,"href":"https:\/\/olemosaic.com\/pt-pt\/wp-json\/wp\/v2\/product_brand?post=31225"},{"taxonomy":"product_cat","embeddable":true,"href":"https:\/\/olemosaic.com\/pt-pt\/wp-json\/wp\/v2\/product_cat?post=31225"},{"taxonomy":"product_tag","embeddable":true,"href":"https:\/\/olemosaic.com\/pt-pt\/wp-json\/wp\/v2\/product_tag?post=31225"}],"curies":[{"name":"wp","href":"https:\/\/api.w.org\/{rel}","templated":true}]}}