{"id":31224,"date":"2025-02-20T22:31:29","date_gmt":"2025-02-20T22:31:29","guid":{"rendered":"http:\/\/olemosaic.com\/producto\/4-bols-de-coco-de-13-x-6-cm-caballito-de-mar-mallorca\/"},"modified":"2025-07-25T20:11:10","modified_gmt":"2025-07-25T18:11:10","slug":"4-tacas-de-coco-de-13-x-6-cm-cavalo-marinho-maiorca","status":"publish","type":"product","link":"https:\/\/olemosaic.com\/pt-pt\/produto\/4-tacas-de-coco-de-13-x-6-cm-cavalo-marinho-maiorca\/","title":{"rendered":"4 Ta\u00e7as de coco de 13 x 6 cm. Cavalo-marinho. Maiorca."},"content":{"rendered":"<p>Este conjunto de quatro ta\u00e7as de coco \u00e9 uma encantadora homenagem \u00e0 beleza de Maiorca, ideal para quem procura souvenirs representativos da ilha. Cada ta\u00e7a, com medidas de 13 x 6 cm, apresenta um design exclusivo de cavalo-marinho, s\u00edmbolo do mundo marinho que rodeia esta maravilhosa regi\u00e3o. A base de coco natural oferece um aspeto aut\u00eantico e r\u00fastico, enquanto as cores vibrantes em tons verdes, laranjas, dourados e vermelhos conferem um toque de vitalidade, evocando as paisagens ensolaradas das costas de Maiorca.<\/p>\n<p>O acabamento brilhante de cada ta\u00e7a n\u00e3o s\u00f3 real\u00e7a o seu apelo visual, como tamb\u00e9m destaca o detalhado trabalho artesanal investido na sua cria\u00e7\u00e3o. Estas ta\u00e7as podem ser utilizadas tanto para decorar espa\u00e7os como para fins funcionais, tornando-as um elemento vers\u00e1til para qualquer lar. O cavalo-marinho, presente em cada pe\u00e7a, n\u00e3o \u00e9 apenas um elemento decorativo, mas simboliza a rica fauna marinha que caracteriza as \u00e1guas de Maiorca, tornando este presente uma recorda\u00e7\u00e3o inesquec\u00edvel de uma experi\u00eancia de f\u00e9rias.<\/p>\n<p>Na Ol\u00e9 Mosaic, somos especialistas na distribui\u00e7\u00e3o de souvenirs por grosso e oferecemos produtos aut\u00eanticos que celebram a cultura local. Estas ta\u00e7as de coco s\u00e3o uma excelente op\u00e7\u00e3o para lojas de presentes tur\u00edsticos que procuram artigos \u00fanicos e representativos de Maiorca, conferindo autenticidade e beleza a cada compra. Como grossistas de souvenirs, garantimos a qualidade e originalidade das nossas pe\u00e7as, ideais para captar a aten\u00e7\u00e3o dos turistas que desejam levar um peda\u00e7o da ilha consigo.<\/p>\n","protected":false},"excerpt":{"rendered":"<p>Ta\u00e7as de coco de 13 x 6 cm, decoradas com um encantador design de cavalo-marinho que evoca a beleza de Maiorca. Cada ta\u00e7a apresenta uma base de coco natural com cores vibrantes: verdes, laranjas, dourados e vermelhos, real\u00e7ados por um acabamento brilhante. Estas pe\u00e7as, ideais como elemento decorativo ou funcional, combinam t\u00e9cnicas artesanais com um motivo marinho, o que torna cada ta\u00e7a num aut\u00eantico souvenir da ilha.<\/p>\n","protected":false},"featured_media":10651,"template":"","meta":{"_acf_changed":false},"product_brand":[],"product_cat":[513],"product_tag":[516],"class_list":{"0":"post-31224","1":"product","2":"type-product","3":"status-publish","4":"has-post-thumbnail","6":"product_cat-bols","7":"product_tag-animais","8":"pa_ciudad-mallorca","9":"pa_motivo-cavalos-marinhos","10":"pa_pais-espana","12":"first","13":"instock","14":"shipping-taxable","15":"product-type-simple"},"acf":[],"_links":{"self":[{"href":"https:\/\/olemosaic.com\/pt-pt\/wp-json\/wp\/v2\/product\/31224","targetHints":{"allow":["GET"]}}],"collection":[{"href":"https:\/\/olemosaic.com\/pt-pt\/wp-json\/wp\/v2\/product"}],"about":[{"href":"https:\/\/olemosaic.com\/pt-pt\/wp-json\/wp\/v2\/types\/product"}],"wp:featuredmedia":[{"embeddable":true,"href":"https:\/\/olemosaic.com\/pt-pt\/wp-json\/wp\/v2\/media\/10651"}],"wp:attachment":[{"href":"https:\/\/olemosaic.com\/pt-pt\/wp-json\/wp\/v2\/media?parent=31224"}],"wp:term":[{"taxonomy":"product_brand","embeddable":true,"href":"https:\/\/olemosaic.com\/pt-pt\/wp-json\/wp\/v2\/product_brand?post=31224"},{"taxonomy":"product_cat","embeddable":true,"href":"https:\/\/olemosaic.com\/pt-pt\/wp-json\/wp\/v2\/product_cat?post=31224"},{"taxonomy":"product_tag","embeddable":true,"href":"https:\/\/olemosaic.com\/pt-pt\/wp-json\/wp\/v2\/product_tag?post=31224"}],"curies":[{"name":"wp","href":"https:\/\/api.w.org\/{rel}","templated":true}]}}