{"id":31223,"date":"2025-02-20T23:31:29","date_gmt":"2025-02-20T22:31:29","guid":{"rendered":"http:\/\/olemosaic.com\/producto\/4-bols-de-coco-de-13-x-6-cm-delfin-gran-canaria-2\/"},"modified":"2025-07-25T18:53:54","modified_gmt":"2025-07-25T16:53:54","slug":"4-tacas-de-coco-de-13-x-6-cm-golfinho-gran-canaria-2","status":"publish","type":"product","link":"https:\/\/olemosaic.com\/pt-pt\/produto\/4-tacas-de-coco-de-13-x-6-cm-golfinho-gran-canaria-2\/","title":{"rendered":"4 Ta\u00e7as de coco de 13 x 6 cm. Golfinho. Tropical. Gran Canaria."},"content":{"rendered":"<p>Este conjunto de quatro ta\u00e7as de coco \u00e9 a op\u00e7\u00e3o ideal para conferir um toque tropical e vibrante a qualquer lar. Cada ta\u00e7a, com dimens\u00f5es de 13 x 6 cm, apresenta cores deslumbrantes em tonalidades de azul, verde, laranja e vermelho, todas decoradas com alegres golfinhos que evocam a vida marinha caracter\u00edstica de Gran Canaria. A inscri\u00e7\u00e3o &#8220;Gran Canaria&#8221; integra-se elegantemente no design, reafirmando a sua liga\u00e7\u00e3o cultural com as belas ilhas.<\/p>\n<p>A superf\u00edcie brilhante e texturizada de cada ta\u00e7a real\u00e7a o artesanato local, oferecendo um acabamento \u00fanico que destaca a beleza natural do coco, transformando cada pe\u00e7a numa aut\u00eantica recorda\u00e7\u00e3o que reflete a ess\u00eancia desta regi\u00e3o paradis\u00edaca. Perfeitas n\u00e3o s\u00f3 como decora\u00e7\u00e3o, estas ta\u00e7as tamb\u00e9m s\u00e3o funcionais, ideais para servir aperitivos ou como elementos decorativos em qualquer canto da casa.<\/p>\n<p>Na Ol\u00e9 Mosaic, orgulhamo-nos de oferecer souvenirs aut\u00eanticos que celebram a cultura local. Este conjunto de ta\u00e7as de coco n\u00e3o \u00e9 apenas uma excelente recorda\u00e7\u00e3o para os turistas que desejam levar um peda\u00e7o das Ilhas Can\u00e1rias, mas tamb\u00e9m uma op\u00e7\u00e3o atraente para lojas de presentes tur\u00edsticos em busca de produtos que capturem a ess\u00eancia da regi\u00e3o. Aproveite a nossa oferta como grossista de souvenirs e descubra como estas encantadoras ta\u00e7as podem apaixonar os seus clientes.<\/p>\n","protected":false},"excerpt":{"rendered":"<p>Conjunto de quatro ta\u00e7as de coco de 13 x 6 cm, ideais para dar um toque tropical a qualquer lar. Cada ta\u00e7a apresenta uma cor vibrante em tons azuis, verdes, laranjas e vermelhos, decoradas com um design de golfinhos e a inscri\u00e7\u00e3o &#8220;Gran Canaria&#8221;. A superf\u00edcie \u00e9 brilhante e com textura, o que oferece um acabamento \u00fanico que destaca a beleza do artesanato local. Perfeitas como souvenir ou para uso decorativo, estas ta\u00e7as evocam a ess\u00eancia das Ilhas Can\u00e1rias.<\/p>\n","protected":false},"featured_media":10655,"template":"","meta":{"_acf_changed":false},"product_brand":[],"product_cat":[513],"product_tag":[516],"class_list":{"0":"post-31223","1":"product","2":"type-product","3":"status-publish","4":"has-post-thumbnail","6":"product_cat-bols","7":"product_tag-animais","8":"pa_ciudad-gran-canaria","9":"pa_motivo-golfinhos","10":"pa_pais-espana","12":"first","13":"instock","14":"shipping-taxable","15":"product-type-simple"},"acf":[],"_links":{"self":[{"href":"https:\/\/olemosaic.com\/pt-pt\/wp-json\/wp\/v2\/product\/31223","targetHints":{"allow":["GET"]}}],"collection":[{"href":"https:\/\/olemosaic.com\/pt-pt\/wp-json\/wp\/v2\/product"}],"about":[{"href":"https:\/\/olemosaic.com\/pt-pt\/wp-json\/wp\/v2\/types\/product"}],"wp:featuredmedia":[{"embeddable":true,"href":"https:\/\/olemosaic.com\/pt-pt\/wp-json\/wp\/v2\/media\/10655"}],"wp:attachment":[{"href":"https:\/\/olemosaic.com\/pt-pt\/wp-json\/wp\/v2\/media?parent=31223"}],"wp:term":[{"taxonomy":"product_brand","embeddable":true,"href":"https:\/\/olemosaic.com\/pt-pt\/wp-json\/wp\/v2\/product_brand?post=31223"},{"taxonomy":"product_cat","embeddable":true,"href":"https:\/\/olemosaic.com\/pt-pt\/wp-json\/wp\/v2\/product_cat?post=31223"},{"taxonomy":"product_tag","embeddable":true,"href":"https:\/\/olemosaic.com\/pt-pt\/wp-json\/wp\/v2\/product_tag?post=31223"}],"curies":[{"name":"wp","href":"https:\/\/api.w.org\/{rel}","templated":true}]}}