{"id":31220,"date":"2025-02-20T22:31:28","date_gmt":"2025-02-20T22:31:28","guid":{"rendered":"http:\/\/olemosaic.com\/producto\/4-bols-de-coco-de-13-x-6-cm-salamandra-gran-canaria\/"},"modified":"2025-07-25T18:41:48","modified_gmt":"2025-07-25T16:41:48","slug":"4-tacas-de-coco-de-13-x-6-cm-salamandra-gran-canaria","status":"publish","type":"product","link":"https:\/\/olemosaic.com\/pt-pt\/produto\/4-tacas-de-coco-de-13-x-6-cm-salamandra-gran-canaria\/","title":{"rendered":"4 Ta\u00e7as de coco de 13 x 6 cm. Salamandra. Gran Canaria."},"content":{"rendered":"<p>Este conjunto de quatro ta\u00e7as de coco de 13 x 6 cm \u00e9 uma celebra\u00e7\u00e3o do esp\u00edrito vibrante de Gran Canaria, um reflexo da autenticidade e riqueza cultural das Ilhas. Cada ta\u00e7a, com o seu design alegre e colorido, apresenta motivos encantadores de salamandras, que simbolizam a fauna \u00fanica da regi\u00e3o. As tonalidades brilhantes de azul, vermelho, laranja e rosa tornam cada pe\u00e7a visualmente atrativa, perfeita para adicionar um toque de cor a qualquer espa\u00e7o.<\/p>\n<p>As bordas das ta\u00e7as est\u00e3o adornadas com cora\u00e7\u00f5es, enquanto o ic\u00f3nico selo &#8220;Gran Canaria&#8221; se destaca no centro, convertendo cada ta\u00e7a numa maravilhosa recorda\u00e7\u00e3o. Este design n\u00e3o s\u00f3 \u00e9 atrativo, como tamb\u00e9m \u00e9 uma homenagem ao ambiente natural e \u00e0s tradi\u00e7\u00f5es can\u00e1rias. As ta\u00e7as s\u00e3o ideais tanto para decora\u00e7\u00e3o como para uso funcional, perfeitas para guardar pequenos objetos ou como recipientes decorativos.<\/p>\n<p>Na Ol\u00e9 Mosaic, como distribuidores de souvenirs por grosso, oferecemos estas encantadoras ta\u00e7as de coco que capturam a ess\u00eancia de Gran Canaria. S\u00e3o uma op\u00e7\u00e3o de destaque para lojas de presentes tur\u00edsticos que procuram autenticar a experi\u00eancia can\u00e1ria para os seus clientes. Este conjunto de ta\u00e7as n\u00e3o s\u00f3 representa a tradi\u00e7\u00e3o local, como tamb\u00e9m se torna uma recorda\u00e7\u00e3o inesquec\u00edvel para quem deseje levar um peda\u00e7o da alma can\u00e1ria.<\/p>\n","protected":false},"excerpt":{"rendered":"<p>Ta\u00e7as de coco de 13 x 6 cm, decoradas com motivos de salamandras e cores vibrantes. Esta cole\u00e7\u00e3o de quatro ta\u00e7as, inspirada na beleza de Gran Canaria, apresenta um design alegre com cora\u00e7\u00f5es nas bordas e o ic\u00f3nico selo &#8220;Gran Canaria&#8221; no centro. Cada ta\u00e7a destaca-se pelas suas brilhantes tonalidades de azul, vermelho, laranja e rosa, o que as torna uma op\u00e7\u00e3o perfeita para decora\u00e7\u00e3o ou como recorda\u00e7\u00f5es coloridas que evocam o esp\u00edrito can\u00e1rio.<\/p>\n","protected":false},"featured_media":10673,"template":"","meta":{"_acf_changed":false},"product_brand":[],"product_cat":[513],"product_tag":[516],"class_list":{"0":"post-31220","1":"product","2":"type-product","3":"status-publish","4":"has-post-thumbnail","6":"product_cat-bols","7":"product_tag-animais","8":"pa_ciudad-gran-canaria","9":"pa_motivo-salamandras","10":"pa_pais-espana","12":"first","13":"instock","14":"shipping-taxable","15":"product-type-simple"},"acf":[],"_links":{"self":[{"href":"https:\/\/olemosaic.com\/pt-pt\/wp-json\/wp\/v2\/product\/31220","targetHints":{"allow":["GET"]}}],"collection":[{"href":"https:\/\/olemosaic.com\/pt-pt\/wp-json\/wp\/v2\/product"}],"about":[{"href":"https:\/\/olemosaic.com\/pt-pt\/wp-json\/wp\/v2\/types\/product"}],"wp:featuredmedia":[{"embeddable":true,"href":"https:\/\/olemosaic.com\/pt-pt\/wp-json\/wp\/v2\/media\/10673"}],"wp:attachment":[{"href":"https:\/\/olemosaic.com\/pt-pt\/wp-json\/wp\/v2\/media?parent=31220"}],"wp:term":[{"taxonomy":"product_brand","embeddable":true,"href":"https:\/\/olemosaic.com\/pt-pt\/wp-json\/wp\/v2\/product_brand?post=31220"},{"taxonomy":"product_cat","embeddable":true,"href":"https:\/\/olemosaic.com\/pt-pt\/wp-json\/wp\/v2\/product_cat?post=31220"},{"taxonomy":"product_tag","embeddable":true,"href":"https:\/\/olemosaic.com\/pt-pt\/wp-json\/wp\/v2\/product_tag?post=31220"}],"curies":[{"name":"wp","href":"https:\/\/api.w.org\/{rel}","templated":true}]}}