{"id":31218,"date":"2025-02-20T23:31:28","date_gmt":"2025-02-20T22:31:28","guid":{"rendered":"http:\/\/olemosaic.com\/producto\/4-bols-de-coco-de-13-x-6-cm-sardina-lisboa-4\/"},"modified":"2025-07-25T18:37:48","modified_gmt":"2025-07-25T16:37:48","slug":"4-tacas-de-coco-de-13-x-6-cm-sardinha-lisboa-4","status":"publish","type":"product","link":"https:\/\/olemosaic.com\/pt-pt\/produto\/4-tacas-de-coco-de-13-x-6-cm-sardinha-lisboa-4\/","title":{"rendered":"4 Ta\u00e7as de coco de 13 x 6 cm. Sardinha. Lisboa. Portugal."},"content":{"rendered":"<p>Este conjunto de quatro ta\u00e7as de coco de 13 x 6 cm \u00e9 uma vibrante homenagem \u00e0 tradi\u00e7\u00e3o lisboeta, com um design encantador inspirado nas ic\u00f3nicas sardinhas que adornam a cultura de Lisboa. Cada ta\u00e7a apresenta uma cativante paleta de cores, fundindo tons azuis, laranjas e amarelos que, complementados com um esmalte brilhante e texturizado, criam um impacto visual distintivo e atrativo. As ta\u00e7as n\u00e3o s\u00e3o apenas funcionais para servir deliciosos aperitivos, mas tamb\u00e9m funcionam como irresist\u00edveis pe\u00e7as decorativas que real\u00e7am qualquer espa\u00e7o.<\/p>\n<p>O grafismo de sardinhas em cada ta\u00e7a \u00e9 um tributo \u00e0 rica tradi\u00e7\u00e3o culun\u00e1ria de Lisboa, onde estas esp\u00e9cies s\u00e3o celebradas durante as festividades de Santo Ant\u00f3nio e se tornaram um s\u00edmbolo do folclore local. Este detalhe n\u00e3o s\u00f3 acrescenta um encanto especial a cada pe\u00e7a, como tamb\u00e9m liga os turistas \u00e0 hist\u00f3ria cultural da capital portuguesa.<\/p>\n<p>Na Ol\u00e9 Mosaic, compreendemos a import\u00e2ncia de oferecer souvenirs aut\u00eanticos que representem a ess\u00eancia do seu lugar de origem. Estas ta\u00e7as de coco s\u00e3o perfeitas para lojas de presentes tur\u00edsticos que procuram produtos genu\u00ednos e coloridos. Como distribuidores de souvenirs por grosso, garantimos que cada artigo n\u00e3o s\u00f3 \u00e9 atrativo, como tamb\u00e9m uma excelente representa\u00e7\u00e3o do legado cultural de Lisboa, o que os torna a escolha ideal para quem deseja levar um pedacinho de Portugal para casa.<\/p>\n","protected":false},"excerpt":{"rendered":"<p>Ta\u00e7as de coco de 13 x 6 cm, decoradas com motivos de sardinhas inspirados na cultura lisboeta. Cada ta\u00e7a apresenta um design colorido com acabamentos em azul, laranja e amarelo, que cria um efeito visual atrativo gra\u00e7as ao seu esmalte brilhante e texturizado. S\u00e3o ideais para servir aperitivos ou como pe\u00e7a decorativa, capturando a ess\u00eancia do folclore de Lisboa no seu grafismo distintivo.<\/p>\n","protected":false},"featured_media":10646,"template":"","meta":{"_acf_changed":false},"product_brand":[],"product_cat":[513],"product_tag":[516],"class_list":{"0":"post-31218","1":"product","2":"type-product","3":"status-publish","4":"has-post-thumbnail","6":"product_cat-bols","7":"product_tag-animais","8":"pa_ciudad-lisboa","9":"pa_motivo-sardinhas","10":"pa_pais-portugal","12":"first","13":"instock","14":"shipping-taxable","15":"product-type-simple"},"acf":[],"_links":{"self":[{"href":"https:\/\/olemosaic.com\/pt-pt\/wp-json\/wp\/v2\/product\/31218","targetHints":{"allow":["GET"]}}],"collection":[{"href":"https:\/\/olemosaic.com\/pt-pt\/wp-json\/wp\/v2\/product"}],"about":[{"href":"https:\/\/olemosaic.com\/pt-pt\/wp-json\/wp\/v2\/types\/product"}],"wp:featuredmedia":[{"embeddable":true,"href":"https:\/\/olemosaic.com\/pt-pt\/wp-json\/wp\/v2\/media\/10646"}],"wp:attachment":[{"href":"https:\/\/olemosaic.com\/pt-pt\/wp-json\/wp\/v2\/media?parent=31218"}],"wp:term":[{"taxonomy":"product_brand","embeddable":true,"href":"https:\/\/olemosaic.com\/pt-pt\/wp-json\/wp\/v2\/product_brand?post=31218"},{"taxonomy":"product_cat","embeddable":true,"href":"https:\/\/olemosaic.com\/pt-pt\/wp-json\/wp\/v2\/product_cat?post=31218"},{"taxonomy":"product_tag","embeddable":true,"href":"https:\/\/olemosaic.com\/pt-pt\/wp-json\/wp\/v2\/product_tag?post=31218"}],"curies":[{"name":"wp","href":"https:\/\/api.w.org\/{rel}","templated":true}]}}