{"id":31217,"date":"2025-02-20T23:31:27","date_gmt":"2025-02-20T22:31:27","guid":{"rendered":"http:\/\/olemosaic.com\/producto\/4-bols-de-coco-de-13-x-6-cm-delfin-barcelona-2\/"},"modified":"2025-07-25T20:10:15","modified_gmt":"2025-07-25T18:10:15","slug":"4-tacas-de-coco-de-13-x-6-cm-golfinho-barcelona-2","status":"publish","type":"product","link":"https:\/\/olemosaic.com\/pt-pt\/produto\/4-tacas-de-coco-de-13-x-6-cm-golfinho-barcelona-2\/","title":{"rendered":"4 Ta\u00e7as de coco de 13 x 6 cm. Golfinho. Barcelona. Padr\u00e3o cora\u00e7\u00f5es."},"content":{"rendered":"<p>Este conjunto de quatro ta\u00e7as de coco de 13 x 6 cm \u00e9 uma bela recorda\u00e7\u00e3o da ess\u00eancia vibrante de Barcelona, ideal como souvenir da cidade. Cada ta\u00e7a destaca-se pelo seu design \u00fanico, pintado \u00e0 m\u00e3o, que representa simp\u00e1ticos golfinhos rodeados de motivos de cora\u00e7\u00f5es, evocando a alegria e o colorido da costa catal\u00e3. A paleta de cores, brilhante e variada, inclui tons chamativos de azul, vermelho, laranja e rosa, o que acrescenta um toque festivo e alegre a qualquer espa\u00e7o. Com o nome \u201cBARCELUNA\u201d estampado de forma engenhosa, estas ta\u00e7as n\u00e3o s\u00e3o apenas funcionais para servir aperitivos, mas tamb\u00e9m se tornam aut\u00eanticas pe\u00e7as decorativas que capturam a ess\u00eancia do Mediterr\u00e2neo.<\/p>\n<p>Barcelona \u00e9 famosa pelo seu estilo de vida vibrante e pela sua proximidade ao mar, e estas ta\u00e7as s\u00e3o uma representa\u00e7\u00e3o perfeita dessa liga\u00e7\u00e3o. O seu design artesanal e colorido torna-as um souvenir aut\u00eantico para turistas que procuram um peda\u00e7o desta cidade cheia de vida. Na Ol\u00e9 Mosaic, somos distribuidores de souvenirs de alta qualidade, e estas ta\u00e7as de coco s\u00e3o uma excelente op\u00e7\u00e3o para lojas de presentes tur\u00edsticos que desejem oferecer artigos que reflitam a rica cultura e tradi\u00e7\u00f5es de Barcelona. Com a nossa sele\u00e7\u00e3o, garantimos autenticidade e estilo em cada produto.<\/p>\n","protected":false},"excerpt":{"rendered":"<p>Ta\u00e7as de coco de 13 x 6 cm, decoradas com ilustra\u00e7\u00f5es de golfinhos que evocam a ess\u00eancia vibrante de Barcelona. Cada ta\u00e7a apresenta uma base colorida em tons como azul, vermelho, laranja e rosa, complementada com padr\u00f5es de cora\u00e7\u00f5es e o nome &#8220;BARCELUNA&#8221;. Estes artigos s\u00e3o ideais como elementos decorativos ou para servir aperitivos, destacando o seu design artesanal, pintado \u00e0 m\u00e3o, que reflete o esp\u00edrito alegre da costa catal\u00e3.<\/p>\n","protected":false},"featured_media":10681,"template":"","meta":{"_acf_changed":false},"product_brand":[],"product_cat":[513],"product_tag":[516],"class_list":{"0":"post-31217","1":"product","2":"type-product","3":"status-publish","4":"has-post-thumbnail","6":"product_cat-bols","7":"product_tag-animais","8":"pa_ciudad-barcelona","9":"pa_motivo-golfinhos","10":"pa_pais-espana","12":"first","13":"instock","14":"shipping-taxable","15":"product-type-simple"},"acf":[],"_links":{"self":[{"href":"https:\/\/olemosaic.com\/pt-pt\/wp-json\/wp\/v2\/product\/31217","targetHints":{"allow":["GET"]}}],"collection":[{"href":"https:\/\/olemosaic.com\/pt-pt\/wp-json\/wp\/v2\/product"}],"about":[{"href":"https:\/\/olemosaic.com\/pt-pt\/wp-json\/wp\/v2\/types\/product"}],"wp:featuredmedia":[{"embeddable":true,"href":"https:\/\/olemosaic.com\/pt-pt\/wp-json\/wp\/v2\/media\/10681"}],"wp:attachment":[{"href":"https:\/\/olemosaic.com\/pt-pt\/wp-json\/wp\/v2\/media?parent=31217"}],"wp:term":[{"taxonomy":"product_brand","embeddable":true,"href":"https:\/\/olemosaic.com\/pt-pt\/wp-json\/wp\/v2\/product_brand?post=31217"},{"taxonomy":"product_cat","embeddable":true,"href":"https:\/\/olemosaic.com\/pt-pt\/wp-json\/wp\/v2\/product_cat?post=31217"},{"taxonomy":"product_tag","embeddable":true,"href":"https:\/\/olemosaic.com\/pt-pt\/wp-json\/wp\/v2\/product_tag?post=31217"}],"curies":[{"name":"wp","href":"https:\/\/api.w.org\/{rel}","templated":true}]}}