{"id":31176,"date":"2025-02-20T23:31:27","date_gmt":"2025-02-20T22:31:27","guid":{"rendered":"http:\/\/olemosaic.com\/producto\/4-bols-de-coco-de-13-x-6-cm-salamandra-2\/"},"modified":"2025-07-25T19:51:19","modified_gmt":"2025-07-25T17:51:19","slug":"4-tacas-de-coco-de-13-x-6-cm-salamandra-2","status":"publish","type":"product","link":"https:\/\/olemosaic.com\/pt-pt\/produto\/4-tacas-de-coco-de-13-x-6-cm-salamandra-2\/","title":{"rendered":"4 Ta\u00e7as de coco de 13 x 6 cm. Salamandra."},"content":{"rendered":"<p>Este conjunto de 4 ta\u00e7as de coco, cada uma de 13 x 6 cm, \u00e9 uma requintada amostra de artesanato tradicional, decorada com cativantes motivos de salamandras e uma vibrante paleta de cores em mosaico. Cada ta\u00e7a apresenta um design \u00fanico, com o centro adornado por elegantes salamandras com efeito pintado \u00e0 m\u00e3o e as bordas embelezadas com formas coloridas em tons azuis, amarelos, verdes e castanhos, evocativos da riqueza cultural da regi\u00e3o. Este detalhe n\u00e3o s\u00f3 real\u00e7a a est\u00e9tica de cada pe\u00e7a, como tamb\u00e9m confere um toque aut\u00eantico e artesanal, transformando cada ta\u00e7a numa obra de arte.<\/p>\n<p>Ideais para servir aperitivos ou como elemento decorativo na sua casa, estas ta\u00e7as de coco s\u00e3o funcionais e refletem uma liga\u00e7\u00e3o com a heran\u00e7a cultural local, onde a salamandra simboliza a transforma\u00e7\u00e3o e a adaptabilidade. Como souvenir, s\u00e3o a op\u00e7\u00e3o perfeita para quem procura uma recorda\u00e7\u00e3o representativa que encapsule a ess\u00eancia de Espanha ou Portugal, al\u00e9m de serem um belo objeto decorativo.<\/p>\n<p>Na Ol\u00e9 Mosaic, somos distribuidores de souvenirs aut\u00eanticos e de qualidade. Este conjunto de ta\u00e7as de coco \u00e9 uma excelente escolha para lojas de presentes tur\u00edsticos, pois oferece um exemplo perfeito da tradi\u00e7\u00e3o artesanal e do valor cultural que os turistas procuram. Com os nossos produtos por grosso, garantimos que cada pe\u00e7a ser\u00e1 um excelente produto e, ao mesmo tempo, uma recorda\u00e7\u00e3o significativa da sua viagem.<\/p>\n","protected":false},"excerpt":{"rendered":"<p>Conjunto de 4 ta\u00e7as de coco de 13 x 6 cm, decoradas com motivos de salamandras e mosaicos coloridos inspirados na tradi\u00e7\u00e3o artesanal. Cada ta\u00e7a apresenta um design \u00fanico, com uma paleta de tons vibrantes que inclui azuis, amarelos, verdes e castanhos. As salamandras est\u00e3o elegantemente pintadas com efeito \u00e0 m\u00e3o no centro de cada ta\u00e7a, numa delicada mistura de cores que confere um toque aut\u00eantico e cultural. Ideal para servir aperitivos ou como elemento decorativo.<\/p>\n","protected":false},"featured_media":10685,"template":"","meta":{"_acf_changed":false},"product_brand":[],"product_cat":[513],"product_tag":[516],"class_list":{"0":"post-31176","1":"product","2":"type-product","3":"status-publish","4":"has-post-thumbnail","6":"product_cat-bols","7":"product_tag-animais","8":"pa_motivo-salamandras","10":"first","11":"instock","12":"shipping-taxable","13":"product-type-simple"},"acf":[],"_links":{"self":[{"href":"https:\/\/olemosaic.com\/pt-pt\/wp-json\/wp\/v2\/product\/31176","targetHints":{"allow":["GET"]}}],"collection":[{"href":"https:\/\/olemosaic.com\/pt-pt\/wp-json\/wp\/v2\/product"}],"about":[{"href":"https:\/\/olemosaic.com\/pt-pt\/wp-json\/wp\/v2\/types\/product"}],"wp:featuredmedia":[{"embeddable":true,"href":"https:\/\/olemosaic.com\/pt-pt\/wp-json\/wp\/v2\/media\/10685"}],"wp:attachment":[{"href":"https:\/\/olemosaic.com\/pt-pt\/wp-json\/wp\/v2\/media?parent=31176"}],"wp:term":[{"taxonomy":"product_brand","embeddable":true,"href":"https:\/\/olemosaic.com\/pt-pt\/wp-json\/wp\/v2\/product_brand?post=31176"},{"taxonomy":"product_cat","embeddable":true,"href":"https:\/\/olemosaic.com\/pt-pt\/wp-json\/wp\/v2\/product_cat?post=31176"},{"taxonomy":"product_tag","embeddable":true,"href":"https:\/\/olemosaic.com\/pt-pt\/wp-json\/wp\/v2\/product_tag?post=31176"}],"curies":[{"name":"wp","href":"https:\/\/api.w.org\/{rel}","templated":true}]}}