{"id":31174,"date":"2025-02-20T23:31:26","date_gmt":"2025-02-20T22:31:26","guid":{"rendered":"http:\/\/olemosaic.com\/producto\/4-bols-de-coco-de-13-x-6-cm-tortuga-mallorca\/"},"modified":"2025-07-25T18:49:52","modified_gmt":"2025-07-25T16:49:52","slug":"4-tacas-de-coco-de-13-x-6-cm-tartaruga-maiorca","status":"publish","type":"product","link":"https:\/\/olemosaic.com\/pt-pt\/produto\/4-tacas-de-coco-de-13-x-6-cm-tartaruga-maiorca\/","title":{"rendered":"4 Ta\u00e7as de coco de 13 x 6 cm. Tartaruga. Maiorca."},"content":{"rendered":"<p>Este conjunto de 4 ta\u00e7as de coco \u00e9 uma vibrante homenagem \u00e0 rica fauna marinha de Maiorca, desenhado para capturar a ess\u00eancia do Mediterr\u00e2neo. Com medidas de 13 x 6 cm, cada ta\u00e7a foi pintada \u00e0 m\u00e3o, o que garante que cada pe\u00e7a seja \u00fanica e aut\u00eantica. As cores atraentes azul, vermelho, laranja e dourado entrela\u00e7am-se num acabamento brilhante e texturizado, evocando a beleza natural das \u00e1guas de Maiorca e refletindo a cultura local.<\/p>\n<p>Cada ta\u00e7a conta com ilustra\u00e7\u00f5es de tartarugas, elementos ic\u00f3nicos da fauna marinha, que ligam o utilizador \u00e0 vida submarina desta bela ilha. Perfeitas tanto para servir aperitivos como para decorar espa\u00e7os, estas ta\u00e7as acrescentam um toque mediterr\u00e2nico a qualquer ambiente. O acabamento texturizado n\u00e3o s\u00f3 real\u00e7a o seu apelo visual, como tamb\u00e9m assegura uma experi\u00eancia t\u00e1til agrad\u00e1vel.<\/p>\n<p>A Ol\u00e9 Mosaic orgulha-se de oferecer esta recorda\u00e7\u00e3o aut\u00eantica, representativa de Maiorca, que ser\u00e1 uma excelente op\u00e7\u00e3o para lojas de presentes tur\u00edsticos. N\u00e3o s\u00e3o apenas recorda\u00e7\u00f5es de cozinha, mas uma celebra\u00e7\u00e3o da cultura e das tradi\u00e7\u00f5es mediterr\u00e2nicas, ideais para turistas que procuram levar um pedacinho de Maiorca para casa. Como grossista de produtos aut\u00eanticos, garantimos qualidade e originalidade em cada pe\u00e7a.<\/p>\n","protected":false},"excerpt":{"rendered":"<p>Conjunto de 4 ta\u00e7as de coco de 13 x 6 cm, decoradas com cores chamativas que representam a fauna marinha de Maiorca, incluindo uma tartaruga em cada design. Cada ta\u00e7a, design artesanal, pintado \u00e0 m\u00e3o, apresenta um acabamento brilhante e texturizado, com detalhes em tons azul, vermelho, laranja e dourado que evocam o estilo distintivo da ilha. Perfeitas como elemento decorativo ou para servir aperitivos, estas ta\u00e7as s\u00e3o uma homenagem \u00e0 rica cultura mediterr\u00e2nica.<\/p>\n","protected":false},"featured_media":10657,"template":"","meta":{"_acf_changed":false},"product_brand":[],"product_cat":[513],"product_tag":[516],"class_list":{"0":"post-31174","1":"product","2":"type-product","3":"status-publish","4":"has-post-thumbnail","6":"product_cat-bols","7":"product_tag-animais","8":"pa_ciudad-mallorca","9":"pa_motivo-tartarugas","10":"pa_pais-espana","12":"first","13":"instock","14":"shipping-taxable","15":"product-type-simple"},"acf":[],"_links":{"self":[{"href":"https:\/\/olemosaic.com\/pt-pt\/wp-json\/wp\/v2\/product\/31174","targetHints":{"allow":["GET"]}}],"collection":[{"href":"https:\/\/olemosaic.com\/pt-pt\/wp-json\/wp\/v2\/product"}],"about":[{"href":"https:\/\/olemosaic.com\/pt-pt\/wp-json\/wp\/v2\/types\/product"}],"wp:featuredmedia":[{"embeddable":true,"href":"https:\/\/olemosaic.com\/pt-pt\/wp-json\/wp\/v2\/media\/10657"}],"wp:attachment":[{"href":"https:\/\/olemosaic.com\/pt-pt\/wp-json\/wp\/v2\/media?parent=31174"}],"wp:term":[{"taxonomy":"product_brand","embeddable":true,"href":"https:\/\/olemosaic.com\/pt-pt\/wp-json\/wp\/v2\/product_brand?post=31174"},{"taxonomy":"product_cat","embeddable":true,"href":"https:\/\/olemosaic.com\/pt-pt\/wp-json\/wp\/v2\/product_cat?post=31174"},{"taxonomy":"product_tag","embeddable":true,"href":"https:\/\/olemosaic.com\/pt-pt\/wp-json\/wp\/v2\/product_tag?post=31174"}],"curies":[{"name":"wp","href":"https:\/\/api.w.org\/{rel}","templated":true}]}}