{"id":31172,"date":"2025-02-20T23:31:26","date_gmt":"2025-02-20T22:31:26","guid":{"rendered":"http:\/\/olemosaic.com\/producto\/4-bols-de-coco-de-13-x-6-cm-caballito-de-mar-2\/"},"modified":"2025-07-25T18:52:57","modified_gmt":"2025-07-25T16:52:57","slug":"4-tacas-de-coco-de-13-x-6-cm-cavalo-marinho-2","status":"publish","type":"product","link":"https:\/\/olemosaic.com\/pt-pt\/produto\/4-tacas-de-coco-de-13-x-6-cm-cavalo-marinho-2\/","title":{"rendered":"4 Ta\u00e7as de coco de 13 x 6 cm. Cavalo-marinho. Fundo marinho."},"content":{"rendered":"<p>Este conjunto de quatro ta\u00e7as de coco decoradas com motivos encantadores de cavalos-marinhos \u00e9 ideal para quem procura um toque criativo e original na sua casa. Cada ta\u00e7a, com dimens\u00f5es de 13 x 6 cm, foi elaborada artesanalmente, o que garante a singularidade e autenticidade de cada pe\u00e7a. Os designs pintados \u00e0 m\u00e3o apresentam cores vibrantes como azul, rosa, amarelo e castanho, que evocam a frescura do oceano e criam um ambiente alegre e acolhedor.<\/p>\n<p>Os cavalos-marinhos, representados em cada ta\u00e7a, est\u00e3o emoldurados por detalhes de mosaico que conferem um car\u00e1cter mar\u00edtimo e l\u00fadico, sendo perfeitos para servir aperitivos em reuni\u00f5es ou simplesmente como pe\u00e7as decorativas que real\u00e7am a est\u00e9tica de qualquer espa\u00e7o. Esta recorda\u00e7\u00e3o n\u00e3o s\u00f3 celebra a riqueza do fundo marinho, como tamb\u00e9m reflete a tradi\u00e7\u00e3o artesanal das regi\u00f5es costeiras onde s\u00e3o elaboradas.<\/p>\n<p>Como distribuidor de souvenirs por grosso, a Ol\u00e9 Mosaic oferece produtos que real\u00e7am a cultura e a beleza da paisagem espanhola. Estas ta\u00e7as de coco s\u00e3o uma excelente op\u00e7\u00e3o para lojas de presentes tur\u00edsticos que procuram artigos \u00fanicos e coloridos que cativem os turistas. Uma recorda\u00e7\u00e3o aut\u00eantica, perfeita para aqueles que anseiam por um pedacinho do oceano no seu lar.<\/p>\n","protected":false},"excerpt":{"rendered":"<p>Conjunto de 4 ta\u00e7as de coco de 13 x 6 cm, decoradas com motivos encantadores de cavalos-marinhos. Cada ta\u00e7a apresenta um design \u00fanico, design artesanal, pintado \u00e0 m\u00e3o, com detalhes em mosaico que se destacam em cores vibrantes como azul, rosa, amarelo e castanho. Esta preciosa cole\u00e7\u00e3o captura a ess\u00eancia do fundo marinho, ideal para servir aperitivos ou como pe\u00e7a decorativa em qualquer casa. Perfeito para quem procura um toque de frescura e originalidade na sua mesa.<\/p>\n","protected":false},"featured_media":10686,"template":"","meta":{"_acf_changed":false},"product_brand":[],"product_cat":[513],"product_tag":[516],"class_list":{"0":"post-31172","1":"product","2":"type-product","3":"status-publish","4":"has-post-thumbnail","6":"product_cat-bols","7":"product_tag-animais","8":"pa_motivo-cavalos-marinhos","10":"first","11":"instock","12":"shipping-taxable","13":"product-type-simple"},"acf":[],"_links":{"self":[{"href":"https:\/\/olemosaic.com\/pt-pt\/wp-json\/wp\/v2\/product\/31172","targetHints":{"allow":["GET"]}}],"collection":[{"href":"https:\/\/olemosaic.com\/pt-pt\/wp-json\/wp\/v2\/product"}],"about":[{"href":"https:\/\/olemosaic.com\/pt-pt\/wp-json\/wp\/v2\/types\/product"}],"wp:featuredmedia":[{"embeddable":true,"href":"https:\/\/olemosaic.com\/pt-pt\/wp-json\/wp\/v2\/media\/10686"}],"wp:attachment":[{"href":"https:\/\/olemosaic.com\/pt-pt\/wp-json\/wp\/v2\/media?parent=31172"}],"wp:term":[{"taxonomy":"product_brand","embeddable":true,"href":"https:\/\/olemosaic.com\/pt-pt\/wp-json\/wp\/v2\/product_brand?post=31172"},{"taxonomy":"product_cat","embeddable":true,"href":"https:\/\/olemosaic.com\/pt-pt\/wp-json\/wp\/v2\/product_cat?post=31172"},{"taxonomy":"product_tag","embeddable":true,"href":"https:\/\/olemosaic.com\/pt-pt\/wp-json\/wp\/v2\/product_tag?post=31172"}],"curies":[{"name":"wp","href":"https:\/\/api.w.org\/{rel}","templated":true}]}}