{"id":31171,"date":"2025-02-20T22:31:26","date_gmt":"2025-02-20T22:31:26","guid":{"rendered":"http:\/\/olemosaic.com\/producto\/4-bols-de-coco-de-13-x-6-cm-delfin-gran-canaria\/"},"modified":"2025-07-25T19:14:21","modified_gmt":"2025-07-25T17:14:21","slug":"4-tacas-de-coco-de-13-x-6-cm-golfinho-gran-canaria","status":"publish","type":"product","link":"https:\/\/olemosaic.com\/pt-pt\/produto\/4-tacas-de-coco-de-13-x-6-cm-golfinho-gran-canaria\/","title":{"rendered":"4 Ta\u00e7as de coco de 13 x 6 cm. Golfinho. Gran Canaria."},"content":{"rendered":"<p>Este conjunto de quatro ta\u00e7as de coco de 13 x 6 cm \u00e9 uma representa\u00e7\u00e3o \u00fanica da ess\u00eancia de Gran Canaria, inesquec\u00edvel para quem procura uma lembran\u00e7a aut\u00eantica da ilha. Cada ta\u00e7a \u00e9 meticulosamente decorada com motivos de golfinhos, s\u00edmbolos da vida marinha que rodeia as Can\u00e1rias, e apresenta um design vibrante e colorido que evoca o azul profundo do oceano e as suaves tonalidades da costa. Os mosaicos, compostos por tons azuis e dourados iridescentes e diversas formas, capturam a alegria e o dinamismo destes magn\u00edficos mam\u00edferos marinhos.<\/p>\n<p>Al\u00e9m disso, cada ta\u00e7a tem um toque artesanal que real\u00e7a o seu car\u00e1cter distintivo e natural, sendo ideais tanto para servir pequenos aperitivos como para decorar qualquer espa\u00e7o, adicionando uma nota de frescura e cultura can\u00e1ria. O uso de material natural assegura n\u00e3o s\u00f3 um produto esteticamente atraente, mas tamb\u00e9m eco-amig\u00e1vel, em linha com as tend\u00eancias atuais de sustentabilidade.<\/p>\n<p>Na Ol\u00e9 Mosaic, especializamo-nos na distribui\u00e7\u00e3o de lembran\u00e7as por grosso, oferecendo produtos que destacam a riqueza cultural e natural de Espanha. Este conjunto de ta\u00e7as de coco \u00e9 uma op\u00e7\u00e3o fant\u00e1stica para lojas de presentes tur\u00edsticos que procuram artigos \u00fanicos e aut\u00eanticos para os seus clientes que desejam levar um peda\u00e7o de Gran Canaria. Com um design que fala da beleza marinha e da tradi\u00e7\u00e3o can\u00e1ria, estas lembran\u00e7as s\u00e3o o presente perfeito para qualquer visitante que queira recordar a sua experi\u00eancia na ilha.<\/p>\n","protected":false},"excerpt":{"rendered":"<p>Conjunto de 4 ta\u00e7as de coco de 13 x 6 cm, decoradas com motivos de golfinhos que evocam a ess\u00eancia de Gran Canaria. Cada ta\u00e7a exibe um design \u00fanico e colorido, com mosaicos em tons de azul e dourado, e detalhes de distintas formas que recordam o mar e a vida marinha. Estas ta\u00e7as, elaboradas com material natural, s\u00e3o perfeitas como elementos decorativos ou para servir pequenos aperitivos, conferindo um toque can\u00e1rio a qualquer ambiente.<\/p>\n","protected":false},"featured_media":10705,"template":"","meta":{"_acf_changed":false},"product_brand":[],"product_cat":[513],"product_tag":[516],"class_list":{"0":"post-31171","1":"product","2":"type-product","3":"status-publish","4":"has-post-thumbnail","6":"product_cat-bols","7":"product_tag-animais","8":"pa_ciudad-gran-canaria","9":"pa_motivo-golfinhos","10":"pa_pais-espana","12":"first","13":"instock","14":"shipping-taxable","15":"product-type-simple"},"acf":[],"_links":{"self":[{"href":"https:\/\/olemosaic.com\/pt-pt\/wp-json\/wp\/v2\/product\/31171","targetHints":{"allow":["GET"]}}],"collection":[{"href":"https:\/\/olemosaic.com\/pt-pt\/wp-json\/wp\/v2\/product"}],"about":[{"href":"https:\/\/olemosaic.com\/pt-pt\/wp-json\/wp\/v2\/types\/product"}],"wp:featuredmedia":[{"embeddable":true,"href":"https:\/\/olemosaic.com\/pt-pt\/wp-json\/wp\/v2\/media\/10705"}],"wp:attachment":[{"href":"https:\/\/olemosaic.com\/pt-pt\/wp-json\/wp\/v2\/media?parent=31171"}],"wp:term":[{"taxonomy":"product_brand","embeddable":true,"href":"https:\/\/olemosaic.com\/pt-pt\/wp-json\/wp\/v2\/product_brand?post=31171"},{"taxonomy":"product_cat","embeddable":true,"href":"https:\/\/olemosaic.com\/pt-pt\/wp-json\/wp\/v2\/product_cat?post=31171"},{"taxonomy":"product_tag","embeddable":true,"href":"https:\/\/olemosaic.com\/pt-pt\/wp-json\/wp\/v2\/product_tag?post=31171"}],"curies":[{"name":"wp","href":"https:\/\/api.w.org\/{rel}","templated":true}]}}