{"id":31169,"date":"2025-02-20T22:31:26","date_gmt":"2025-02-20T22:31:26","guid":{"rendered":"http:\/\/olemosaic.com\/producto\/4-bols-de-coco-de-13-x-6-cm-isla-lanzarote\/"},"modified":"2025-07-25T18:54:15","modified_gmt":"2025-07-25T16:54:15","slug":"4-tacas-de-coco-de-13-x-6-cm-ilha-lanzarote","status":"publish","type":"product","link":"https:\/\/olemosaic.com\/pt-pt\/produto\/4-tacas-de-coco-de-13-x-6-cm-ilha-lanzarote\/","title":{"rendered":"4 Ta\u00e7as de coco de 13 x 6 cm. Ilha. Lanzarote."},"content":{"rendered":"<p>Este conjunto de quatro ta\u00e7as de coco, de 13 x 6 cm, \u00e9 uma representa\u00e7\u00e3o colorida da beleza de Lanzarote, uma das joias do arquip\u00e9lago das Can\u00e1rias. Cada ta\u00e7a reflete a ess\u00eancia vulc\u00e2nica da ilha, elaborada meticulosamente com um design vibrante que inclui acabamentos chamativos em azul, rosa, amarelo e branco. Os detalhes decorativos de pequenas pedras evocam a paisagem \u00fanica de Lanzarote, adicionando um toque ex\u00f3tico e art\u00edstico a qualquer mesa.<\/p>\n<p>Ideais para servir aperitivos ou simplesmente como elemento decorativo, estas ta\u00e7as n\u00e3o s\u00e3o apenas funcionais, mas tamb\u00e9m prestam homenagem \u00e0 rica heran\u00e7a cultural das Ilhas Can\u00e1rias. O seu formato perfeito e o seu apelo visual tornam-nas uma excelente lembran\u00e7a de Lanzarote, ideal para turistas que procuram recordar a sua experi\u00eancia na ilha atrav\u00e9s de um artigo aut\u00eantico e representativo. Na Ol\u00e9 Mosaic, oferecemos estas encantadoras ta\u00e7as de coco por grosso, sendo um distribuidor de lembran\u00e7as culturais para lojas de presentes tur\u00edsticos. Este conjunto \u00e9 uma op\u00e7\u00e3o excecional para quem procura um presente significativo e distintivo que encapsule a ess\u00eancia can\u00e1ria em cada bocado.<\/p>\n","protected":false},"excerpt":{"rendered":"<p>Conjunto de 4 ta\u00e7as de coco de 13 x 6 cm, inspirados na beleza de Lanzarote. Estas encantadoras ta\u00e7as apresentam um design colorido com acabamentos em azul, rosa, amarelo e branco, decorados com pequenas pedras que evocam a paisagem vulc\u00e2nica da ilha. Cada ta\u00e7a \u00e9 meticulosamente elaborada, oferecendo um toque vibrante e ex\u00f3tico \u00e0 sua mesa. Perfeitas para servir aperitivos ou como elemento decorativo, estas ta\u00e7as de coco s\u00e3o uma homenagem \u00e0 rica cultura can\u00e1ria.<\/p>\n","protected":false},"featured_media":12130,"template":"","meta":{"_acf_changed":false},"product_brand":[],"product_cat":[513],"product_tag":[],"class_list":{"0":"post-31169","1":"product","2":"type-product","3":"status-publish","4":"has-post-thumbnail","6":"product_cat-bols","7":"pa_ciudad-lanzarote","8":"pa_motivo-ilhas","9":"pa_pais-espana","11":"first","12":"instock","13":"shipping-taxable","14":"product-type-simple"},"acf":[],"_links":{"self":[{"href":"https:\/\/olemosaic.com\/pt-pt\/wp-json\/wp\/v2\/product\/31169","targetHints":{"allow":["GET"]}}],"collection":[{"href":"https:\/\/olemosaic.com\/pt-pt\/wp-json\/wp\/v2\/product"}],"about":[{"href":"https:\/\/olemosaic.com\/pt-pt\/wp-json\/wp\/v2\/types\/product"}],"wp:featuredmedia":[{"embeddable":true,"href":"https:\/\/olemosaic.com\/pt-pt\/wp-json\/wp\/v2\/media\/12130"}],"wp:attachment":[{"href":"https:\/\/olemosaic.com\/pt-pt\/wp-json\/wp\/v2\/media?parent=31169"}],"wp:term":[{"taxonomy":"product_brand","embeddable":true,"href":"https:\/\/olemosaic.com\/pt-pt\/wp-json\/wp\/v2\/product_brand?post=31169"},{"taxonomy":"product_cat","embeddable":true,"href":"https:\/\/olemosaic.com\/pt-pt\/wp-json\/wp\/v2\/product_cat?post=31169"},{"taxonomy":"product_tag","embeddable":true,"href":"https:\/\/olemosaic.com\/pt-pt\/wp-json\/wp\/v2\/product_tag?post=31169"}],"curies":[{"name":"wp","href":"https:\/\/api.w.org\/{rel}","templated":true}]}}