{"id":31168,"date":"2025-02-20T23:31:26","date_gmt":"2025-02-20T22:31:26","guid":{"rendered":"http:\/\/olemosaic.com\/producto\/4-bols-de-coco-de-13-x-6-cm-isla-salamandra-lanzarote\/"},"modified":"2025-07-25T18:58:21","modified_gmt":"2025-07-25T16:58:21","slug":"4-tacas-de-coco-de-13-x-6-cm-ilha-salamandra-lanzarote","status":"publish","type":"product","link":"https:\/\/olemosaic.com\/pt-pt\/produto\/4-tacas-de-coco-de-13-x-6-cm-ilha-salamandra-lanzarote\/","title":{"rendered":"4 Ta\u00e7as de coco de 13 x 6 cm. Ilha + salamandra. Lanzarote."},"content":{"rendered":"<p>Este conjunto de 4 ta\u00e7as de coco de 13 x 6 cm \u00e9 uma recorda\u00e7\u00e3o vibrante que encapsula a ess\u00eancia de Lanzarote, uma joia do arquip\u00e9lago das Can\u00e1rias. Cada ta\u00e7a apresenta um design impressionante que combina fragmentos em tons de azul, rosa e \u00e2mbar, pintados \u00e0 m\u00e3o com esmero. No centro, destaca-se a silhueta da ilha de Lanzarote, acompanhada por uma intr\u00e9pida salamandra, um s\u00edmbolo representativo da fauna local que se destaca na arte can\u00e1ria.<\/p>\n<p>A fus\u00e3o de cores vibrantes n\u00e3o s\u00f3 adorna as ta\u00e7as, como tamb\u00e9m evoca as paisagens vulc\u00e2nicas e a rica biodiversidade da ilha, oferecendo uma experi\u00eancia visual que transporta os viajantes para o seu clima ensolarado e as suas praias id\u00edlicas. Estas ta\u00e7as n\u00e3o s\u00e3o simples pe\u00e7as decorativas, mas sim aut\u00eanticas lembran\u00e7as que celebram a cultura e a identidade de Lanzarote, tornando-as uma excelente op\u00e7\u00e3o para quem procura levar um peda\u00e7o desta bela ilha para casa.<\/p>\n<p>Na Ol\u00e9 Mosaic, somos distribuidores de lembran\u00e7as aut\u00eanticas que refletem a diversidade cultural de Espanha. Este conjunto de ta\u00e7as de coco \u00e9 uma proposta ideal para lojas de presentes tur\u00edsticos que desejam oferecer produtos de qualidade e com significado. A sua relev\u00e2ncia cultural e design artesanal tornam-nas um presente perfeito para turistas que querem recordar a sua visita a Lanzarote. Como grossistas de lembran\u00e7as, garantimos que cada conjunto se destaca pela sua originalidade e liga\u00e7\u00e3o \u00e0 tradi\u00e7\u00e3o local.<\/p>\n","protected":false},"excerpt":{"rendered":"<p>Conjunto de 4 ta\u00e7as de coco de 13 x 6 cm, decoradas com um mosaico vibrante que representa a ilha de Lanzarote e uma salamandra. Cada ta\u00e7a, elaborada com carinho, mostra um design de fragmentos em tons de azul, rosa e \u00e2mbar, pintados \u00e0 m\u00e3o. Os detalhes em cer\u00e2mica real\u00e7am a fus\u00e3o da cultura local e da paisagem natural de Lanzarote, o que as torna uma recorda\u00e7\u00e3o ideal para levar um peda\u00e7o desta bela ilha para casa.<\/p>\n","protected":false},"featured_media":12126,"template":"","meta":{"_acf_changed":false},"product_brand":[],"product_cat":[513],"product_tag":[516],"class_list":{"0":"post-31168","1":"product","2":"type-product","3":"status-publish","4":"has-post-thumbnail","6":"product_cat-bols","7":"product_tag-animais","8":"pa_ciudad-lanzarote","9":"pa_motivo-ilhas","10":"pa_pais-espana","12":"first","13":"instock","14":"shipping-taxable","15":"product-type-simple"},"acf":[],"_links":{"self":[{"href":"https:\/\/olemosaic.com\/pt-pt\/wp-json\/wp\/v2\/product\/31168","targetHints":{"allow":["GET"]}}],"collection":[{"href":"https:\/\/olemosaic.com\/pt-pt\/wp-json\/wp\/v2\/product"}],"about":[{"href":"https:\/\/olemosaic.com\/pt-pt\/wp-json\/wp\/v2\/types\/product"}],"wp:featuredmedia":[{"embeddable":true,"href":"https:\/\/olemosaic.com\/pt-pt\/wp-json\/wp\/v2\/media\/12126"}],"wp:attachment":[{"href":"https:\/\/olemosaic.com\/pt-pt\/wp-json\/wp\/v2\/media?parent=31168"}],"wp:term":[{"taxonomy":"product_brand","embeddable":true,"href":"https:\/\/olemosaic.com\/pt-pt\/wp-json\/wp\/v2\/product_brand?post=31168"},{"taxonomy":"product_cat","embeddable":true,"href":"https:\/\/olemosaic.com\/pt-pt\/wp-json\/wp\/v2\/product_cat?post=31168"},{"taxonomy":"product_tag","embeddable":true,"href":"https:\/\/olemosaic.com\/pt-pt\/wp-json\/wp\/v2\/product_tag?post=31168"}],"curies":[{"name":"wp","href":"https:\/\/api.w.org\/{rel}","templated":true}]}}