{"id":31167,"date":"2025-02-20T23:31:25","date_gmt":"2025-02-20T22:31:25","guid":{"rendered":"http:\/\/olemosaic.com\/producto\/4-bols-de-coco-de-13-x-6-cm-animales-del-mar-menorca-2\/"},"modified":"2025-07-25T19:38:59","modified_gmt":"2025-07-25T17:38:59","slug":"4-tacas-de-coco-de-13-x-6-cm-animais-do-mar-menorca-2","status":"publish","type":"product","link":"https:\/\/olemosaic.com\/pt-pt\/produto\/4-tacas-de-coco-de-13-x-6-cm-animais-do-mar-menorca-2\/","title":{"rendered":"4 Ta\u00e7as de coco de 13 x 6 cm. Animais do mar. Menorca. Baleares."},"content":{"rendered":"<p>Este conjunto de 4 ta\u00e7as de coco de 13 x 6 cm \u00e9 uma aut\u00eantica homenagem \u00e0 beleza natural de Menorca, perfeito para quem procura um toque decorativo \u00fanico. Cada ta\u00e7a apresenta um design muito especial, com ilustra\u00e7\u00f5es de fascinantes animais marinhos como um golfinho, uma tartaruga e um lagarto, todos sobre um fundo azul vibrante que evoca as \u00e1guas cristalinas que rodeiam a ilha. A palavra &#8220;Menorca&#8221; destaca-se em cada pe\u00e7a, rodeada por um padr\u00e3o delicado que recorda os mosaicos tradicionais, celebrando a rica heran\u00e7a artesanal da regi\u00e3o.<\/p>\n<p>Estas ta\u00e7as n\u00e3o s\u00e3o apenas ideais para servir aperitivos, mas tamb\u00e9m funcionam como elementos decorativos apelativos em qualquer casa. O seu car\u00e1cter artesanal e as ilustra\u00e7\u00f5es da fauna local refletem a autenticidade de Menorca, tornando-as uma lembran\u00e7a representativa perfeita para turistas que desejam levar um peda\u00e7o da ilha consigo. Na Ol\u00e9 Mosaic, distribu\u00edmos estas lembran\u00e7as de Menorca por grosso, garantindo que cada pe\u00e7a realce a cultura e o estilo de vida mediterr\u00e2nico. As ta\u00e7as de coco s\u00e3o uma excelente op\u00e7\u00e3o para lojas de presentes tur\u00edsticos que procuram oferecer produtos que capturam a ess\u00eancia da ilha.<\/p>\n","protected":false},"excerpt":{"rendered":"<p>Ta\u00e7as de coco de 13 x 6 cm, ideais para dar um toque decorativo de Menorca ao seu lar. Cada ta\u00e7a apresenta um design diferente, com figuras de animais marinhos como um golfinho, uma tartaruga e outros motivos representativos da fauna local, tudo numa cor azul vibrante. O acabamento inclui a palavra &#8220;Menorca&#8221; e \u00e9 emoldurado com um padr\u00e3o delicado que recorda os mosaicos artesanais, criando um conjunto atraente e aut\u00eantico. Perfeitas para servir aperitivos ou como elemento decorativo.<\/p>\n","protected":false},"featured_media":13800,"template":"","meta":{"_acf_changed":false},"product_brand":[],"product_cat":[513],"product_tag":[516],"class_list":{"0":"post-31167","1":"product","2":"type-product","3":"status-publish","4":"has-post-thumbnail","6":"product_cat-bols","7":"product_tag-animais","8":"pa_ciudad-menorca","9":"pa_motivo-animais-marinhos","10":"pa_pais-espana","12":"first","13":"instock","14":"shipping-taxable","15":"product-type-simple"},"acf":[],"_links":{"self":[{"href":"https:\/\/olemosaic.com\/pt-pt\/wp-json\/wp\/v2\/product\/31167","targetHints":{"allow":["GET"]}}],"collection":[{"href":"https:\/\/olemosaic.com\/pt-pt\/wp-json\/wp\/v2\/product"}],"about":[{"href":"https:\/\/olemosaic.com\/pt-pt\/wp-json\/wp\/v2\/types\/product"}],"wp:featuredmedia":[{"embeddable":true,"href":"https:\/\/olemosaic.com\/pt-pt\/wp-json\/wp\/v2\/media\/13800"}],"wp:attachment":[{"href":"https:\/\/olemosaic.com\/pt-pt\/wp-json\/wp\/v2\/media?parent=31167"}],"wp:term":[{"taxonomy":"product_brand","embeddable":true,"href":"https:\/\/olemosaic.com\/pt-pt\/wp-json\/wp\/v2\/product_brand?post=31167"},{"taxonomy":"product_cat","embeddable":true,"href":"https:\/\/olemosaic.com\/pt-pt\/wp-json\/wp\/v2\/product_cat?post=31167"},{"taxonomy":"product_tag","embeddable":true,"href":"https:\/\/olemosaic.com\/pt-pt\/wp-json\/wp\/v2\/product_tag?post=31167"}],"curies":[{"name":"wp","href":"https:\/\/api.w.org\/{rel}","templated":true}]}}