{"id":31121,"date":"2025-02-20T23:31:25","date_gmt":"2025-02-20T22:31:25","guid":{"rendered":"http:\/\/olemosaic.com\/producto\/plato-de-ceramica-de-10-cm-barcelona-blanco\/"},"modified":"2025-07-25T18:43:41","modified_gmt":"2025-07-25T16:43:41","slug":"prato-de-ceramica-de-10-cm-barcelona-branco","status":"publish","type":"product","link":"https:\/\/olemosaic.com\/pt-pt\/produto\/prato-de-ceramica-de-10-cm-barcelona-branco\/","title":{"rendered":"Prato de cer\u00e2mica de 10 cm. Barcelona. Branco."},"content":{"rendered":"<p>Este prato de cer\u00e2mica de 10 cm, com o seu design colorido, \u00e9 uma recorda\u00e7\u00e3o encantadora que capta a ess\u00eancia da ic\u00f3nica Barcelona. Apresenta um design vibrante sobre fundo branco, com ilustra\u00e7\u00f5es da emblem\u00e1tica Sagrada Fam\u00edlia e outros monumentos destacados da cidade, com efeito pintado \u00e0 m\u00e3o com cores chamativas como o vermelho, o amarelo e o verde, que evocam a alegria e o dinamismo da cultura catal\u00e3. A palavra &#8220;Barcelona&#8221; destaca-se em elegante preto, acrescentando um toque de modernidade \u00e0 sua est\u00e9tica art\u00edstica. Este prato n\u00e3o \u00e9 apenas uma pe\u00e7a decorativa, mas tamb\u00e9m uma liga\u00e7\u00e3o profunda com a rica hist\u00f3ria arquitet\u00f3nica da cidade, uma homenagem \u00e0 genialidade de artistas como Antoni Gaud\u00ed. Ideal como souvenir, \u00e9 perfeito para turistas que desejem recordar a sua visita a Barcelona ou para quem queira levar um peda\u00e7o da sua cultura para casa. Na Ol\u00e9 Mosaic, como distribuidores de souvenirs, garantimos a autenticidade e a qualidade de cada pe\u00e7a, o que torna este prato um souvenir de cer\u00e2mica excecional que as lojas de presentes tur\u00edsticos querer\u00e3o oferecer aos seus clientes.<\/p>\n","protected":false},"excerpt":{"rendered":"<p>Prato de cer\u00e2mica de 10 cm inspirado na ic\u00f3nica cidade de Barcelona. Este bonito prato apresenta um design vibrante em branco, com ilustra\u00e7\u00f5es da Sagrada Fam\u00edlia e outros monumentos emblem\u00e1ticos, executadas com uma t\u00e9cnica de pintura \u00e0 m\u00e3o que se destaca pelas suas cores chamativas, como o vermelho, o amarelo e o verde. A palavra &#8220;Barcelona&#8221; aparece em preto, o que torna este prato um presente perfeito e uma recorda\u00e7\u00e3o da riqueza cultural e arquitet\u00f3nica da cidade.<\/p>\n","protected":false},"featured_media":9507,"template":"","meta":{"_acf_changed":false},"product_brand":[],"product_cat":[629],"product_tag":[515],"class_list":{"0":"post-31121","1":"product","2":"type-product","3":"status-publish","4":"has-post-thumbnail","6":"product_cat-pratos-decorativos","7":"product_tag-ceramica","8":"pa_ciudad-barcelona","9":"pa_pais-espana","11":"first","12":"instock","13":"shipping-taxable","14":"product-type-simple"},"acf":[],"_links":{"self":[{"href":"https:\/\/olemosaic.com\/pt-pt\/wp-json\/wp\/v2\/product\/31121","targetHints":{"allow":["GET"]}}],"collection":[{"href":"https:\/\/olemosaic.com\/pt-pt\/wp-json\/wp\/v2\/product"}],"about":[{"href":"https:\/\/olemosaic.com\/pt-pt\/wp-json\/wp\/v2\/types\/product"}],"wp:featuredmedia":[{"embeddable":true,"href":"https:\/\/olemosaic.com\/pt-pt\/wp-json\/wp\/v2\/media\/9507"}],"wp:attachment":[{"href":"https:\/\/olemosaic.com\/pt-pt\/wp-json\/wp\/v2\/media?parent=31121"}],"wp:term":[{"taxonomy":"product_brand","embeddable":true,"href":"https:\/\/olemosaic.com\/pt-pt\/wp-json\/wp\/v2\/product_brand?post=31121"},{"taxonomy":"product_cat","embeddable":true,"href":"https:\/\/olemosaic.com\/pt-pt\/wp-json\/wp\/v2\/product_cat?post=31121"},{"taxonomy":"product_tag","embeddable":true,"href":"https:\/\/olemosaic.com\/pt-pt\/wp-json\/wp\/v2\/product_tag?post=31121"}],"curies":[{"name":"wp","href":"https:\/\/api.w.org\/{rel}","templated":true}]}}