{"id":31117,"date":"2025-02-20T23:31:24","date_gmt":"2025-02-20T22:31:24","guid":{"rendered":"http:\/\/olemosaic.com\/producto\/colgante-de-madera-salamandra-2\/"},"modified":"2025-07-25T18:45:09","modified_gmt":"2025-07-25T16:45:09","slug":"pendente-de-madeira-salamandra-2","status":"publish","type":"product","link":"https:\/\/olemosaic.com\/pt-pt\/produto\/pendente-de-madeira-salamandra-2\/","title":{"rendered":"Pendente de madeira. Salamandra. Mediterr\u00e2neo."},"content":{"rendered":"<p>Este pendente de madeira com forma de salamandra \u00e9 uma obra de arte artesanal que presta homenagem \u00e0 rica fauna mediterr\u00e2nica, conferindo um toque \u00fanico e fresco a qualquer espa\u00e7o. Elaborado com pe\u00e7as de madeira com efeito pintado \u00e0 m\u00e3o em delicados tons de azul, cada salamandra destaca-se pelo seu design de curvas fluidas, evocando a natureza vibrante das costas espanholas. As salamandras intercalam-se com elegantes elementos de madeira clara, criando um equil\u00edbrio harm\u00f3nico que complementa a est\u00e9tica natural do pendente. Este adorno \u00e9 perfeito para decorar tanto interiores como exteriores, adaptando-se a diversas ambienta\u00e7\u00f5es, desde casas de praia a apartamentos urbanos.<\/p>\n<p>A salamandra \u00e9 um s\u00edmbolo importante na cultura mediterr\u00e2nica, representando a transforma\u00e7\u00e3o e a liga\u00e7\u00e3o com o ambiente natural, enquanto a utiliza\u00e7\u00e3o de madeira artesanal sublinha a autenticidade e sustentabilidade do produto. Este pendente n\u00e3o s\u00f3 se destaca pela sua est\u00e9tica, mas tamb\u00e9m pelo seu valor cultural como souvenir t\u00edpico, ideal para turistas que procuram recorda\u00e7\u00f5es significativas e representativas da sua viagem. Na Ol\u00e9 Mosaic, oferecemos este pendente de madeira como parte da nossa sele\u00e7\u00e3o de souvenirs por grosso, assegurando que cada pe\u00e7a seja um reflexo fiel da tradi\u00e7\u00e3o e do folclore costeiros. Um presente perfeito que mistura arte, natureza e cultura.<\/p>\n","protected":false},"excerpt":{"rendered":"<p>Pendente de madeira com pe\u00e7as em forma de salamandra, com efeito pintado \u00e0 m\u00e3o em tons de azul que evocam a beleza da fauna mediterr\u00e2nica. Cada salamandra intercala-se com elementos de madeira clara, criando um design harm\u00f3nico e natural. Perfeito para adornar espa\u00e7os interiores ou exteriores, este pendente reflete a cultura e o folclore costeiro, conferindo um toque fresco e original a qualquer ambiente.<\/p>\n","protected":false},"featured_media":9641,"template":"","meta":{"_acf_changed":false},"product_brand":[],"product_cat":[794],"product_tag":[516],"class_list":{"0":"post-31117","1":"product","2":"type-product","3":"status-publish","4":"has-post-thumbnail","6":"product_cat-pendentes","7":"product_tag-animais","8":"pa_motivo-salamandras","10":"first","11":"instock","12":"shipping-taxable","13":"product-type-simple"},"acf":[],"_links":{"self":[{"href":"https:\/\/olemosaic.com\/pt-pt\/wp-json\/wp\/v2\/product\/31117","targetHints":{"allow":["GET"]}}],"collection":[{"href":"https:\/\/olemosaic.com\/pt-pt\/wp-json\/wp\/v2\/product"}],"about":[{"href":"https:\/\/olemosaic.com\/pt-pt\/wp-json\/wp\/v2\/types\/product"}],"wp:featuredmedia":[{"embeddable":true,"href":"https:\/\/olemosaic.com\/pt-pt\/wp-json\/wp\/v2\/media\/9641"}],"wp:attachment":[{"href":"https:\/\/olemosaic.com\/pt-pt\/wp-json\/wp\/v2\/media?parent=31117"}],"wp:term":[{"taxonomy":"product_brand","embeddable":true,"href":"https:\/\/olemosaic.com\/pt-pt\/wp-json\/wp\/v2\/product_brand?post=31117"},{"taxonomy":"product_cat","embeddable":true,"href":"https:\/\/olemosaic.com\/pt-pt\/wp-json\/wp\/v2\/product_cat?post=31117"},{"taxonomy":"product_tag","embeddable":true,"href":"https:\/\/olemosaic.com\/pt-pt\/wp-json\/wp\/v2\/product_tag?post=31117"}],"curies":[{"name":"wp","href":"https:\/\/api.w.org\/{rel}","templated":true}]}}