{"id":31115,"date":"2025-02-20T23:31:24","date_gmt":"2025-02-20T22:31:24","guid":{"rendered":"http:\/\/olemosaic.com\/producto\/colgante-de-madera-estrella-3\/"},"modified":"2025-07-25T18:51:20","modified_gmt":"2025-07-25T16:51:20","slug":"pendente-de-madeira-estrela-azul-e-branco","status":"publish","type":"product","link":"https:\/\/olemosaic.com\/pt-pt\/produto\/pendente-de-madeira-estrela-azul-e-branco\/","title":{"rendered":"Pendente de madeira. Estrela. Azul e branco."},"content":{"rendered":"<p>Este pendente de madeira com forma de estrela \u00e9 um adorno decorativo evocativo que captura a ess\u00eancia do mar e das costas mediterr\u00e2nicas. Elaborado com madeira natural, apresenta um design encantador em tons de azul e branco que lembram as ondas do oceano e a frescura das praias ensolaradas. Destaca-se pela sua disposi\u00e7\u00e3o vertical, alternando estrelas-do-mar e elementos texturizados que conferem um efeito visual harmonioso, ideal para dar um toque de ver\u00e3o a qualquer espa\u00e7o.<\/p>\n<p>Com v\u00e1rias estrelas meticulosamente elaboradas, cada uma exibe um acabamento brilhante que real\u00e7a a sua forma distintiva, enquanto as pe\u00e7as de madeira mais claras adicionam um contraste atraente. Este pendente pode ser utilizado para embelezar qualquer divis\u00e3o da casa, desde a sala at\u00e9 \u00e0 casa de banho, e \u00e9 perfeito para quem procura uma recorda\u00e7\u00e3o aut\u00eantica da sua visita \u00e0s costas de Espanha ou Portugal, tornando-se um presente \u00fanico e significativo.<\/p>\n<p>Na Ol\u00e9 Mosaic, oferecemos este e outros souvenirs que representam a rica cultura do Mediterr\u00e2neo, o que o torna uma excelente op\u00e7\u00e3o para lojas de presentes tur\u00edsticos que procuram produtos de alta qualidade e relev\u00e2ncia cultural. Este pendente de madeira \u00e9, sem d\u00favida, um s\u00edmbolo do ambiente marinho, ideal para quem deseja levar um peda\u00e7o do oceano para o seu lar.<\/p>\n","protected":false},"excerpt":{"rendered":"<p>Pendente de madeira com forma de estrela, ideal para decorar espa\u00e7os com um toque marinheiro. Elaborado em madeira natural, apresenta um design em tons de azul e branco, que evoca a ess\u00eancia das costas mediterr\u00e2nicas. O pendente, que inclui v\u00e1rias estrelas e pe\u00e7as desenhadas para dar textura, cria um efeito harmonioso. Perfeito para decorar a casa ou para oferecer, este pendente confere um ar fresco e de ver\u00e3o a qualquer ambiente.<\/p>\n","protected":false},"featured_media":9643,"template":"","meta":{"_acf_changed":false},"product_brand":[],"product_cat":[794],"product_tag":[516],"class_list":{"0":"post-31115","1":"product","2":"type-product","3":"status-publish","4":"has-post-thumbnail","6":"product_cat-pendentes","7":"product_tag-animais","8":"pa_motivo-estrelas","10":"first","11":"instock","12":"shipping-taxable","13":"product-type-simple"},"acf":[],"_links":{"self":[{"href":"https:\/\/olemosaic.com\/pt-pt\/wp-json\/wp\/v2\/product\/31115","targetHints":{"allow":["GET"]}}],"collection":[{"href":"https:\/\/olemosaic.com\/pt-pt\/wp-json\/wp\/v2\/product"}],"about":[{"href":"https:\/\/olemosaic.com\/pt-pt\/wp-json\/wp\/v2\/types\/product"}],"wp:featuredmedia":[{"embeddable":true,"href":"https:\/\/olemosaic.com\/pt-pt\/wp-json\/wp\/v2\/media\/9643"}],"wp:attachment":[{"href":"https:\/\/olemosaic.com\/pt-pt\/wp-json\/wp\/v2\/media?parent=31115"}],"wp:term":[{"taxonomy":"product_brand","embeddable":true,"href":"https:\/\/olemosaic.com\/pt-pt\/wp-json\/wp\/v2\/product_brand?post=31115"},{"taxonomy":"product_cat","embeddable":true,"href":"https:\/\/olemosaic.com\/pt-pt\/wp-json\/wp\/v2\/product_cat?post=31115"},{"taxonomy":"product_tag","embeddable":true,"href":"https:\/\/olemosaic.com\/pt-pt\/wp-json\/wp\/v2\/product_tag?post=31115"}],"curies":[{"name":"wp","href":"https:\/\/api.w.org\/{rel}","templated":true}]}}