{"id":31108,"date":"2025-02-20T23:31:23","date_gmt":"2025-02-20T22:31:23","guid":{"rendered":"http:\/\/olemosaic.com\/producto\/colgante-de-madera-caballito-de-mar-2\/"},"modified":"2025-07-25T20:17:51","modified_gmt":"2025-07-25T18:17:51","slug":"penduricalho-de-madeira-cavalo-marinho-2","status":"publish","type":"product","link":"https:\/\/olemosaic.com\/pt-pt\/produto\/penduricalho-de-madeira-cavalo-marinho-2\/","title":{"rendered":"Penduricalho de madeira. Cavalo-marinho. Conchas."},"content":{"rendered":"<p>Este penduricalho de madeira com forma de cavalo-marinho \u00e9 uma pe\u00e7a decorativa encantadora que traz um toque n\u00e1utico perfeito a qualquer espa\u00e7o. Elaborado em madeira pintada em suaves tons azulados, reflete a frescura e serenidade do mar, tornando-se uma excelente recorda\u00e7\u00e3o para quem procura evocar os seus momentos junto \u00e0 costa. O design incorpora elementos decorativos de conchas em cores pastel, que evocam a riqueza e diversidade do mundo marinho, enquanto a forma estilizada do cavalo-marinho lhe confere um ar l\u00fadico e encantador.<\/p>\n<p>Com um acabamento r\u00fastico e artesanal, este penduricalho est\u00e1 equipado com uma corda na parte superior que facilita a sua coloca\u00e7\u00e3o em qualquer lugar, seja numa parede, numa porta ou como parte de uma decora\u00e7\u00e3o costeira. O seu design \u00fanico n\u00e3o s\u00f3 serve como um acess\u00f3rio decorativo, mas tamb\u00e9m simboliza a cultura mediterr\u00e2nica, onde a liga\u00e7\u00e3o entre o homem e o mar tem sido fundamental ao longo da hist\u00f3ria.<\/p>\n<p>\u00c9 uma op\u00e7\u00e3o ideal para lojas de presentes tur\u00edsticos que procuram oferecer recorda\u00e7\u00f5es aut\u00eanticas e representativas da costa mediterr\u00e2nica. Na Ol\u00e9 Mosaic, como grossistas de penduricalhos, garantimos a qualidade e a aten\u00e7\u00e3o ao detalhe em cada pe\u00e7a, proporcionando aos seus clientes uma recorda\u00e7\u00e3o que captura a ess\u00eancia dos ver\u00f5es junto ao mar.<\/p>\n","protected":false},"excerpt":{"rendered":"<p>Penduricalho de madeira com forma de cavalo-marinho, ideal para decorar espa\u00e7os com um toque n\u00e1utico. Elaborado em madeira pintada em tons azulados, este encantador penduricalho conta com elementos decorativos de conchas e detalhes em tons suaves, que evocam a frescura do mar. O seu design r\u00fastico e artesanal inclui uma corda na parte superior para o pendurar facilmente. Perfeito para dar um estilo mediterr\u00e2nico a qualquer divis\u00e3o.<\/p>\n","protected":false},"featured_media":9634,"template":"","meta":{"_acf_changed":false},"product_brand":[],"product_cat":[794],"product_tag":[516],"class_list":{"0":"post-31108","1":"product","2":"type-product","3":"status-publish","4":"has-post-thumbnail","6":"product_cat-pendentes","7":"product_tag-animais","8":"pa_motivo-cavalos-marinhos","10":"first","11":"instock","12":"shipping-taxable","13":"product-type-simple"},"acf":[],"_links":{"self":[{"href":"https:\/\/olemosaic.com\/pt-pt\/wp-json\/wp\/v2\/product\/31108","targetHints":{"allow":["GET"]}}],"collection":[{"href":"https:\/\/olemosaic.com\/pt-pt\/wp-json\/wp\/v2\/product"}],"about":[{"href":"https:\/\/olemosaic.com\/pt-pt\/wp-json\/wp\/v2\/types\/product"}],"wp:featuredmedia":[{"embeddable":true,"href":"https:\/\/olemosaic.com\/pt-pt\/wp-json\/wp\/v2\/media\/9634"}],"wp:attachment":[{"href":"https:\/\/olemosaic.com\/pt-pt\/wp-json\/wp\/v2\/media?parent=31108"}],"wp:term":[{"taxonomy":"product_brand","embeddable":true,"href":"https:\/\/olemosaic.com\/pt-pt\/wp-json\/wp\/v2\/product_brand?post=31108"},{"taxonomy":"product_cat","embeddable":true,"href":"https:\/\/olemosaic.com\/pt-pt\/wp-json\/wp\/v2\/product_cat?post=31108"},{"taxonomy":"product_tag","embeddable":true,"href":"https:\/\/olemosaic.com\/pt-pt\/wp-json\/wp\/v2\/product_tag?post=31108"}],"curies":[{"name":"wp","href":"https:\/\/api.w.org\/{rel}","templated":true}]}}