{"id":31107,"date":"2025-02-20T22:31:23","date_gmt":"2025-02-20T22:31:23","guid":{"rendered":"http:\/\/olemosaic.com\/producto\/colgante-de-madera-caballito-de-mar\/"},"modified":"2025-07-25T18:52:18","modified_gmt":"2025-07-25T16:52:18","slug":"penduricalho-de-madeira-cavalo-marinho","status":"publish","type":"product","link":"https:\/\/olemosaic.com\/pt-pt\/produto\/penduricalho-de-madeira-cavalo-marinho\/","title":{"rendered":"Penduricalho de madeira. Cavalo-marinho."},"content":{"rendered":"<p>Este penduricalho de madeira com figuras de cavalos-marinhos \u00e9 um complemento encantador para qualquer lar, perfeito para quem procura um toque fresco e marinho na sua decora\u00e7\u00e3o. Confecionado \u00e0 m\u00e3o, este elegante artigo apresenta um design equilibrado que combina tons brancos e naturais, evocando a serenidade da costa mediterr\u00e2nica. Cada cavalo-marinho, delicadamente elaborado, intercala-se entre pe\u00e7as de madeira que adicionam textura e profundidade ao conjunto. Os cavalos-marinhos, ic\u00f3nicos do mundo marinho, simbolizam a estabilidade e a calma, tornando-se um vibrante ponto focal que traz frescura a qualquer espa\u00e7o.<\/p>\n<p>Este penduricalho n\u00e3o \u00e9 apenas um elemento decorativo, mas tamb\u00e9m um aut\u00eantico s\u00edmbolo da rica heran\u00e7a cultural da costa espanhola, onde os cavalos-marinhos s\u00e3o um emblema da fauna marinha. O seu design minimalista e natural torna-o perfeito para decora\u00e7\u00f5es inspiradas no mar, proporcionando um ar relaxante que recorda os dias de ver\u00e3o e as experi\u00eancias costeiras.<\/p>\n<p>Na Ol\u00e9 Mosaic, como grossista de recorda\u00e7\u00f5es, oferecemos este penduricalho de cavalos-marinhos como uma excelente op\u00e7\u00e3o para lojas de presentes tur\u00edsticos que procuram produtos \u00fanicos e com significado. \u00c9 um presente ideal para quem deseja levar uma recorda\u00e7\u00e3o significativa da sua viagem, simbolizando a liga\u00e7\u00e3o com a beleza do mar e a sua cultura.<\/p>\n","protected":false},"excerpt":{"rendered":"<p>Penduricalho de madeira com figuras de cavalos-marinhos, ideal para adicionar um toque de encanto marinho a qualquer espa\u00e7o. Este elegante artigo apresenta um design em tons brancos e naturais, com delicados cavalos-marinhos intercalados entre pe\u00e7as de madeira. Perfeito para decora\u00e7\u00f5es inspiradas na costa, este penduricalho evoca a tranquilidade do mar e torna-se um atraente ponto focal para o lar ou um presente ideal.<\/p>\n","protected":false},"featured_media":9642,"template":"","meta":{"_acf_changed":false},"product_brand":[],"product_cat":[794],"product_tag":[516],"class_list":{"0":"post-31107","1":"product","2":"type-product","3":"status-publish","4":"has-post-thumbnail","6":"product_cat-pendentes","7":"product_tag-animais","8":"pa_motivo-cavalos-marinhos","10":"first","11":"instock","12":"shipping-taxable","13":"product-type-simple"},"acf":[],"_links":{"self":[{"href":"https:\/\/olemosaic.com\/pt-pt\/wp-json\/wp\/v2\/product\/31107","targetHints":{"allow":["GET"]}}],"collection":[{"href":"https:\/\/olemosaic.com\/pt-pt\/wp-json\/wp\/v2\/product"}],"about":[{"href":"https:\/\/olemosaic.com\/pt-pt\/wp-json\/wp\/v2\/types\/product"}],"wp:featuredmedia":[{"embeddable":true,"href":"https:\/\/olemosaic.com\/pt-pt\/wp-json\/wp\/v2\/media\/9642"}],"wp:attachment":[{"href":"https:\/\/olemosaic.com\/pt-pt\/wp-json\/wp\/v2\/media?parent=31107"}],"wp:term":[{"taxonomy":"product_brand","embeddable":true,"href":"https:\/\/olemosaic.com\/pt-pt\/wp-json\/wp\/v2\/product_brand?post=31107"},{"taxonomy":"product_cat","embeddable":true,"href":"https:\/\/olemosaic.com\/pt-pt\/wp-json\/wp\/v2\/product_cat?post=31107"},{"taxonomy":"product_tag","embeddable":true,"href":"https:\/\/olemosaic.com\/pt-pt\/wp-json\/wp\/v2\/product_tag?post=31107"}],"curies":[{"name":"wp","href":"https:\/\/api.w.org\/{rel}","templated":true}]}}