{"id":31059,"date":"2025-02-20T23:31:21","date_gmt":"2025-02-20T22:31:21","guid":{"rendered":"http:\/\/olemosaic.com\/producto\/colgador-de-ceramica-golondrina\/"},"modified":"2025-07-25T18:46:30","modified_gmt":"2025-07-25T16:46:30","slug":"cabide-de-ceramica-andorinha","status":"publish","type":"product","link":"https:\/\/olemosaic.com\/pt-pt\/produto\/cabide-de-ceramica-andorinha\/","title":{"rendered":"Cabide de cer\u00e2mica. Andorinha."},"content":{"rendered":"<p>Este cabide de cer\u00e2mica em forma de andorinha \u00e9 uma requintada representa\u00e7\u00e3o da cultura espanhola, ideal para os amantes de recorda\u00e7\u00f5es aut\u00eanticas e distintivas. Elaborado com cer\u00e2mica de alta qualidade e pintado \u00e0 m\u00e3o, cada pe\u00e7a caracteriza-se pela sua brilhante paleta de cores vibrantes, que inclui azuis profundos, vermelhos intensos e amarelos quentes, tudo sobre um elegante fundo branco. Os intrincados detalhes que adornam a superf\u00edcie do cabide evocam a alegria e o dinamismo do folclore mediterr\u00e2nico, convertendo este objeto decorativo numa obra de arte em si mesmo.<\/p>\n<p>A andorinha \u00e9 um s\u00edmbolo tradicional da primavera e da felicidade na cultura espanhola, o que a torna uma recorda\u00e7\u00e3o perfeita dos momentos vividos durante qualquer viagem pelo pa\u00eds. Este cabide n\u00e3o serve apenas como um pr\u00e1tico acess\u00f3rio para pendurar objetos, mas tamb\u00e9m acrescenta um toque distintivo e aut\u00eantico a qualquer espa\u00e7o, desde a casa at\u00e9 uma loja de presentes tur\u00edsticos.<\/p>\n<p>Na Ol\u00e9 Mosaic, orgulhamo-nos de oferecer recorda\u00e7\u00f5es de cer\u00e2mica que capturam a ess\u00eancia da tradi\u00e7\u00e3o espanhola. Este cabide de andorinha \u00e9 uma excelente op\u00e7\u00e3o para distribuidores que procuram produtos que realcem a cultura local. Com o seu design atraente e a sua relev\u00e2ncia cultural, \u00e9 o presente perfeito para os turistas que desejam levar consigo um peda\u00e7o de Espanha.<\/p>\n","protected":false},"excerpt":{"rendered":"<p>Cabide de cer\u00e2mica em forma de andorinha, uma representa\u00e7\u00e3o emblem\u00e1tica da cultura espanhola. Este elegante objeto decorativo, elaborado com cer\u00e2mica de alta qualidade, apresenta um design artesanal, pintado \u00e0 m\u00e3o, cheio de cores vibrantes, como azul, vermelho e amarelo, sobre um fundo branco. Os detalhes que adornam a sua superf\u00edcie evocam a alegria e o folclore da tradi\u00e7\u00e3o mediterr\u00e2nica. Ideal para dar um toque distintivo a qualquer espa\u00e7o.<\/p>\n","protected":false},"featured_media":11239,"template":"","meta":{"_acf_changed":false},"product_brand":[],"product_cat":[792],"product_tag":[516,515],"class_list":{"0":"post-31059","1":"product","2":"type-product","3":"status-publish","4":"has-post-thumbnail","6":"product_cat-cabides","7":"product_tag-animais","8":"product_tag-ceramica","9":"pa_motivo-andorinhas","11":"first","12":"instock","13":"shipping-taxable","14":"product-type-simple"},"acf":[],"_links":{"self":[{"href":"https:\/\/olemosaic.com\/pt-pt\/wp-json\/wp\/v2\/product\/31059","targetHints":{"allow":["GET"]}}],"collection":[{"href":"https:\/\/olemosaic.com\/pt-pt\/wp-json\/wp\/v2\/product"}],"about":[{"href":"https:\/\/olemosaic.com\/pt-pt\/wp-json\/wp\/v2\/types\/product"}],"wp:featuredmedia":[{"embeddable":true,"href":"https:\/\/olemosaic.com\/pt-pt\/wp-json\/wp\/v2\/media\/11239"}],"wp:attachment":[{"href":"https:\/\/olemosaic.com\/pt-pt\/wp-json\/wp\/v2\/media?parent=31059"}],"wp:term":[{"taxonomy":"product_brand","embeddable":true,"href":"https:\/\/olemosaic.com\/pt-pt\/wp-json\/wp\/v2\/product_brand?post=31059"},{"taxonomy":"product_cat","embeddable":true,"href":"https:\/\/olemosaic.com\/pt-pt\/wp-json\/wp\/v2\/product_cat?post=31059"},{"taxonomy":"product_tag","embeddable":true,"href":"https:\/\/olemosaic.com\/pt-pt\/wp-json\/wp\/v2\/product_tag?post=31059"}],"curies":[{"name":"wp","href":"https:\/\/api.w.org\/{rel}","templated":true}]}}