{"id":31057,"date":"2025-02-20T23:31:21","date_gmt":"2025-02-20T22:31:21","guid":{"rendered":"http:\/\/olemosaic.com\/producto\/colgador-de-ceramica-golondrina-mosaico-8\/"},"modified":"2025-07-25T19:06:20","modified_gmt":"2025-07-25T17:06:20","slug":"cabide-de-ceramica-andorinha-mosaico-8","status":"publish","type":"product","link":"https:\/\/olemosaic.com\/pt-pt\/produto\/cabide-de-ceramica-andorinha-mosaico-8\/","title":{"rendered":"Cabide de cer\u00e2mica. Andorinha. Mosaico. Cer\u00e2mica espanhola."},"content":{"rendered":"<p>Este cabide de cer\u00e2mica em forma de andorinha \u00e9 uma aut\u00eantica pe\u00e7a decorativa que captura a ess\u00eancia da arte tradicional espanhola, ideal para quem procura recorda\u00e7\u00f5es representativas da rica cultura ib\u00e9rica. Com um vibrante mosaico de cores, este cabide apresenta uma fus\u00e3o de padr\u00f5es geom\u00e9tricos e florais que evocam a mestria da cer\u00e2mica espanhola, tornando-o um atrativo visual para qualquer espa\u00e7o. A andorinha, s\u00edmbolo da chegada da primavera, n\u00e3o s\u00f3 est\u00e1 maravilhosamente esculpida, como o seu design pintado \u00e0 m\u00e3o real\u00e7a a habilidade artesanal dos ceramistas locais.<\/p>\n<p>A pe\u00e7a, com os seus contornos suaves e cores atraentes, acrescenta um ar distintivo e alegre \u00e0 decora\u00e7\u00e3o, tornando-a um presente perfeito ou uma recorda\u00e7\u00e3o duradoura de uma visita a Espanha. A sua liga\u00e7\u00e3o com a fauna local e o seu simbolismo fazem deste cabide um objeto n\u00e3o s\u00f3 decorativo, mas tamb\u00e9m cheio de significado cultural. Na Ol\u00e9 Mosaic, oferecemos este cabide de cer\u00e2mica como parte de uma sele\u00e7\u00e3o de recorda\u00e7\u00f5es que destacam a autenticidade e a arte tradicional espanhola. \u00c9 uma op\u00e7\u00e3o ideal para os turistas que procuram souvenirs aut\u00eanticos de Espanha e para lojas de presentes tur\u00edsticos que desejem incorporar produtos de qualidade na sua oferta, consolidando a sua relev\u00e2ncia no panorama dos souvenirs de cer\u00e2mica.<\/p>\n","protected":false},"excerpt":{"rendered":"<p>Cabide de cer\u00e2mica em forma de andorinha, adornado com um mosaico de cores vibrantes. Este design atraente inclui uma mistura de motivos geom\u00e9tricos e florais t\u00edpicos da cer\u00e2mica espanhola, evocando a rica tradi\u00e7\u00e3o art\u00edstica da regi\u00e3o. A pe\u00e7a, de design artesanal e pintada \u00e0 m\u00e3o, presta homenagem \u00e0 fauna local, sendo a andorinha um s\u00edmbolo da chegada da primavera em muitas culturas. Ideal para decorar qualquer espa\u00e7o com um toque distintivo e cheio de cor.<\/p>\n","protected":false},"featured_media":11217,"template":"","meta":{"_acf_changed":false},"product_brand":[],"product_cat":[792],"product_tag":[516,515],"class_list":{"0":"post-31057","1":"product","2":"type-product","3":"status-publish","4":"has-post-thumbnail","6":"product_cat-cabides","7":"product_tag-animais","8":"product_tag-ceramica","9":"pa_motivo-andorinhas","11":"first","12":"instock","13":"shipping-taxable","14":"product-type-simple"},"acf":[],"_links":{"self":[{"href":"https:\/\/olemosaic.com\/pt-pt\/wp-json\/wp\/v2\/product\/31057","targetHints":{"allow":["GET"]}}],"collection":[{"href":"https:\/\/olemosaic.com\/pt-pt\/wp-json\/wp\/v2\/product"}],"about":[{"href":"https:\/\/olemosaic.com\/pt-pt\/wp-json\/wp\/v2\/types\/product"}],"wp:featuredmedia":[{"embeddable":true,"href":"https:\/\/olemosaic.com\/pt-pt\/wp-json\/wp\/v2\/media\/11217"}],"wp:attachment":[{"href":"https:\/\/olemosaic.com\/pt-pt\/wp-json\/wp\/v2\/media?parent=31057"}],"wp:term":[{"taxonomy":"product_brand","embeddable":true,"href":"https:\/\/olemosaic.com\/pt-pt\/wp-json\/wp\/v2\/product_brand?post=31057"},{"taxonomy":"product_cat","embeddable":true,"href":"https:\/\/olemosaic.com\/pt-pt\/wp-json\/wp\/v2\/product_cat?post=31057"},{"taxonomy":"product_tag","embeddable":true,"href":"https:\/\/olemosaic.com\/pt-pt\/wp-json\/wp\/v2\/product_tag?post=31057"}],"curies":[{"name":"wp","href":"https:\/\/api.w.org\/{rel}","templated":true}]}}