{"id":31055,"date":"2025-02-20T23:31:21","date_gmt":"2025-02-20T22:31:21","guid":{"rendered":"http:\/\/olemosaic.com\/producto\/colgador-de-ceramica-golondrina-mosaico-6\/"},"modified":"2025-07-25T19:28:14","modified_gmt":"2025-07-25T17:28:14","slug":"cabide-de-ceramica-andorinha-mosaico-6","status":"publish","type":"product","link":"https:\/\/olemosaic.com\/pt-pt\/produto\/cabide-de-ceramica-andorinha-mosaico-6\/","title":{"rendered":"Cabide de cer\u00e2mica. Andorinha. Mosaico. Padr\u00f5es andaluzes."},"content":{"rendered":"<p>Este cabide de cer\u00e2mica com forma de andorinha \u00e9 uma aut\u00eantica joia decorativa que reflete a ess\u00eancia da arte cer\u00e2mica espanhola. Elaborado com cer\u00e2mica pintada \u00e0 m\u00e3o, apresenta um vibrante mosaico de padr\u00f5es e cores que evocam a rica tradi\u00e7\u00e3o artesanal andaluza. Os tons azuis, vermelhos e verdes entrela\u00e7am-se num design que combina a destreza dos ceramistas locais com a beleza natural da andorinha, s\u00edmbolo de liberdade e esperan\u00e7a na cultura mediterr\u00e2nica.<\/p>\n<p>Cada detalhe deste cabide \u00e9 uma obra-prima em si mesmo; os intrincados padr\u00f5es geom\u00e9tricos e florais adornam as asas da andorinha, criando um contraste harmonioso que atrai o olhar. Este acess\u00f3rio, al\u00e9m de ser visualmente atraente, cumpre uma fun\u00e7\u00e3o pr\u00e1tica que o torna uma excelente lembran\u00e7a, ideal para aqueles que procuram adicionar um toque de folclore e calor \u00e0s suas casas.<\/p>\n<p>Na Ol\u00e9 Mosaic, especializamo-nos na distribui\u00e7\u00e3o de lembran\u00e7as aut\u00eanticas, e este cabide de cer\u00e2mica \u00e9 um exemplo brilhante da riqueza cultural que oferecemos. \u00c9 a op\u00e7\u00e3o perfeita para as lojas de presentes tur\u00edsticos que desejam proporcionar aos seus clientes produtos que celebrem e preservem a tradi\u00e7\u00e3o espanhola. Com a sua singularidade e encanto, torna-se uma recorda\u00e7\u00e3o representativa que perdurar\u00e1 na mem\u00f3ria e na casa de quem o adquirir.<\/p>\n","protected":false},"excerpt":{"rendered":"<p>Cabide de cer\u00e2mica com forma de andorinha, decorado com um vibrante mosaico que evoca a riqueza da arte cer\u00e2mica espanhola. Este ornamentado cabide apresenta diversos padr\u00f5es e cores em tons azuis, vermelhos e verdes, refletindo a tradi\u00e7\u00e3o da cer\u00e2mica andaluza. Com um design artesanal, pintado \u00e0 m\u00e3o, esta andorinha torna-se um encantador acess\u00f3rio decorativo, ideal para adicionar um toque de folclore e estilo a qualquer espa\u00e7o.<\/p>\n","protected":false},"featured_media":11231,"template":"","meta":{"_acf_changed":false},"product_brand":[],"product_cat":[792],"product_tag":[516,515],"class_list":{"0":"post-31055","1":"product","2":"type-product","3":"status-publish","4":"has-post-thumbnail","6":"product_cat-cabides","7":"product_tag-animais","8":"product_tag-ceramica","9":"pa_motivo-andorinhas","11":"first","12":"instock","13":"shipping-taxable","14":"product-type-simple"},"acf":[],"_links":{"self":[{"href":"https:\/\/olemosaic.com\/pt-pt\/wp-json\/wp\/v2\/product\/31055","targetHints":{"allow":["GET"]}}],"collection":[{"href":"https:\/\/olemosaic.com\/pt-pt\/wp-json\/wp\/v2\/product"}],"about":[{"href":"https:\/\/olemosaic.com\/pt-pt\/wp-json\/wp\/v2\/types\/product"}],"wp:featuredmedia":[{"embeddable":true,"href":"https:\/\/olemosaic.com\/pt-pt\/wp-json\/wp\/v2\/media\/11231"}],"wp:attachment":[{"href":"https:\/\/olemosaic.com\/pt-pt\/wp-json\/wp\/v2\/media?parent=31055"}],"wp:term":[{"taxonomy":"product_brand","embeddable":true,"href":"https:\/\/olemosaic.com\/pt-pt\/wp-json\/wp\/v2\/product_brand?post=31055"},{"taxonomy":"product_cat","embeddable":true,"href":"https:\/\/olemosaic.com\/pt-pt\/wp-json\/wp\/v2\/product_cat?post=31055"},{"taxonomy":"product_tag","embeddable":true,"href":"https:\/\/olemosaic.com\/pt-pt\/wp-json\/wp\/v2\/product_tag?post=31055"}],"curies":[{"name":"wp","href":"https:\/\/api.w.org\/{rel}","templated":true}]}}