{"id":31046,"date":"2025-02-20T23:31:20","date_gmt":"2025-02-20T22:31:20","guid":{"rendered":"http:\/\/olemosaic.com\/producto\/colgador-de-ceramica-golondrina-mosaico-4\/"},"modified":"2025-07-25T18:53:25","modified_gmt":"2025-07-25T16:53:25","slug":"cabide-de-ceramica-andorinha-mosaico-4","status":"publish","type":"product","link":"https:\/\/olemosaic.com\/pt-pt\/produto\/cabide-de-ceramica-andorinha-mosaico-4\/","title":{"rendered":"Cabide de cer\u00e2mica. Andorinha. Mosaico. V\u00e1rias cores."},"content":{"rendered":"<p>Este cabide de cer\u00e2mica em forma de andorinha \u00e9 um souvenir encantador que captura a ess\u00eancia da arte cer\u00e2mica espanhola. Com um design vibrante, esta pe\u00e7a artesanal aparenta ser pintada \u00e0 m\u00e3o e decorada com um mosaico de azulejos tradicionais, apresentando uma fascinante variedade de padr\u00f5es geom\u00e9tricos em tonalidades vivas como o azul, vermelho, amarelo e verde. A andorinha, um s\u00edmbolo da chegada da primavera, representa n\u00e3o s\u00f3 a beleza natural de Espanha, mas tamb\u00e9m o folclore que envolve o pa\u00eds. A sua delicada forma, com as asas estendidas que sugerem movimento, evoca a liberdade e a alegria associadas a esta bela ave migrat\u00f3ria.<\/p>\n<p>Ideal para adicionar um toque art\u00edstico e colorido a qualquer divis\u00e3o, este cabide \u00e9 um elemento decorativo perfeito tanto em casa como em espa\u00e7os comerciais. A sua autenticidade como souvenir tradicional de Espanha torna-o uma excelente op\u00e7\u00e3o para turistas que procuram levar um peda\u00e7o de cultura.<\/p>\n<p>Na Ol\u00e9 Mosaic, oferecemos este cabide de cer\u00e2mica \u00fanico por grosso, garantindo a sua qualidade e a fiel representa\u00e7\u00e3o do patrim\u00f3nio cultural espanhol. \u00c9 perfeito para lojas de presentes tur\u00edsticos, onde os souvenirs de cer\u00e2mica s\u00e3o muito apreciados pela sua relev\u00e2ncia cultural e est\u00e9tica distintiva.<\/p>\n","protected":false},"excerpt":{"rendered":"<p>Cabide de cer\u00e2mica em forma de andorinha, decorado com um vibrante mosaico de azulejos tradicionais. Este atrativo adorno, de design artesanal, pintado \u00e0 m\u00e3o, captura a ess\u00eancia da arte cer\u00e2mica espanhola, com uma variedade de padr\u00f5es geom\u00e9tricos em cores vivas como o azul, o vermelho, o amarelo e o verde. Ideal para conferir um toque art\u00edstico a qualquer divis\u00e3o, este cabide simboliza a chegada da primavera, evocando a beleza e o folclore de Espanha.<\/p>\n","protected":false},"featured_media":11229,"template":"","meta":{"_acf_changed":false},"product_brand":[],"product_cat":[792],"product_tag":[516,515],"class_list":{"0":"post-31046","1":"product","2":"type-product","3":"status-publish","4":"has-post-thumbnail","6":"product_cat-cabides","7":"product_tag-animais","8":"product_tag-ceramica","9":"pa_motivo-andorinhas","11":"first","12":"instock","13":"shipping-taxable","14":"product-type-simple"},"acf":[],"_links":{"self":[{"href":"https:\/\/olemosaic.com\/pt-pt\/wp-json\/wp\/v2\/product\/31046","targetHints":{"allow":["GET"]}}],"collection":[{"href":"https:\/\/olemosaic.com\/pt-pt\/wp-json\/wp\/v2\/product"}],"about":[{"href":"https:\/\/olemosaic.com\/pt-pt\/wp-json\/wp\/v2\/types\/product"}],"wp:featuredmedia":[{"embeddable":true,"href":"https:\/\/olemosaic.com\/pt-pt\/wp-json\/wp\/v2\/media\/11229"}],"wp:attachment":[{"href":"https:\/\/olemosaic.com\/pt-pt\/wp-json\/wp\/v2\/media?parent=31046"}],"wp:term":[{"taxonomy":"product_brand","embeddable":true,"href":"https:\/\/olemosaic.com\/pt-pt\/wp-json\/wp\/v2\/product_brand?post=31046"},{"taxonomy":"product_cat","embeddable":true,"href":"https:\/\/olemosaic.com\/pt-pt\/wp-json\/wp\/v2\/product_cat?post=31046"},{"taxonomy":"product_tag","embeddable":true,"href":"https:\/\/olemosaic.com\/pt-pt\/wp-json\/wp\/v2\/product_tag?post=31046"}],"curies":[{"name":"wp","href":"https:\/\/api.w.org\/{rel}","templated":true}]}}