{"id":31042,"date":"2025-02-20T23:31:20","date_gmt":"2025-02-20T22:31:20","guid":{"rendered":"http:\/\/olemosaic.com\/producto\/colgador-de-ceramica-golondrina-lisboa-mosaico-2\/"},"modified":"2025-07-25T19:15:16","modified_gmt":"2025-07-25T17:15:16","slug":"cabide-de-ceramica-andorinha-lisboa-mosaico-2","status":"publish","type":"product","link":"https:\/\/olemosaic.com\/pt-pt\/produto\/cabide-de-ceramica-andorinha-lisboa-mosaico-2\/","title":{"rendered":"Cabide de cer\u00e2mica. Andorinha. Lisboa. Mosaico. Portugal."},"content":{"rendered":"<p>Este cabide de cer\u00e2mica em forma de andorinha \u00e9 uma aut\u00eantica homenagem ao vibrante mosaico de Lisboa, emblema da rica tradi\u00e7\u00e3o cultural portuguesa. Decorado meticulosamente com um intrincado padr\u00e3o de azulejos que combina tons azuis, vermelhos e amarelos, este acess\u00f3rio evoca a ess\u00eancia da cidade, famosa pelos seus coloridos azulejos que adornam paredes e fachadas. A andorinha, s\u00edmbolo de boas not\u00edcias e da chegada da primavera, apresenta uma forma estilizada e fluida, destacando a sua beleza com detalhes pintados \u00e0 m\u00e3o que d\u00e3o vida a cada um dos motivos.<\/p>\n<p>Este cabide n\u00e3o \u00e9 apenas uma pe\u00e7a decorativa, mas tamb\u00e9m uma excelente recorda\u00e7\u00e3o que encapsula o esp\u00edrito de Lisboa e a sua cultura. O seu design vibrante e a sua autenticidade tornam-no um souvenir perfeito para qualquer turista que deseje levar um peda\u00e7o da arte e da hist\u00f3ria portuguesas. Na Ol\u00e9 Mosaic, somos distribuidores de souvenirs por grosso, e este cabide de cer\u00e2mica de andorinha \u00e9 uma op\u00e7\u00e3o ideal para lojas de presentes tur\u00edsticos que procuram artigos \u00fanicos e relevantes. Adicione um toque de arte e cor a qualquer espa\u00e7o da casa com esta encantadora recorda\u00e7\u00e3o de Lisboa.<\/p>\n","protected":false},"excerpt":{"rendered":"<p>Cabide de cer\u00e2mica em forma de andorinha, inspirado nos vibrantes mosaicos de Lisboa. Este elegante acess\u00f3rio \u00e9 decorado com um intrincado design de azulejos em tons azuis, vermelhos e amarelos, que evoca a rica tradi\u00e7\u00e3o cultural portuguesa. A andorinha, s\u00edmbolo das boas not\u00edcias e da chegada da primavera, apresenta detalhes pintados \u00e0 m\u00e3o que real\u00e7am a sua beleza. Ideal para real\u00e7ar qualquer espa\u00e7o da sua casa com um toque de arte e cor.<\/p>\n","protected":false},"featured_media":11222,"template":"","meta":{"_acf_changed":false},"product_brand":[],"product_cat":[792],"product_tag":[516,515],"class_list":{"0":"post-31042","1":"product","2":"type-product","3":"status-publish","4":"has-post-thumbnail","6":"product_cat-cabides","7":"product_tag-animais","8":"product_tag-ceramica","9":"pa_ciudad-lisboa","10":"pa_motivo-andorinhas","11":"pa_pais-portugal","13":"first","14":"instock","15":"shipping-taxable","16":"product-type-simple"},"acf":[],"_links":{"self":[{"href":"https:\/\/olemosaic.com\/pt-pt\/wp-json\/wp\/v2\/product\/31042","targetHints":{"allow":["GET"]}}],"collection":[{"href":"https:\/\/olemosaic.com\/pt-pt\/wp-json\/wp\/v2\/product"}],"about":[{"href":"https:\/\/olemosaic.com\/pt-pt\/wp-json\/wp\/v2\/types\/product"}],"wp:featuredmedia":[{"embeddable":true,"href":"https:\/\/olemosaic.com\/pt-pt\/wp-json\/wp\/v2\/media\/11222"}],"wp:attachment":[{"href":"https:\/\/olemosaic.com\/pt-pt\/wp-json\/wp\/v2\/media?parent=31042"}],"wp:term":[{"taxonomy":"product_brand","embeddable":true,"href":"https:\/\/olemosaic.com\/pt-pt\/wp-json\/wp\/v2\/product_brand?post=31042"},{"taxonomy":"product_cat","embeddable":true,"href":"https:\/\/olemosaic.com\/pt-pt\/wp-json\/wp\/v2\/product_cat?post=31042"},{"taxonomy":"product_tag","embeddable":true,"href":"https:\/\/olemosaic.com\/pt-pt\/wp-json\/wp\/v2\/product_tag?post=31042"}],"curies":[{"name":"wp","href":"https:\/\/api.w.org\/{rel}","templated":true}]}}