{"id":31010,"date":"2025-02-20T23:31:19","date_gmt":"2025-02-20T22:31:19","guid":{"rendered":"http:\/\/olemosaic.com\/producto\/colgador-de-ceramica-golondrina-mosaico-2\/"},"modified":"2025-07-25T18:49:03","modified_gmt":"2025-07-25T16:49:03","slug":"pendurador-de-ceramica-andorinha-mosaico-2","status":"publish","type":"product","link":"https:\/\/olemosaic.com\/pt-pt\/produto\/pendurador-de-ceramica-andorinha-mosaico-2\/","title":{"rendered":"Pendurador de cer\u00e2mica. Andorinha. Mosaico. Mediterr\u00e2neo."},"content":{"rendered":"<p>Este pendurador de cer\u00e2mica com forma de andorinha \u00e9 um atraente souvenir que captura a ess\u00eancia da tradi\u00e7\u00e3o mediterr\u00e2nea. Elaborado com cer\u00e2mica de alta qualidade e pintado \u00e0 m\u00e3o, \u00e9 uma obra de arte \u00fanica que apresenta um vibrante mosaico colorido em tons azuis, vermelhos e amarelos. Cada detalhe da decora\u00e7\u00e3o reflete o artesanato t\u00edpico espanhol, evocando a rica heran\u00e7a cultural da regi\u00e3o.<\/p>\n<p>A andorinha, s\u00edmbolo de boa sorte e chegada da primavera, n\u00e3o s\u00f3 adiciona um toque de eleg\u00e2ncia a qualquer espa\u00e7o, como tamb\u00e9m est\u00e1 carregada de significado. Este pendurador \u00e9 ideal para quem procura incorporar um elemento cultural na sua decora\u00e7\u00e3o, seja em casa ou no trabalho.<\/p>\n<p>Na Ol\u00e9 Mosaic, especializamo-nos na distribui\u00e7\u00e3o de souvenirs por grosso, e este pendurador de andorinha \u00e9 uma escolha excelente para lojas de presentes tur\u00edsticos que desejem oferecer produtos aut\u00eanticos e representativos da cultura espanhola. Considerado um souvenir de cer\u00e2mica imprescind\u00edvel, a sua autenticidade e design artesanal tornam-no um artigo de destaque para quem procura recordar as suas experi\u00eancias em Espanha.<\/p>\n","protected":false},"excerpt":{"rendered":"<p>Pendurador de cer\u00e2mica com forma de andorinha, inspirado na tradi\u00e7\u00e3o mediterr\u00e2nea. Este atraente design apresenta um mosaico colorido, com motivos em tons azuis, vermelhos e amarelos, que evocam o artesanato t\u00edpico espanhol. Pintado com estilo artesanal, cada pe\u00e7a \u00e9 \u00fanica, destacando a eleg\u00e2ncia e o simbolismo da andorinha como portadora de boa sorte. Ideal para decorar e adicionar um toque cultural a qualquer espa\u00e7o.<\/p>\n","protected":false},"featured_media":11221,"template":"","meta":{"_acf_changed":false},"product_brand":[],"product_cat":[792],"product_tag":[516,515],"class_list":{"0":"post-31010","1":"product","2":"type-product","3":"status-publish","4":"has-post-thumbnail","6":"product_cat-cabides","7":"product_tag-animais","8":"product_tag-ceramica","9":"pa_motivo-andorinhas","11":"first","12":"instock","13":"shipping-taxable","14":"product-type-simple"},"acf":[],"_links":{"self":[{"href":"https:\/\/olemosaic.com\/pt-pt\/wp-json\/wp\/v2\/product\/31010","targetHints":{"allow":["GET"]}}],"collection":[{"href":"https:\/\/olemosaic.com\/pt-pt\/wp-json\/wp\/v2\/product"}],"about":[{"href":"https:\/\/olemosaic.com\/pt-pt\/wp-json\/wp\/v2\/types\/product"}],"wp:featuredmedia":[{"embeddable":true,"href":"https:\/\/olemosaic.com\/pt-pt\/wp-json\/wp\/v2\/media\/11221"}],"wp:attachment":[{"href":"https:\/\/olemosaic.com\/pt-pt\/wp-json\/wp\/v2\/media?parent=31010"}],"wp:term":[{"taxonomy":"product_brand","embeddable":true,"href":"https:\/\/olemosaic.com\/pt-pt\/wp-json\/wp\/v2\/product_brand?post=31010"},{"taxonomy":"product_cat","embeddable":true,"href":"https:\/\/olemosaic.com\/pt-pt\/wp-json\/wp\/v2\/product_cat?post=31010"},{"taxonomy":"product_tag","embeddable":true,"href":"https:\/\/olemosaic.com\/pt-pt\/wp-json\/wp\/v2\/product_tag?post=31010"}],"curies":[{"name":"wp","href":"https:\/\/api.w.org\/{rel}","templated":true}]}}