{"id":31008,"date":"2025-02-20T23:31:19","date_gmt":"2025-02-20T22:31:19","guid":{"rendered":"http:\/\/olemosaic.com\/producto\/cerdito-figura-de-resina-de-13-cm-pintada-a-mano\/"},"modified":"2025-07-25T19:18:33","modified_gmt":"2025-07-25T17:18:33","slug":"porquinho-figura-de-resina-de-13-cm-pintada-a-mao","status":"publish","type":"product","link":"https:\/\/olemosaic.com\/pt-pt\/produto\/porquinho-figura-de-resina-de-13-cm-pintada-a-mao\/","title":{"rendered":"Porquinho. Figura de mosaico de 13 cm. Mosaico geom\u00e9trico"},"content":{"rendered":"<p>Este porquinho pintado \u00e0 m\u00e3o \u00e9 uma encantadora recorda\u00e7\u00e3o que captura a ess\u00eancia do folclore espanhol com o seu design vibrante e colorido. Fabricado em resina, esta figura de 13 cm de altura destaca-se pelo seu estilo art\u00edstico, onde formas geom\u00e9tricas se entrela\u00e7am numa rica paleta que abrange tonalidades de azul, vermelho, verde e amarelo. Cada detalhe foi cuidadosamente pintado \u00e0 m\u00e3o, o que confere a este porquinho um car\u00e1ter \u00fanico e exclusivo, perfeito para colecionadores e amantes da arte.<\/p>\n<p>O porquinho, um s\u00edmbolo de prosperidade e alegria em diversas culturas, apresenta-se aqui como uma recorda\u00e7\u00e3o cultural que atrai a aten\u00e7\u00e3o em qualquer espa\u00e7o, seja no lar ou como parte de uma decora\u00e7\u00e3o festiva. O seu design alegre e o seu significado cultural fazem deste produto um excelente presente para quem deseja levar um peda\u00e7o de Espanha. Esta figura n\u00e3o s\u00f3 representa uma recorda\u00e7\u00e3o t\u00edpica, como tamb\u00e9m celebra a rica heran\u00e7a art\u00edstica espanhola, tornando-se uma pe\u00e7a de conversa\u00e7\u00e3o.<\/p>\n<p>Na Ol\u00e9 Mosaic, somos especialistas na distribui\u00e7\u00e3o de recorda\u00e7\u00f5es por grosso, e este porquinho pintado \u00e0 m\u00e3o \u00e9 uma op\u00e7\u00e3o ideal para lojas de presentes tur\u00edsticos que procuram produtos aut\u00eanticos e de qualidade. Ao escolher este porquinho como parte da vossa oferta, estar\u00e3o a oferecer aos vossos clientes uma recorda\u00e7\u00e3o que representa a alegria e o calor da cultura espanhola, fazendo de cada compra uma experi\u00eancia memor\u00e1vel.<\/p>\n","protected":false},"excerpt":{"rendered":"<p>Figura de porquinho fabricada em resina, de 13 cm e design artesanal, pintado \u00e0 m\u00e3o, com um design vibrante e colorido. Este simp\u00e1tico porquinho, com um estilo art\u00edstico que incorpora formas geom\u00e9tricas em tons azuis, vermelhos, verdes e amarelos, evoca o folclore espanhol. Atrair\u00e1 todos os olhares em qualquer canto e tornar-se-\u00e1 um souvenir original que representa a alegria e a cultura de Espanha.<\/p>\n","protected":false},"featured_media":8762,"template":"","meta":{"_acf_changed":false},"product_brand":[],"product_cat":[552],"product_tag":[516],"class_list":{"0":"post-31008","1":"product","2":"type-product","3":"status-publish","4":"has-post-thumbnail","6":"product_cat-numeros","7":"product_tag-animais","8":"pa_motivo-porquinhos","10":"first","11":"instock","12":"shipping-taxable","13":"product-type-simple"},"acf":[],"_links":{"self":[{"href":"https:\/\/olemosaic.com\/pt-pt\/wp-json\/wp\/v2\/product\/31008","targetHints":{"allow":["GET"]}}],"collection":[{"href":"https:\/\/olemosaic.com\/pt-pt\/wp-json\/wp\/v2\/product"}],"about":[{"href":"https:\/\/olemosaic.com\/pt-pt\/wp-json\/wp\/v2\/types\/product"}],"wp:featuredmedia":[{"embeddable":true,"href":"https:\/\/olemosaic.com\/pt-pt\/wp-json\/wp\/v2\/media\/8762"}],"wp:attachment":[{"href":"https:\/\/olemosaic.com\/pt-pt\/wp-json\/wp\/v2\/media?parent=31008"}],"wp:term":[{"taxonomy":"product_brand","embeddable":true,"href":"https:\/\/olemosaic.com\/pt-pt\/wp-json\/wp\/v2\/product_brand?post=31008"},{"taxonomy":"product_cat","embeddable":true,"href":"https:\/\/olemosaic.com\/pt-pt\/wp-json\/wp\/v2\/product_cat?post=31008"},{"taxonomy":"product_tag","embeddable":true,"href":"https:\/\/olemosaic.com\/pt-pt\/wp-json\/wp\/v2\/product_tag?post=31008"}],"curies":[{"name":"wp","href":"https:\/\/api.w.org\/{rel}","templated":true}]}}