{"id":31007,"date":"2025-02-20T23:31:19","date_gmt":"2025-02-20T22:31:19","guid":{"rendered":"http:\/\/olemosaic.com\/producto\/cenicero-de-ceramica-de-8-cm-salamandra-y-flores-mallorca-blanco\/"},"modified":"2025-07-25T18:49:41","modified_gmt":"2025-07-25T16:49:41","slug":"cinzeiro-de-ceramica-de-8-cm-salamandra-e-flores-maiorca-branco","status":"publish","type":"product","link":"https:\/\/olemosaic.com\/pt-pt\/produto\/cinzeiro-de-ceramica-de-8-cm-salamandra-e-flores-maiorca-branco\/","title":{"rendered":"Cinzeiro de cer\u00e2mica de 8 cm. Salamandra e flores. Maiorca. Branco"},"content":{"rendered":"<p>Este cinzeiro de cer\u00e2mica, com 8 cm de di\u00e2metro, \u00e9 uma encantadora recorda\u00e7\u00e3o de Maiorca que captura a ess\u00eancia vibrante da flora balear. De forma redonda e com um acabamento branco brilhante, serve de bela tela para a sua decora\u00e7\u00e3o. No seu interior, destacam-se uma colorida salamandra e uma variedade de flores, todas com efeito pintado \u00e0 m\u00e3o com uma paleta de cores vivas que inclui vermelho, amarelo, azul e verde, evocando a arte tradicional do mosaico da regi\u00e3o. Cada detalhe, desde a express\u00e3o brincalhona da salamandra at\u00e9 \u00e0 delicadeza das flores, reflete uma profunda liga\u00e7\u00e3o com a rica biodiversidade maiorquina.<\/p>\n<p>Este cinzeiro n\u00e3o \u00e9 apenas um objeto funcional, mas tamb\u00e9m uma obra de arte que adiciona um toque art\u00edstico a qualquer espa\u00e7o. A salamandra, s\u00edmbolo da beleza natural e da energia de Maiorca, juntamente com as flores t\u00edpicas da ilha, fazem desta recorda\u00e7\u00e3o uma excelente op\u00e7\u00e3o para quem procura levar uma lembran\u00e7a aut\u00eantica e distintiva. Na Ol\u00e9 Mosaic, orgulhamo-nos de oferecer produtos que refletem a cultura local, e este cinzeiro \u00e9 um exemplo perfeito de como a tradi\u00e7\u00e3o e a arte se entrela\u00e7am num objeto quotidiano. Ideal para lojas de presentes tur\u00edsticos, este souvenir de cer\u00e2mica n\u00e3o s\u00f3 encantar\u00e1 os visitantes de Maiorca, como tamb\u00e9m lhes recordar\u00e1 sempre a magia da sua viagem.<\/p>\n","protected":false},"excerpt":{"rendered":"<p>Cinzeiro de cer\u00e2mica de 8 cm decorado com uma colorida salamandra e flores, inspirado na beleza natural de Maiorca. Este atraente cinzeiro, de forma redonda e acabamento em branco brilhante, apresenta um design vibrante com detalhes pintados \u00e0 m\u00e3o em vermelho, amarelo, azul e verde, evocando a arte do mosaico tradicional. Ideal para adicionar um toque art\u00edstico a qualquer espa\u00e7o, esta recorda\u00e7\u00e3o reflete a ess\u00eancia da flora balear.<\/p>\n","protected":false},"featured_media":8876,"template":"","meta":{"_acf_changed":false},"product_brand":[],"product_cat":[564],"product_tag":[516,515],"class_list":{"0":"post-31007","1":"product","2":"type-product","3":"status-publish","4":"has-post-thumbnail","6":"product_cat-cinzeiros","7":"product_tag-animais","8":"product_tag-ceramica","9":"pa_ciudad-mallorca","10":"pa_motivo-salamandras","11":"pa_pais-espana","13":"first","14":"instock","15":"shipping-taxable","16":"product-type-simple"},"acf":[],"_links":{"self":[{"href":"https:\/\/olemosaic.com\/pt-pt\/wp-json\/wp\/v2\/product\/31007","targetHints":{"allow":["GET"]}}],"collection":[{"href":"https:\/\/olemosaic.com\/pt-pt\/wp-json\/wp\/v2\/product"}],"about":[{"href":"https:\/\/olemosaic.com\/pt-pt\/wp-json\/wp\/v2\/types\/product"}],"wp:featuredmedia":[{"embeddable":true,"href":"https:\/\/olemosaic.com\/pt-pt\/wp-json\/wp\/v2\/media\/8876"}],"wp:attachment":[{"href":"https:\/\/olemosaic.com\/pt-pt\/wp-json\/wp\/v2\/media?parent=31007"}],"wp:term":[{"taxonomy":"product_brand","embeddable":true,"href":"https:\/\/olemosaic.com\/pt-pt\/wp-json\/wp\/v2\/product_brand?post=31007"},{"taxonomy":"product_cat","embeddable":true,"href":"https:\/\/olemosaic.com\/pt-pt\/wp-json\/wp\/v2\/product_cat?post=31007"},{"taxonomy":"product_tag","embeddable":true,"href":"https:\/\/olemosaic.com\/pt-pt\/wp-json\/wp\/v2\/product_tag?post=31007"}],"curies":[{"name":"wp","href":"https:\/\/api.w.org\/{rel}","templated":true}]}}