{"id":30992,"date":"2025-02-20T23:31:18","date_gmt":"2025-02-20T22:31:18","guid":{"rendered":"http:\/\/olemosaic.com\/producto\/cenicero-de-ceramica-de-9-cm-mosaico-blanco\/"},"modified":"2025-07-25T18:38:46","modified_gmt":"2025-07-25T16:38:46","slug":"cinzeiro-de-ceramica-de-9-cm-mosaico-branco","status":"publish","type":"product","link":"https:\/\/olemosaic.com\/pt-pt\/produto\/cinzeiro-de-ceramica-de-9-cm-mosaico-branco\/","title":{"rendered":"Cinzeiro de cer\u00e2mica de 9 cm. Mosaico. Branco"},"content":{"rendered":"<p>Este cinzeiro de cer\u00e2mica, com 9 cm de di\u00e2metro, \u00e9 uma pe\u00e7a decorativa que evoca o folclore espanhol atrav\u00e9s do seu impressionante design de mosaicos. Com um acabamento brilhante que real\u00e7a os seus desenhos intrincados, este elegante cinzeiro circular apresenta uma cativante paleta de cores, com vermelhos, laranjas, azuis e amarelos. Cada mosaico \u00e9 meticulosamente desenhado, recordando a arte tradicional espanhola que adorna ruas e pra\u00e7as de diversas regi\u00f5es, tornando-se um s\u00edmbolo do patrim\u00f3nio cultural do pa\u00eds.<\/p>\n<p>A versatilidade deste cinzeiro torna-o ideal para decorar qualquer espa\u00e7o, desde salas a terra\u00e7os, conferindo um toque art\u00edstico e funcional. O seu design n\u00e3o s\u00f3 \u00e9 atraente, como tamb\u00e9m reflete a rica hist\u00f3ria da cer\u00e2mica em Espanha, ligando quem o utiliza a uma tradi\u00e7\u00e3o centen\u00e1ria. Este cinzeiro \u00e9 um presente perfeito para quem procura recorda\u00e7\u00f5es aut\u00eanticas, oferecendo n\u00e3o s\u00f3 uma excelente op\u00e7\u00e3o decorativa, mas tamb\u00e9m uma lembran\u00e7a representativa da cultura espanhola. Na Ol\u00e9 Mosaic, distribuidores de cer\u00e2mica e recorda\u00e7\u00f5es, oferecemos este cinzeiro como uma pe\u00e7a \u00fanica que se destaca entre as recorda\u00e7\u00f5es tradicionais de Espanha, garantindo \u00e0s lojas de presentes tur\u00edsticos produtos de qualidade e relev\u00e2ncia cultural.<\/p>\n","protected":false},"excerpt":{"rendered":"<p>Cinzeiro de cer\u00e2mica de 9 cm, decorado com mosaicos vibrantes numa variedade de cores que evocam a arte tradicional espanhola. Este elegante cinzeiro apresenta um design circular com um acabamento brilhante que real\u00e7a os padr\u00f5es intrincados em tons de vermelho, laranja, azul e amarelo, refletindo a riqueza do folclore e da cultura. Ideal para adicionar um toque art\u00edstico e funcional a qualquer espa\u00e7o.<\/p>\n","protected":false},"featured_media":9027,"template":"","meta":{"_acf_changed":false},"product_brand":[],"product_cat":[564],"product_tag":[515],"class_list":{"0":"post-30992","1":"product","2":"type-product","3":"status-publish","4":"has-post-thumbnail","6":"product_cat-cinzeiros","7":"product_tag-ceramica","8":"pa_motivo-mosaico","10":"first","11":"instock","12":"shipping-taxable","13":"product-type-simple"},"acf":[],"_links":{"self":[{"href":"https:\/\/olemosaic.com\/pt-pt\/wp-json\/wp\/v2\/product\/30992","targetHints":{"allow":["GET"]}}],"collection":[{"href":"https:\/\/olemosaic.com\/pt-pt\/wp-json\/wp\/v2\/product"}],"about":[{"href":"https:\/\/olemosaic.com\/pt-pt\/wp-json\/wp\/v2\/types\/product"}],"wp:featuredmedia":[{"embeddable":true,"href":"https:\/\/olemosaic.com\/pt-pt\/wp-json\/wp\/v2\/media\/9027"}],"wp:attachment":[{"href":"https:\/\/olemosaic.com\/pt-pt\/wp-json\/wp\/v2\/media?parent=30992"}],"wp:term":[{"taxonomy":"product_brand","embeddable":true,"href":"https:\/\/olemosaic.com\/pt-pt\/wp-json\/wp\/v2\/product_brand?post=30992"},{"taxonomy":"product_cat","embeddable":true,"href":"https:\/\/olemosaic.com\/pt-pt\/wp-json\/wp\/v2\/product_cat?post=30992"},{"taxonomy":"product_tag","embeddable":true,"href":"https:\/\/olemosaic.com\/pt-pt\/wp-json\/wp\/v2\/product_tag?post=30992"}],"curies":[{"name":"wp","href":"https:\/\/api.w.org\/{rel}","templated":true}]}}