{"id":30986,"date":"2025-02-20T23:31:18","date_gmt":"2025-02-20T22:31:18","guid":{"rendered":"http:\/\/olemosaic.com\/producto\/cenicero-de-ceramica-de-9-cm-punt-de-trobada-barcelona-blanco\/"},"modified":"2025-07-25T19:11:31","modified_gmt":"2025-07-25T17:11:31","slug":"cinzeiro-de-ceramica-de-9-cm-punt-de-trobada-barcelona-branco","status":"publish","type":"product","link":"https:\/\/olemosaic.com\/pt-pt\/produto\/cinzeiro-de-ceramica-de-9-cm-punt-de-trobada-barcelona-branco\/","title":{"rendered":"Cinzeiro de cer\u00e2mica de 9 cm. Punt de trobada. Barcelona. Branco"},"content":{"rendered":"<p>Este cinzeiro de cer\u00e2mica de 9 cm \u00e9 uma express\u00e3o vibrante da arte e da cultura barcelonesas, inspirado no emblem\u00e1tico &#8220;Punt de trobada&#8221;. Com um design que recorda o trencad\u00eds, uma t\u00e9cnica caracter\u00edstica do modernismo catal\u00e3o, o cinzeiro destaca-se pelo seu fundo branco salpicado de uma variedade de cores vivas, como o vermelho, o verde e o azul, que se intercalam com motivos abstratos. A superf\u00edcie mostra uma alegre composi\u00e7\u00e3o de formas geom\u00e9tricas e linhas org\u00e2nicas que evocam o esp\u00edrito criativo da cidade.<\/p>\n<p>Com a palavra &#8220;Barcelona&#8221; requintadamente pintada na base, este cinzeiro n\u00e3o s\u00f3 cumpre uma fun\u00e7\u00e3o pr\u00e1tica, como se torna uma bela recorda\u00e7\u00e3o que capta a ess\u00eancia \u00fanica da vida urbana catal\u00e3. \u00c9 uma excelente op\u00e7\u00e3o para turistas que procuram um souvenir aut\u00eantico e representativo, bem como para lojas de presentes tur\u00edsticos que desejam oferecer artigos de qualidade relacionados com a arte e a cultura local.<\/p>\n<p>Na Ol\u00e9 Mosaic, a nossa especialidade \u00e9 a distribui\u00e7\u00e3o de souvenirs por grosso, e este cinzeiro \u00e9 uma adi\u00e7\u00e3o perfeita para qualquer loja que deseje atrair os amantes da cultura espanhola. Com o seu car\u00e1ter distintivo, este cinzeiro de Barcelona \u00e9 mais do que um objeto decorativo; \u00e9 um s\u00edmbolo da rica heran\u00e7a art\u00edstica da cidade, ideal para quem deseja levar um peda\u00e7o de Barcelona consigo.<\/p>\n","protected":false},"excerpt":{"rendered":"<p>Cinzeiro de cer\u00e2mica de 9 cm com um design inspirado no famoso &#8220;Punt de trobada&#8221; de Barcelona. Este elegante cinzeiro, decorado em tons brancos e uma vibrante gama de cores como vermelho, verde e azul, apresenta chamativos motivos abstratos sobre um fundo que evoca o trencad\u00eds, t\u00e9cnica caracter\u00edstica do modernismo catal\u00e3o. Na base, destaca-se a palavra &#8220;Barcelona&#8221;, o que o torna um souvenir encantador e representativo da cidade.<\/p>\n","protected":false},"featured_media":9141,"template":"","meta":{"_acf_changed":false},"product_brand":[],"product_cat":[564],"product_tag":[515],"class_list":{"0":"post-30986","1":"product","2":"type-product","3":"status-publish","4":"has-post-thumbnail","6":"product_cat-cinzeiros","7":"product_tag-ceramica","8":"pa_ciudad-barcelona","9":"pa_motivo-punt-de-trobada","10":"pa_pais-espana","12":"first","13":"instock","14":"shipping-taxable","15":"product-type-simple"},"acf":[],"_links":{"self":[{"href":"https:\/\/olemosaic.com\/pt-pt\/wp-json\/wp\/v2\/product\/30986","targetHints":{"allow":["GET"]}}],"collection":[{"href":"https:\/\/olemosaic.com\/pt-pt\/wp-json\/wp\/v2\/product"}],"about":[{"href":"https:\/\/olemosaic.com\/pt-pt\/wp-json\/wp\/v2\/types\/product"}],"wp:featuredmedia":[{"embeddable":true,"href":"https:\/\/olemosaic.com\/pt-pt\/wp-json\/wp\/v2\/media\/9141"}],"wp:attachment":[{"href":"https:\/\/olemosaic.com\/pt-pt\/wp-json\/wp\/v2\/media?parent=30986"}],"wp:term":[{"taxonomy":"product_brand","embeddable":true,"href":"https:\/\/olemosaic.com\/pt-pt\/wp-json\/wp\/v2\/product_brand?post=30986"},{"taxonomy":"product_cat","embeddable":true,"href":"https:\/\/olemosaic.com\/pt-pt\/wp-json\/wp\/v2\/product_cat?post=30986"},{"taxonomy":"product_tag","embeddable":true,"href":"https:\/\/olemosaic.com\/pt-pt\/wp-json\/wp\/v2\/product_tag?post=30986"}],"curies":[{"name":"wp","href":"https:\/\/api.w.org\/{rel}","templated":true}]}}