{"id":30985,"date":"2025-02-20T23:31:18","date_gmt":"2025-02-20T22:31:18","guid":{"rendered":"http:\/\/olemosaic.com\/producto\/cenicero-de-ceramica-de-9-cm-salamandra-mallorca-beige\/"},"modified":"2025-07-25T20:32:23","modified_gmt":"2025-07-25T18:32:23","slug":"cinzeiro-de-ceramica-de-9-cm-salamandra-maiorca-bege","status":"publish","type":"product","link":"https:\/\/olemosaic.com\/pt-pt\/produto\/cinzeiro-de-ceramica-de-9-cm-salamandra-maiorca-bege\/","title":{"rendered":"Cinzeiro de cer\u00e2mica de 9 cm. Salamandra. Maiorca. Bege"},"content":{"rendered":"<p>Este cinzeiro de cer\u00e2mica, de 9 cm, \u00e9 um encantador souvenir de Maiorca que combina funcionalidade e apelo visual. O seu design apresenta um acabamento num suave tom bege, complementado por uma tampa superior de cor laranja brilhante que confere um toque vibrante e alegre. Decorado com vistosas salamandras em mosaico e detalhes florais, cada elemento \u00e9 pintado \u00e0 m\u00e3o, o que garante que cada pe\u00e7a seja \u00fanica e especial. As salamandras, emblem\u00e1ticas da fauna balear, simbolizam a liga\u00e7\u00e3o entre a natureza e a cultura maiorquina, o que torna este cinzeiro uma recorda\u00e7\u00e3o representativa da riqueza da ilha.<\/p>\n<p>As ilustra\u00e7\u00f5es coloridas que adornam o cinzeiro n\u00e3o s\u00f3 embelezam o artigo, como tamb\u00e9m refletem a ess\u00eancia do estilo de vida mediterr\u00e2nico. O nome &#8220;MALLORCA&#8221; est\u00e1 cuidadosamente pintado, tornando este cinzeiro um excelente objeto decorativo que capta a ess\u00eancia da ilha. Na Ol\u00e9 Mosaic, como distribuidores de souvenirs por grosso, oferecemos este cinzeiro de cer\u00e2mica como uma op\u00e7\u00e3o ideal para lojas de presentes tur\u00edsticos. A sua autenticidade e design atrativo tornam-no a recorda\u00e7\u00e3o perfeita para os visitantes que procuram levar um peda\u00e7o de Maiorca para casa, destacando a sua relev\u00e2ncia cultural e estilo \u00fanico.<\/p>\n","protected":false},"excerpt":{"rendered":"<p>Cinzeiro de cer\u00e2mica de 9 cm, decorado com vistosas salamandras e o nome &#8220;MALLORCA&#8221;. Este atrativo cinzeiro, com acabamento em bege e tampa superior laranja brilhante, apresenta salamandras em mosaicos coloridos e flores, que lhe conferem um toque alegre e regional, refletindo a ess\u00eancia de Maiorca. O seu design artesanal, pintado \u00e0 m\u00e3o, torna-o uma pe\u00e7a \u00fanica e encantadora para qualquer ambiente.<\/p>\n","protected":false},"featured_media":7735,"template":"","meta":{"_acf_changed":false},"product_brand":[],"product_cat":[564],"product_tag":[516,515],"class_list":{"0":"post-30985","1":"product","2":"type-product","3":"status-publish","4":"has-post-thumbnail","6":"product_cat-cinzeiros","7":"product_tag-animais","8":"product_tag-ceramica","9":"pa_ciudad-mallorca","10":"pa_motivo-salamandras","11":"pa_pais-espana","13":"first","14":"instock","15":"shipping-taxable","16":"product-type-simple"},"acf":[],"_links":{"self":[{"href":"https:\/\/olemosaic.com\/pt-pt\/wp-json\/wp\/v2\/product\/30985","targetHints":{"allow":["GET"]}}],"collection":[{"href":"https:\/\/olemosaic.com\/pt-pt\/wp-json\/wp\/v2\/product"}],"about":[{"href":"https:\/\/olemosaic.com\/pt-pt\/wp-json\/wp\/v2\/types\/product"}],"wp:featuredmedia":[{"embeddable":true,"href":"https:\/\/olemosaic.com\/pt-pt\/wp-json\/wp\/v2\/media\/7735"}],"wp:attachment":[{"href":"https:\/\/olemosaic.com\/pt-pt\/wp-json\/wp\/v2\/media?parent=30985"}],"wp:term":[{"taxonomy":"product_brand","embeddable":true,"href":"https:\/\/olemosaic.com\/pt-pt\/wp-json\/wp\/v2\/product_brand?post=30985"},{"taxonomy":"product_cat","embeddable":true,"href":"https:\/\/olemosaic.com\/pt-pt\/wp-json\/wp\/v2\/product_cat?post=30985"},{"taxonomy":"product_tag","embeddable":true,"href":"https:\/\/olemosaic.com\/pt-pt\/wp-json\/wp\/v2\/product_tag?post=30985"}],"curies":[{"name":"wp","href":"https:\/\/api.w.org\/{rel}","templated":true}]}}