{"id":30984,"date":"2025-02-20T23:31:18","date_gmt":"2025-02-20T22:31:18","guid":{"rendered":"http:\/\/olemosaic.com\/producto\/cenicero-de-ceramica-de-9-cm-valencia-blanco\/"},"modified":"2025-07-25T19:16:44","modified_gmt":"2025-07-25T17:16:44","slug":"cinzeiro-de-ceramica-de-9-cm-valencia-branco","status":"publish","type":"product","link":"https:\/\/olemosaic.com\/pt-pt\/produto\/cinzeiro-de-ceramica-de-9-cm-valencia-branco\/","title":{"rendered":"Cinzeiro de cer\u00e2mica de 9 cm. Val\u00eancia. Branco"},"content":{"rendered":"<p>Este cinzeiro de cer\u00e2mica de 9 cm \u00e9 uma elegante recorda\u00e7\u00e3o decorativa que capta a ess\u00eancia vibrante de Val\u00eancia. O seu design, sobre um fundo branco brilhante, real\u00e7a as ilustra\u00e7\u00f5es ic\u00f3nicas que representam dois dos s\u00edmbolos arquitet\u00f3nicos mais emblem\u00e1ticos da cidade: a magn\u00edfica C\u00e2mara Municipal e a futurista Cidade das Artes e das Ci\u00eancias. O cinzeiro est\u00e1 adornado com um mosaico colorido que rodeia a base, acrescentando um toque art\u00edstico e contempor\u00e2neo a esta pe\u00e7a funcional.<\/p>\n<p>Na parte superior, o nome &#8220;Valencia&#8221; aparece em letras vibrantes, acompanhado por uma ilustra\u00e7\u00e3o de uma laranja, s\u00edmbolo da regi\u00e3o, que evoca a rica tradi\u00e7\u00e3o agr\u00edcola e a frescura que caracteriza a cidade. Este cinzeiro n\u00e3o \u00e9 apenas um artigo pr\u00e1tico para a casa, mas tamb\u00e9m uma declara\u00e7\u00e3o de estilo que permite aos utilizadores levar um peda\u00e7o da cultura valenciana para os seus espa\u00e7os.<\/p>\n<p>Como distribuidor de recorda\u00e7\u00f5es por grosso, a Ol\u00e9 Mosaic oferece este cinzeiro como uma op\u00e7\u00e3o excecional para lojas de presentes tur\u00edsticos que procuram produtos aut\u00eanticos e representativos. Ideal para turistas que desejam uma recorda\u00e7\u00e3o significativa da sua visita a Val\u00eancia, este cinzeiro \u00e9 uma representa\u00e7\u00e3o perfeita da heran\u00e7a cultural e art\u00edstica da regi\u00e3o, tornando-se um presente apreciado e um elemento de conversa em qualquer casa.<\/p>\n","protected":false},"excerpt":{"rendered":"<p>Cinzeiro de cer\u00e2mica de 9 cm, decorado com motivos representativos de Val\u00eancia. Este elegante cinzeiro branco apresenta um design colorido que inclui ilustra\u00e7\u00f5es da famosa C\u00e2mara Municipal e da futurista Cidade das Artes e das Ci\u00eancias, real\u00e7ando a ess\u00eancia da cidade. Na parte superior, exibe o nome &#8220;Valencia&#8221; em letras vibrantes, juntamente com um desenho de uma laranja, s\u00edmbolo emblem\u00e1tico da regi\u00e3o. Um artigo funcional e decorativo que capta a ess\u00eancia cultural e arquitet\u00f3nica de Val\u00eancia.<\/p>\n","protected":false},"featured_media":9882,"template":"","meta":{"_acf_changed":false},"product_brand":[],"product_cat":[564],"product_tag":[515],"class_list":{"0":"post-30984","1":"product","2":"type-product","3":"status-publish","4":"has-post-thumbnail","6":"product_cat-cinzeiros","7":"product_tag-ceramica","8":"pa_ciudad-valencia","9":"pa_pais-espana","11":"first","12":"instock","13":"shipping-taxable","14":"product-type-simple"},"acf":[],"_links":{"self":[{"href":"https:\/\/olemosaic.com\/pt-pt\/wp-json\/wp\/v2\/product\/30984","targetHints":{"allow":["GET"]}}],"collection":[{"href":"https:\/\/olemosaic.com\/pt-pt\/wp-json\/wp\/v2\/product"}],"about":[{"href":"https:\/\/olemosaic.com\/pt-pt\/wp-json\/wp\/v2\/types\/product"}],"wp:featuredmedia":[{"embeddable":true,"href":"https:\/\/olemosaic.com\/pt-pt\/wp-json\/wp\/v2\/media\/9882"}],"wp:attachment":[{"href":"https:\/\/olemosaic.com\/pt-pt\/wp-json\/wp\/v2\/media?parent=30984"}],"wp:term":[{"taxonomy":"product_brand","embeddable":true,"href":"https:\/\/olemosaic.com\/pt-pt\/wp-json\/wp\/v2\/product_brand?post=30984"},{"taxonomy":"product_cat","embeddable":true,"href":"https:\/\/olemosaic.com\/pt-pt\/wp-json\/wp\/v2\/product_cat?post=30984"},{"taxonomy":"product_tag","embeddable":true,"href":"https:\/\/olemosaic.com\/pt-pt\/wp-json\/wp\/v2\/product_tag?post=30984"}],"curies":[{"name":"wp","href":"https:\/\/api.w.org\/{rel}","templated":true}]}}