{"id":30983,"date":"2025-02-20T22:31:17","date_gmt":"2025-02-20T22:31:17","guid":{"rendered":"http:\/\/olemosaic.com\/producto\/cenicero-de-ceramica-de-8-cm-punt-de-trobada-barcelona-blanco\/"},"modified":"2025-07-25T18:59:53","modified_gmt":"2025-07-25T16:59:53","slug":"cinzeiro-de-ceramica-de-8-cm-punt-de-trobada-barcelona-branco","status":"publish","type":"product","link":"https:\/\/olemosaic.com\/pt-pt\/produto\/cinzeiro-de-ceramica-de-8-cm-punt-de-trobada-barcelona-branco\/","title":{"rendered":"Cinzeiro de cer\u00e2mica de 8 cm. Punt de trobada. Barcelona. Branco"},"content":{"rendered":"<p>Este cinzeiro de cer\u00e2mica de 8 cm, inspirado na obra &#8220;Punt de trobada&#8221; de Barcelona, \u00e9 uma pe\u00e7a que funde funcionalidade e arte, ideal para quem procura uma recorda\u00e7\u00e3o aut\u00eantica da cidade condal. O seu design vibrante apresenta uma base branca adornada com mosaicos vermelhos, azuis, amarelos e verdes, que evocam a rica tradi\u00e7\u00e3o modernista barcelonesa. Estas cores entrela\u00e7am-se num padr\u00e3o gr\u00e1fico animado que reflete a criatividade caracter\u00edstica da obra de Antoni Gaud\u00ed, t\u00e3o presente na arquitetura e na arte da cidade.<\/p>\n<p>O contorno do cinzeiro est\u00e1 elegantemente decorado com a inscri\u00e7\u00e3o &#8220;Barcelona&#8221;, que real\u00e7a a identidade cultural da capital catal\u00e3. Este detalhe torna-o um objeto decorativo, al\u00e9m de um s\u00edmbolo do patrim\u00f3nio art\u00edstico da regi\u00e3o, perfeito para recordar momentos especiais vividos nesta cidade vibrante. O seu tamanho compacto torna-o ideal para qualquer espa\u00e7o, garantindo que possa ser utilizado facilmente e integrando um toque art\u00edstico na decora\u00e7\u00e3o.<\/p>\n<p>Na Ol\u00e9 Mosaic, especializamo-nos na distribui\u00e7\u00e3o grossista de souvenirs aut\u00eanticos, oferecendo \u00e0s lojas de presentes tur\u00edsticos produtos que n\u00e3o s\u00f3 s\u00e3o belos, mas que tamb\u00e9m t\u00eam um contexto cultural significativo. Este cinzeiro de cer\u00e2mica \u00e9 uma excelente op\u00e7\u00e3o para quem procura souvenirs que captem a ess\u00eancia de Barcelona, garantindo qualidade e um design atrativo que convida a desfrutar da heran\u00e7a artesanal espanhola.<\/p>\n","protected":false},"excerpt":{"rendered":"<p>Cinzeiro de cer\u00e2mica de 8 cm inspirado na obra &#8220;Punt de trobada&#8221; de Barcelona. Este elegante cinzeiro branco apresenta um design vibrante com mosaicos vermelhos, azuis, amarelos e verdes, emoldurados por um padr\u00e3o de linhas gr\u00e1ficas. O rebordo inferior exibe a palavra &#8220;Barcelona&#8221;, numa clara alus\u00e3o ao estilo art\u00edstico que define a cidade. Ideal para quem procura uma recorda\u00e7\u00e3o funcional e decorativa que capte a ess\u00eancia modernista barcelonesa.<\/p>\n","protected":false},"featured_media":9155,"template":"","meta":{"_acf_changed":false},"product_brand":[],"product_cat":[564],"product_tag":[515],"class_list":{"0":"post-30983","1":"product","2":"type-product","3":"status-publish","4":"has-post-thumbnail","6":"product_cat-cinzeiros","7":"product_tag-ceramica","8":"pa_ciudad-barcelona","9":"pa_motivo-punt-de-trobada","10":"pa_pais-espana","12":"first","13":"instock","14":"shipping-taxable","15":"product-type-simple"},"acf":[],"_links":{"self":[{"href":"https:\/\/olemosaic.com\/pt-pt\/wp-json\/wp\/v2\/product\/30983","targetHints":{"allow":["GET"]}}],"collection":[{"href":"https:\/\/olemosaic.com\/pt-pt\/wp-json\/wp\/v2\/product"}],"about":[{"href":"https:\/\/olemosaic.com\/pt-pt\/wp-json\/wp\/v2\/types\/product"}],"wp:featuredmedia":[{"embeddable":true,"href":"https:\/\/olemosaic.com\/pt-pt\/wp-json\/wp\/v2\/media\/9155"}],"wp:attachment":[{"href":"https:\/\/olemosaic.com\/pt-pt\/wp-json\/wp\/v2\/media?parent=30983"}],"wp:term":[{"taxonomy":"product_brand","embeddable":true,"href":"https:\/\/olemosaic.com\/pt-pt\/wp-json\/wp\/v2\/product_brand?post=30983"},{"taxonomy":"product_cat","embeddable":true,"href":"https:\/\/olemosaic.com\/pt-pt\/wp-json\/wp\/v2\/product_cat?post=30983"},{"taxonomy":"product_tag","embeddable":true,"href":"https:\/\/olemosaic.com\/pt-pt\/wp-json\/wp\/v2\/product_tag?post=30983"}],"curies":[{"name":"wp","href":"https:\/\/api.w.org\/{rel}","templated":true}]}}