{"id":30982,"date":"2025-02-20T23:31:17","date_gmt":"2025-02-20T22:31:17","guid":{"rendered":"http:\/\/olemosaic.com\/producto\/cenicero-de-ceramica-de-8-cm-madrid-blanco\/"},"modified":"2025-07-25T18:54:53","modified_gmt":"2025-07-25T16:54:53","slug":"cinzeiro-de-ceramica-de-8-cm-madrid-branco","status":"publish","type":"product","link":"https:\/\/olemosaic.com\/pt-pt\/produto\/cinzeiro-de-ceramica-de-8-cm-madrid-branco\/","title":{"rendered":"Cinzeiro de cer\u00e2mica de 8 cm. Madrid. Branco"},"content":{"rendered":"<p>Este cinzeiro de cer\u00e2mica de 8 cm, adornado com uma representa\u00e7\u00e3o vibrante de Madrid, \u00e9 uma pe\u00e7a de cole\u00e7\u00e3o que se destaca pela sua eleg\u00e2ncia e funcionalidade. A sua base branca real\u00e7a um design detalhado pintado \u00e0 m\u00e3o que capta a emblem\u00e1tica Puerta del Sol, uma das pra\u00e7as mais ic\u00f3nicas e representativas da capital espanhola. Neste encantador cinzeiro, o famoso rel\u00f3gio e as figuras que animam a pra\u00e7a s\u00e3o plasmados com um mosaico colorido de tons que evocam a vitalidade da cidade.<\/p>\n<p>No interior, a palavra &#8220;MADRID&#8221; apresenta-se em letras chamativas, refor\u00e7ando a liga\u00e7\u00e3o cultural do objeto com a cidade. Cada tra\u00e7o e cor do design \u00e9 uma homenagem \u00e0 cultura madrilena, ideal para aqueles que desejam levar um pedacinho da ess\u00eancia da metr\u00f3pole espanhola. Este cinzeiro n\u00e3o \u00e9 apenas um acess\u00f3rio pr\u00e1tico, mas tamb\u00e9m um excelente souvenir que capta a atmosfera vibrante de Madrid, tornando-o um presente atrativo para turistas.<\/p>\n<p>Na Ol\u00e9 Mosaic, especializamo-nos na distribui\u00e7\u00e3o de souvenirs por grosso, oferecendo produtos aut\u00eanticos que refletem a rica tradi\u00e7\u00e3o cultural de cada destino, sendo este cinzeiro de cer\u00e2mica um exemplo perfeito disso. Ideal para lojas de presentes tur\u00edsticos que procuram artigos \u00fanicos e representativos, este cinzeiro \u00e9 uma adi\u00e7\u00e3o valiosa a qualquer cole\u00e7\u00e3o de souvenirs de Madrid, garantindo qualidade e design em cada pe\u00e7a.<\/p>\n","protected":false},"excerpt":{"rendered":"<p>Cinzeiro de cer\u00e2mica de 8 cm, adornado com uma representa\u00e7\u00e3o vibrante de Madrid. Este elegante cinzeiro branco apresenta um design artesanal detalhado, pintado \u00e0 m\u00e3o, da emblem\u00e1tica Puerta del Sol, onde se destacam as suas figuras ic\u00f3nicas e o rel\u00f3gio. Com um mosaico colorido de fundo e a palavra \u201cMADRID\u201d em letras chamativas, este objeto artesanal n\u00e3o \u00e9 apenas funcional, mas tamb\u00e9m capta o esp\u00edrito cultural da capital espanhola.<\/p>\n","protected":false},"featured_media":9951,"template":"","meta":{"_acf_changed":false},"product_brand":[],"product_cat":[564],"product_tag":[515],"class_list":{"0":"post-30982","1":"product","2":"type-product","3":"status-publish","4":"has-post-thumbnail","6":"product_cat-cinzeiros","7":"product_tag-ceramica","8":"pa_ciudad-madrid","9":"pa_pais-espana","11":"first","12":"instock","13":"shipping-taxable","14":"product-type-simple"},"acf":[],"_links":{"self":[{"href":"https:\/\/olemosaic.com\/pt-pt\/wp-json\/wp\/v2\/product\/30982","targetHints":{"allow":["GET"]}}],"collection":[{"href":"https:\/\/olemosaic.com\/pt-pt\/wp-json\/wp\/v2\/product"}],"about":[{"href":"https:\/\/olemosaic.com\/pt-pt\/wp-json\/wp\/v2\/types\/product"}],"wp:featuredmedia":[{"embeddable":true,"href":"https:\/\/olemosaic.com\/pt-pt\/wp-json\/wp\/v2\/media\/9951"}],"wp:attachment":[{"href":"https:\/\/olemosaic.com\/pt-pt\/wp-json\/wp\/v2\/media?parent=30982"}],"wp:term":[{"taxonomy":"product_brand","embeddable":true,"href":"https:\/\/olemosaic.com\/pt-pt\/wp-json\/wp\/v2\/product_brand?post=30982"},{"taxonomy":"product_cat","embeddable":true,"href":"https:\/\/olemosaic.com\/pt-pt\/wp-json\/wp\/v2\/product_cat?post=30982"},{"taxonomy":"product_tag","embeddable":true,"href":"https:\/\/olemosaic.com\/pt-pt\/wp-json\/wp\/v2\/product_tag?post=30982"}],"curies":[{"name":"wp","href":"https:\/\/api.w.org\/{rel}","templated":true}]}}