{"id":30950,"date":"2025-02-20T22:31:17","date_gmt":"2025-02-20T22:31:17","guid":{"rendered":"http:\/\/olemosaic.com\/producto\/cenicero-de-ceramica-de-8-cm-barcelona-blanco\/"},"modified":"2025-07-25T19:11:18","modified_gmt":"2025-07-25T17:11:18","slug":"cinzeiro-de-ceramica-de-8-cm-barcelona-branco","status":"publish","type":"product","link":"https:\/\/olemosaic.com\/pt-pt\/produto\/cinzeiro-de-ceramica-de-8-cm-barcelona-branco\/","title":{"rendered":"Cinzeiro de cer\u00e2mica de 8 cm. Barcelona. Branco"},"content":{"rendered":"<p>Este cinzeiro de cer\u00e2mica de 8 cm \u00e9 uma preciosa representa\u00e7\u00e3o do ambiente vibrante de Barcelona, encapsulando o melhor da arquitetura e da arte desta cidade ic\u00f3nica. A sua base branca serve como uma tela perfeita para um design colorido e chamativo, que exibe belas ilustra\u00e7\u00f5es de monumentos emblem\u00e1ticos como a Sagrada Fam\u00edlia e a Casa Batll\u00f3. Cada detalhe foi cuidadosamente desenhado, com mosaicos que celebram o estilo \u00fanico de Antoni Gaud\u00ed, bem como elementos arquitet\u00f3nicos que refletem a diversidade cultural de Barcelona. Na parte superior, o nome &#8220;Barcelona&#8221; destaca-se com uma tipografia audaz que adiciona um toque especial e pessoal ao objeto.<\/p>\n<p>Este cinzeiro n\u00e3o s\u00f3 cumpre uma fun\u00e7\u00e3o pr\u00e1tica, como tamb\u00e9m atua como um atraente elemento decorativo que embelezar\u00e1 qualquer espa\u00e7o, seja em casa, num escrit\u00f3rio ou num bar. A liga\u00e7\u00e3o cultural desta recorda\u00e7\u00e3o reside na sua capacidade de evocar momentos vividos nesta apaixonante metr\u00f3pole, tornando-o uma recorda\u00e7\u00e3o \u00fanica e inesquec\u00edvel.<\/p>\n<p>Na Ol\u00e9 Mosaic, especializamo-nos na distribui\u00e7\u00e3o de souvenirs aut\u00eanticos por grosso, e este cinzeiro de Barcelona \u00e9 uma excelente op\u00e7\u00e3o para lojas de presentes tur\u00edsticos que procuram oferecer produtos significativos e de qualidade. Este objeto atraente \u00e9 ideal para quem deseja levar para casa um peda\u00e7o da cultura espanhola e, como grossistas de souvenirs, garantimos a sua autenticidade e apelo art\u00edstico.<\/p>\n","protected":false},"excerpt":{"rendered":"<p>Cinzeiro de cer\u00e2mica de 8 cm inspirado na vibrante cidade de Barcelona. Este atraente cinzeiro branco apresenta um design colorido com representa\u00e7\u00f5es ic\u00f3nicas como a Sagrada Fam\u00edlia e a Casa Batll\u00f3, incluindo mosaicos detalhados e elementos arquitet\u00f3nicos caracter\u00edsticos. O nome &#8220;Barcelona&#8221; destaca-se na parte superior, adicionando um toque especial. Perfeito para embelezar qualquer espa\u00e7o, combina funcionalidade e arte cultural num \u00fanico objeto.<\/p>\n","protected":false},"featured_media":9504,"template":"","meta":{"_acf_changed":false},"product_brand":[],"product_cat":[564],"product_tag":[515],"class_list":{"0":"post-30950","1":"product","2":"type-product","3":"status-publish","4":"has-post-thumbnail","6":"product_cat-cinzeiros","7":"product_tag-ceramica","8":"pa_ciudad-barcelona","9":"pa_pais-espana","11":"first","12":"instock","13":"shipping-taxable","14":"product-type-simple"},"acf":[],"_links":{"self":[{"href":"https:\/\/olemosaic.com\/pt-pt\/wp-json\/wp\/v2\/product\/30950","targetHints":{"allow":["GET"]}}],"collection":[{"href":"https:\/\/olemosaic.com\/pt-pt\/wp-json\/wp\/v2\/product"}],"about":[{"href":"https:\/\/olemosaic.com\/pt-pt\/wp-json\/wp\/v2\/types\/product"}],"wp:featuredmedia":[{"embeddable":true,"href":"https:\/\/olemosaic.com\/pt-pt\/wp-json\/wp\/v2\/media\/9504"}],"wp:attachment":[{"href":"https:\/\/olemosaic.com\/pt-pt\/wp-json\/wp\/v2\/media?parent=30950"}],"wp:term":[{"taxonomy":"product_brand","embeddable":true,"href":"https:\/\/olemosaic.com\/pt-pt\/wp-json\/wp\/v2\/product_brand?post=30950"},{"taxonomy":"product_cat","embeddable":true,"href":"https:\/\/olemosaic.com\/pt-pt\/wp-json\/wp\/v2\/product_cat?post=30950"},{"taxonomy":"product_tag","embeddable":true,"href":"https:\/\/olemosaic.com\/pt-pt\/wp-json\/wp\/v2\/product_tag?post=30950"}],"curies":[{"name":"wp","href":"https:\/\/api.w.org\/{rel}","templated":true}]}}