{"id":30933,"date":"2025-02-20T22:31:16","date_gmt":"2025-02-20T22:31:16","guid":{"rendered":"http:\/\/olemosaic.com\/producto\/cenicero-de-ceramica-de-8-cm-santiago-blanco\/"},"modified":"2025-07-25T19:10:46","modified_gmt":"2025-07-25T17:10:46","slug":"cinzeiro-de-ceramica-de-8-cm-santiago-branco","status":"publish","type":"product","link":"https:\/\/olemosaic.com\/pt-pt\/produto\/cinzeiro-de-ceramica-de-8-cm-santiago-branco\/","title":{"rendered":"Cinzeiro de cer\u00e2mica de 8 cm. Santiago. Branco"},"content":{"rendered":"<p>Este cinzeiro de cer\u00e2mica de 8 cm \u00e9 uma elegante homenagem \u00e0 emblem\u00e1tica rota do Caminho de Santiago, um tesouro cultural que atrai milhares de peregrinos todos os anos. O seu design vibrante reproduz a ic\u00f3nica fachada da Catedral de Santiago de Compostela, retratada com um estilo contempor\u00e2neo que real\u00e7a o seu esplendor arquitet\u00f3nico. A base branca, com um acabamento artesanal, contrasta harmoniosamente com as cores quentes e os detalhes meticulosamente elaborados que adornam a cena. No interior do cinzeiro, a frase \u201cCAMINO DE SANTIAGO\u201d destaca-se em letras vermelhas chamativas, complementando os motivos pict\u00f3ricos e adicionando um toque distintivo a esta pe\u00e7a.<\/p>\n<p>Este cinzeiro n\u00e3o \u00e9 apenas funcional, mas tamb\u00e9m uma recorda\u00e7\u00e3o cultural significativa, ideal para quem deseja levar para casa uma recorda\u00e7\u00e3o aut\u00eantica da sua passagem por uma das rotas mais reconhecidas de Espanha. O seu design \u00fanico e a sua cuidada artesania tornam-no um presente perfeito para turistas que procuram um peda\u00e7o da hist\u00f3ria de Santiago de Compostela. Na Ol\u00e9 Mosaic, somos distribuidores de recorda\u00e7\u00f5es de cer\u00e2mica e asseguramos que cada produto reflete a riqueza cultural da sua origem. Este cinzeiro \u00e9 uma op\u00e7\u00e3o ideal para lojas de presentes tur\u00edsticos que procuram recorda\u00e7\u00f5es de qualidade que encapsulem a ess\u00eancia do Caminho de Santiago.<\/p>\n","protected":false},"excerpt":{"rendered":"<p>Cinzeiro de cer\u00e2mica de 8 cm inspirado no famoso Caminho de Santiago. Com um design vibrante que reproduz a ic\u00f3nica fachada da Catedral de Santiago de Compostela, este elegante cinzeiro \u00e9 adornado com detalhes coloridos e a frase &#8220;CAMINO DE SANTIAGO&#8221; em letras vermelhas. A sua base branca, com um acabamento artesanal, real\u00e7a os motivos culturais e a aten\u00e7\u00e3o ao detalhe, tornando-o uma recorda\u00e7\u00e3o perfeita desta emblem\u00e1tica rota de peregrina\u00e7\u00e3o.<\/p>\n","protected":false},"featured_media":9928,"template":"","meta":{"_acf_changed":false},"product_brand":[],"product_cat":[564],"product_tag":[515],"class_list":{"0":"post-30933","1":"product","2":"type-product","3":"status-publish","4":"has-post-thumbnail","6":"product_cat-cinzeiros","7":"product_tag-ceramica","8":"pa_ciudad-santiago","9":"pa_pais-espana","11":"first","12":"instock","13":"shipping-taxable","14":"product-type-simple"},"acf":[],"_links":{"self":[{"href":"https:\/\/olemosaic.com\/pt-pt\/wp-json\/wp\/v2\/product\/30933","targetHints":{"allow":["GET"]}}],"collection":[{"href":"https:\/\/olemosaic.com\/pt-pt\/wp-json\/wp\/v2\/product"}],"about":[{"href":"https:\/\/olemosaic.com\/pt-pt\/wp-json\/wp\/v2\/types\/product"}],"wp:featuredmedia":[{"embeddable":true,"href":"https:\/\/olemosaic.com\/pt-pt\/wp-json\/wp\/v2\/media\/9928"}],"wp:attachment":[{"href":"https:\/\/olemosaic.com\/pt-pt\/wp-json\/wp\/v2\/media?parent=30933"}],"wp:term":[{"taxonomy":"product_brand","embeddable":true,"href":"https:\/\/olemosaic.com\/pt-pt\/wp-json\/wp\/v2\/product_brand?post=30933"},{"taxonomy":"product_cat","embeddable":true,"href":"https:\/\/olemosaic.com\/pt-pt\/wp-json\/wp\/v2\/product_cat?post=30933"},{"taxonomy":"product_tag","embeddable":true,"href":"https:\/\/olemosaic.com\/pt-pt\/wp-json\/wp\/v2\/product_tag?post=30933"}],"curies":[{"name":"wp","href":"https:\/\/api.w.org\/{rel}","templated":true}]}}