{"id":30932,"date":"2025-02-20T23:31:16","date_gmt":"2025-02-20T22:31:16","guid":{"rendered":"http:\/\/olemosaic.com\/producto\/cenicero-de-ceramica-de-8-cm-bogavante-blanco\/"},"modified":"2025-07-25T18:33:32","modified_gmt":"2025-07-25T16:33:32","slug":"cinzeiro-de-ceramica-de-8-cm-lavagante-branco","status":"publish","type":"product","link":"https:\/\/olemosaic.com\/pt-pt\/produto\/cinzeiro-de-ceramica-de-8-cm-lavagante-branco\/","title":{"rendered":"Cinzeiro de cer\u00e2mica de 8 cm. Lavagante. Branco"},"content":{"rendered":"<p>Este cinzeiro de cer\u00e2mica de 8 cm \u00e9 uma recorda\u00e7\u00e3o atraente que evoca a rica tradi\u00e7\u00e3o mar\u00edtima da costa espanhola. O seu design circular apresenta um requintado fundo de azulejos em tons azuis, que lembram as \u00e1guas do Mediterr\u00e2neo e a sua cultura vibrante. Os lavagantes vibrantes pintados \u00e0 m\u00e3o em tons de vermelho e verde conferem um toque de cor e dinamismo, tornando esta pe\u00e7a n\u00e3o apenas um objeto funcional, mas uma obra de arte decorativa que captura a ess\u00eancia da vida costeira.<\/p>\n<p>O detalhe nas ilustra\u00e7\u00f5es \u00e9 uma aut\u00eantica celebra\u00e7\u00e3o da gastronomia local, onde o lavagante \u00e9 um s\u00edmbolo da rica oferta marinha. Este cinzeiro inclui quatro ranhuras cuidadosamente desenhadas para segurar cigarros, proporcionando praticidade no seu uso di\u00e1rio, enquanto a sua est\u00e9tica o torna um elemento distintivo para qualquer casa.<\/p>\n<p>Este artigo \u00e9 uma excelente recorda\u00e7\u00e3o das tradi\u00e7\u00f5es culin\u00e1rias e culturais do sul de Espanha, ideal para turistas que procuram levar para casa um peda\u00e7o da sua viagem. Na Ol\u00e9 Mosaic, como especialistas na distribui\u00e7\u00e3o de recorda\u00e7\u00f5es por grosso, garantimos que este cinzeiro de cer\u00e2mica representa o melhor do patrim\u00f3nio local e \u00e9 perfeito para lojas de presentes tur\u00edsticos que desejem oferecer produtos com valor cultural e qualidade artesanal.<\/p>\n","protected":false},"excerpt":{"rendered":"<p>Cinzeiro de cer\u00e2mica de 8 cm decorado com ilustra\u00e7\u00f5es de lavagantes, inspirado na tradi\u00e7\u00e3o mar\u00edtima da costa espanhola. Este elegante cinzeiro apresenta um fundo de azulejos em tons azuis, que real\u00e7am os vibrantes detalhes em vermelho e verde dos lavagantes pintados \u00e0 m\u00e3o. Com um design circular e quatro ranhuras para segurar cigarros, \u00e9 uma pe\u00e7a funcional e decorativa que confere um toque marinho e colorido a qualquer casa.<\/p>\n","protected":false},"featured_media":9466,"template":"","meta":{"_acf_changed":false},"product_brand":[],"product_cat":[564],"product_tag":[516,515],"class_list":{"0":"post-30932","1":"product","2":"type-product","3":"status-publish","4":"has-post-thumbnail","6":"product_cat-cinzeiros","7":"product_tag-animais","8":"product_tag-ceramica","9":"pa_motivo-lavagantes","11":"first","12":"instock","13":"shipping-taxable","14":"product-type-simple"},"acf":[],"_links":{"self":[{"href":"https:\/\/olemosaic.com\/pt-pt\/wp-json\/wp\/v2\/product\/30932","targetHints":{"allow":["GET"]}}],"collection":[{"href":"https:\/\/olemosaic.com\/pt-pt\/wp-json\/wp\/v2\/product"}],"about":[{"href":"https:\/\/olemosaic.com\/pt-pt\/wp-json\/wp\/v2\/types\/product"}],"wp:featuredmedia":[{"embeddable":true,"href":"https:\/\/olemosaic.com\/pt-pt\/wp-json\/wp\/v2\/media\/9466"}],"wp:attachment":[{"href":"https:\/\/olemosaic.com\/pt-pt\/wp-json\/wp\/v2\/media?parent=30932"}],"wp:term":[{"taxonomy":"product_brand","embeddable":true,"href":"https:\/\/olemosaic.com\/pt-pt\/wp-json\/wp\/v2\/product_brand?post=30932"},{"taxonomy":"product_cat","embeddable":true,"href":"https:\/\/olemosaic.com\/pt-pt\/wp-json\/wp\/v2\/product_cat?post=30932"},{"taxonomy":"product_tag","embeddable":true,"href":"https:\/\/olemosaic.com\/pt-pt\/wp-json\/wp\/v2\/product_tag?post=30932"}],"curies":[{"name":"wp","href":"https:\/\/api.w.org\/{rel}","templated":true}]}}