{"id":30914,"date":"2025-02-20T23:31:15","date_gmt":"2025-02-20T22:31:15","guid":{"rendered":"http:\/\/olemosaic.com\/producto\/cenicero-de-ceramica-de-6-cm-salamandra-barcelona-beige\/"},"modified":"2025-07-25T18:38:47","modified_gmt":"2025-07-25T16:38:47","slug":"cinzeiro-de-ceramica-de-6-cm-salamandra-barcelona-bege","status":"publish","type":"product","link":"https:\/\/olemosaic.com\/pt-pt\/produto\/cinzeiro-de-ceramica-de-6-cm-salamandra-barcelona-bege\/","title":{"rendered":"Cinzeiro de cer\u00e2mica de 6 cm. Salamandra. Barcelona. Bege"},"content":{"rendered":"<p>Este cinzeiro de cer\u00e2mica de 6 cm \u00e9 um encantador souvenir de Barcelona que reflete a est\u00e9tica vibrante da arte catal\u00e3. A sua base bege contrasta magistralmente com um rebordo vermelho vibrante, criando um efeito visual atraente e alegre. A palavra &#8220;Barcelona&#8221; est\u00e1 elegantemente pintada com letras coloridas que evocam a energia e o esp\u00edrito da cidade. No seu interior, este cinzeiro apresenta uma salamandra colorida decorada com um mosaico que remete ao famoso estilo de Antoni Gaud\u00ed, uma figura emblem\u00e1tica do modernismo que marcou a paisagem arquitet\u00f3nica da cidade.<\/p>\n<p>Os motivos florais que rodeiam a salamandra conferem um toque festivo, real\u00e7ando a liga\u00e7\u00e3o cultural com a rica heran\u00e7a art\u00edstica de Barcelona. Este cinzeiro n\u00e3o \u00e9 apenas um objeto funcional, mas um aut\u00eantico representante da cultura espanhola, ideal para quem procura souvenirs que contem uma hist\u00f3ria. \u00c9 um excelente presente para turistas e colecionadores, pois combina design e funcionalidade, oferecendo uma recorda\u00e7\u00e3o aut\u00eantica da capital catal\u00e3. Na Ol\u00e9 Mosaic, somos distribuidores de souvenirs aut\u00eanticos, e este cinzeiro de Barcelona \u00e9 uma op\u00e7\u00e3o de destaque para lojas de presentes tur\u00edsticos que procuram oferecer produtos \u00fanicos e significativos.<\/p>\n","protected":false},"excerpt":{"rendered":"<p>Cinzeiro de cer\u00e2mica de 6 cm com um design colorido de salamandra, inspirado na arte barcelonesa. A sua base bege contrasta com um rebordo vermelho vibrante e exibe a palavra &#8220;Barcelona&#8221; em letras alegres. Decorado com estilo artesanal, o interior mostra motivos florais e uma salamandra com um mosaico de cores que evoca o famoso estilo de Gaud\u00ed. Ideal para colecionadores e amantes da cidade.<\/p>\n","protected":false},"featured_media":7559,"template":"","meta":{"_acf_changed":false},"product_brand":[],"product_cat":[564],"product_tag":[516,515],"class_list":{"0":"post-30914","1":"product","2":"type-product","3":"status-publish","4":"has-post-thumbnail","6":"product_cat-cinzeiros","7":"product_tag-animais","8":"product_tag-ceramica","9":"pa_ciudad-barcelona","10":"pa_motivo-salamandras","11":"pa_pais-espana","13":"first","14":"instock","15":"shipping-taxable","16":"product-type-simple"},"acf":[],"_links":{"self":[{"href":"https:\/\/olemosaic.com\/pt-pt\/wp-json\/wp\/v2\/product\/30914","targetHints":{"allow":["GET"]}}],"collection":[{"href":"https:\/\/olemosaic.com\/pt-pt\/wp-json\/wp\/v2\/product"}],"about":[{"href":"https:\/\/olemosaic.com\/pt-pt\/wp-json\/wp\/v2\/types\/product"}],"wp:featuredmedia":[{"embeddable":true,"href":"https:\/\/olemosaic.com\/pt-pt\/wp-json\/wp\/v2\/media\/7559"}],"wp:attachment":[{"href":"https:\/\/olemosaic.com\/pt-pt\/wp-json\/wp\/v2\/media?parent=30914"}],"wp:term":[{"taxonomy":"product_brand","embeddable":true,"href":"https:\/\/olemosaic.com\/pt-pt\/wp-json\/wp\/v2\/product_brand?post=30914"},{"taxonomy":"product_cat","embeddable":true,"href":"https:\/\/olemosaic.com\/pt-pt\/wp-json\/wp\/v2\/product_cat?post=30914"},{"taxonomy":"product_tag","embeddable":true,"href":"https:\/\/olemosaic.com\/pt-pt\/wp-json\/wp\/v2\/product_tag?post=30914"}],"curies":[{"name":"wp","href":"https:\/\/api.w.org\/{rel}","templated":true}]}}