{"id":30913,"date":"2025-02-20T22:31:15","date_gmt":"2025-02-20T22:31:15","guid":{"rendered":"http:\/\/olemosaic.com\/producto\/cenicero-de-ceramica-de-6-cm-panoramica-barcelona-beige\/"},"modified":"2025-07-25T18:33:34","modified_gmt":"2025-07-25T16:33:34","slug":"cinzeiro-de-ceramica-de-6-cm-panoramica-barcelona-bege","status":"publish","type":"product","link":"https:\/\/olemosaic.com\/pt-pt\/produto\/cinzeiro-de-ceramica-de-6-cm-panoramica-barcelona-bege\/","title":{"rendered":"Cinzeiro de cer\u00e2mica de 6 cm. Panor\u00e2mica. Barcelona. Bege"},"content":{"rendered":"<p>Este cinzeiro de cer\u00e2mica de 6 cm \u00e9 um souvenir atraente que capta a ess\u00eancia vibrante de Barcelona, uma das cidades mais emblem\u00e1ticas de Espanha. Decorado com uma panor\u00e2mica do ic\u00f3nico monumento da Sagrada Fam\u00edlia, esta pe\u00e7a apresenta um design cheio de cor que evoca o estilo inconfund\u00edvel de Antoni Gaud\u00ed, conhecido pelos seus mosaicos \u00fanicos e pela sua arquitetura inovadora. A superf\u00edcie interior do cinzeiro, num elegante tom claro, destaca o nome &#8220;Barcelona&#8221; em letras chamativas, enquanto o rebordo vermelho enfatiza a sua sofistica\u00e7\u00e3o. Este cinzeiro n\u00e3o \u00e9 apenas funcional, mas tamb\u00e9m serve como uma espl\u00eandida recorda\u00e7\u00e3o da rica cultura catal\u00e3 e do seu patrim\u00f3nio art\u00edstico.<\/p>\n<p>Perfeito como recorda\u00e7\u00e3o para turistas que desejam levar um peda\u00e7o da hist\u00f3ria e da arte de Barcelona, o seu design harmonioso torna-o uma excelente op\u00e7\u00e3o para qualquer loja de presentes tur\u00edsticos. Na Ol\u00e9 Mosaic, somos distribuidores de souvenirs \u00fanicos que representam a autenticidade e a beleza das tradi\u00e7\u00f5es espanholas, e este cinzeiro de cer\u00e2mica \u00e9 um magn\u00edfico exemplo disso. Oferecemos uma vasta sele\u00e7\u00e3o de produtos que celebram a riqueza cultural de cada regi\u00e3o, garantindo que cada cliente encontre o souvenir perfeito para recordar a sua visita \u00e0 Cidade Condal.<\/p>\n","protected":false},"excerpt":{"rendered":"<p>Cinzeiro de cer\u00e2mica de 6 cm, decorado com uma vibrante panor\u00e2mica de Barcelona. Este atraente cinzeiro apresenta a emblem\u00e1tica Sagrada Fam\u00edlia num design cheio de cor, com mosaicos que evocam o estilo de Gaud\u00ed. O seu interior, de fundo claro, est\u00e1 decorado com a palavra &#8220;Barcelona&#8221; e rematado por um rebordo vermelho que real\u00e7a a sua eleg\u00e2ncia. Ideal como recorda\u00e7\u00e3o, combina arte e funcionalidade numa pe\u00e7a \u00fanica que celebra a cultura catal\u00e3.<\/p>\n","protected":false},"featured_media":7771,"template":"","meta":{"_acf_changed":false},"product_brand":[],"product_cat":[564],"product_tag":[515],"class_list":{"0":"post-30913","1":"product","2":"type-product","3":"status-publish","4":"has-post-thumbnail","6":"product_cat-cinzeiros","7":"product_tag-ceramica","8":"pa_ciudad-barcelona","9":"pa_motivo-panoramas","10":"pa_pais-espana","12":"first","13":"instock","14":"shipping-taxable","15":"product-type-simple"},"acf":[],"_links":{"self":[{"href":"https:\/\/olemosaic.com\/pt-pt\/wp-json\/wp\/v2\/product\/30913","targetHints":{"allow":["GET"]}}],"collection":[{"href":"https:\/\/olemosaic.com\/pt-pt\/wp-json\/wp\/v2\/product"}],"about":[{"href":"https:\/\/olemosaic.com\/pt-pt\/wp-json\/wp\/v2\/types\/product"}],"wp:featuredmedia":[{"embeddable":true,"href":"https:\/\/olemosaic.com\/pt-pt\/wp-json\/wp\/v2\/media\/7771"}],"wp:attachment":[{"href":"https:\/\/olemosaic.com\/pt-pt\/wp-json\/wp\/v2\/media?parent=30913"}],"wp:term":[{"taxonomy":"product_brand","embeddable":true,"href":"https:\/\/olemosaic.com\/pt-pt\/wp-json\/wp\/v2\/product_brand?post=30913"},{"taxonomy":"product_cat","embeddable":true,"href":"https:\/\/olemosaic.com\/pt-pt\/wp-json\/wp\/v2\/product_cat?post=30913"},{"taxonomy":"product_tag","embeddable":true,"href":"https:\/\/olemosaic.com\/pt-pt\/wp-json\/wp\/v2\/product_tag?post=30913"}],"curies":[{"name":"wp","href":"https:\/\/api.w.org\/{rel}","templated":true}]}}