{"id":30912,"date":"2025-02-20T23:31:15","date_gmt":"2025-02-20T22:31:15","guid":{"rendered":"http:\/\/olemosaic.com\/producto\/cenicero-de-ceramica-de-11-cm-salamandra-mallorca-beige\/"},"modified":"2025-07-25T18:55:33","modified_gmt":"2025-07-25T16:55:33","slug":"cinzeiro-de-ceramica-de-11-cm-salamandra-maiorca-bege","status":"publish","type":"product","link":"https:\/\/olemosaic.com\/pt-pt\/produto\/cinzeiro-de-ceramica-de-11-cm-salamandra-maiorca-bege\/","title":{"rendered":"Cinzeiro de cer\u00e2mica de 11 cm. Salamandra. Maiorca. Bege"},"content":{"rendered":"<p>Este cinzeiro de cer\u00e2mica de 11 cm \u00e9 uma pe\u00e7a vibrante e aut\u00eantica que capta a ess\u00eancia de Maiorca. Apresenta um design atraente em tons de bege com um rebordo superior de cor laranja radiante, que confere um toque en\u00e9rgico \u00e0 sua est\u00e9tica. Adornado com ilustra\u00e7\u00f5es de efeito pintado \u00e0 m\u00e3o, este cinzeiro exibe salamandras coloridas e flores delicadas, que simbolizam a rica biodiversidade da ilha. A palavra &#8220;MALLORCA&#8221; destaca-se numa tipografia alegre, refor\u00e7ando a sua identidade como uma recorda\u00e7\u00e3o representativa deste destino mediterr\u00e2nico.<\/p>\n<p>Cada detalhe deste cinzeiro reflete a heran\u00e7a cultural de Maiorca, onde a cer\u00e2mica artesanal se tornou um s\u00edmbolo da tradi\u00e7\u00e3o local. Como souvenir, este cinzeiro n\u00e3o \u00e9 apenas funcional, mas tamb\u00e9m uma pe\u00e7a art\u00edstica que evoca a nostalgia das f\u00e9rias na ilha. \u00c9 uma excelente op\u00e7\u00e3o para turistas que procuram souvenirs de Maiorca que combinem autenticidade e qualidade.<\/p>\n<p>Na Ol\u00e9 Mosaic, somos distribuidores de souvenirs por grosso e este cinzeiro de cer\u00e2mica \u00e9 uma op\u00e7\u00e3o ideal para lojas de presentes tur\u00edsticos que valorizam o artesanato e o valor cultural. Oferecemos produtos aut\u00eanticos que celebram a tradi\u00e7\u00e3o e a arte de cada regi\u00e3o.<\/p>\n","protected":false},"excerpt":{"rendered":"<p>Cinzeiro de cer\u00e2mica de 11 cm com um design vibrante de salamandras, inspirado na beleza de Maiorca. Este atraente cinzeiro apresenta um acabamento em cor bege com um rebordo superior laranja brilhante. Decorado com ilustra\u00e7\u00f5es de salamandras e flores de efeito pintado \u00e0 m\u00e3o, juntamente com a palavra &#8220;MALLORCA&#8221;, este artigo \u00e9 uma aut\u00eantica recorda\u00e7\u00e3o da ilha que combina funcionalidade e um toque art\u00edstico em cada detalhe.<\/p>\n","protected":false},"featured_media":7734,"template":"","meta":{"_acf_changed":false},"product_brand":[],"product_cat":[564],"product_tag":[516,515],"class_list":{"0":"post-30912","1":"product","2":"type-product","3":"status-publish","4":"has-post-thumbnail","6":"product_cat-cinzeiros","7":"product_tag-animais","8":"product_tag-ceramica","9":"pa_ciudad-mallorca","10":"pa_motivo-salamandras","11":"pa_pais-espana","13":"first","14":"instock","15":"shipping-taxable","16":"product-type-simple"},"acf":[],"_links":{"self":[{"href":"https:\/\/olemosaic.com\/pt-pt\/wp-json\/wp\/v2\/product\/30912","targetHints":{"allow":["GET"]}}],"collection":[{"href":"https:\/\/olemosaic.com\/pt-pt\/wp-json\/wp\/v2\/product"}],"about":[{"href":"https:\/\/olemosaic.com\/pt-pt\/wp-json\/wp\/v2\/types\/product"}],"wp:featuredmedia":[{"embeddable":true,"href":"https:\/\/olemosaic.com\/pt-pt\/wp-json\/wp\/v2\/media\/7734"}],"wp:attachment":[{"href":"https:\/\/olemosaic.com\/pt-pt\/wp-json\/wp\/v2\/media?parent=30912"}],"wp:term":[{"taxonomy":"product_brand","embeddable":true,"href":"https:\/\/olemosaic.com\/pt-pt\/wp-json\/wp\/v2\/product_brand?post=30912"},{"taxonomy":"product_cat","embeddable":true,"href":"https:\/\/olemosaic.com\/pt-pt\/wp-json\/wp\/v2\/product_cat?post=30912"},{"taxonomy":"product_tag","embeddable":true,"href":"https:\/\/olemosaic.com\/pt-pt\/wp-json\/wp\/v2\/product_tag?post=30912"}],"curies":[{"name":"wp","href":"https:\/\/api.w.org\/{rel}","templated":true}]}}