{"id":30891,"date":"2025-02-20T23:31:15","date_gmt":"2025-02-20T22:31:15","guid":{"rendered":"http:\/\/olemosaic.com\/producto\/cenicero-de-ceramica-de-11-cm-panoramica-barcelona-beige\/"},"modified":"2025-07-25T18:54:52","modified_gmt":"2025-07-25T16:54:52","slug":"cinzeiro-de-ceramica-de-11-cm-panoramica-barcelona-bege","status":"publish","type":"product","link":"https:\/\/olemosaic.com\/pt-pt\/produto\/cinzeiro-de-ceramica-de-11-cm-panoramica-barcelona-bege\/","title":{"rendered":"Cinzeiro de cer\u00e2mica de 11 cm. Panor\u00e2mica. Barcelona. Bege"},"content":{"rendered":"<p>Este cinzeiro de cer\u00e2mica de 11 cm \u00e9 um souvenir atraente de Barcelona que capta a ess\u00eancia e a beleza arquitet\u00f3nica da Cidade Condal. A sua base branca real\u00e7a os vibrantes e variados designs pintados \u00e0 m\u00e3o, onde se destacam a emblem\u00e1tica Sagrada Fam\u00edlia e outros edif\u00edcios representativos que caracterizam a paisagem urbana de Barcelona. A arte colorida, cheia de detalhes, reflete a rica hist\u00f3ria e o dinamismo cultural da cidade, oferecendo um olhar sobre os tesouros arquitet\u00f3nicos que atraem turistas de todo o mundo.<\/p>\n<p>A borda superior do cinzeiro apresenta um elegante tom vermelho que, al\u00e9m de acrescentar um toque de sofistica\u00e7\u00e3o, complementa harmoniosamente os vibrantes desenhos da base. Este cinzeiro torna-se um objeto decorativo que ser\u00e1 uma recorda\u00e7\u00e3o encantadora da visita a Barcelona, ideal para quem procura um souvenir aut\u00eantico e representativo da cultura catal\u00e3.<\/p>\n<p>Na Ol\u00e9 Mosaic, somos distribuidores de souvenirs por grosso e oferecemos produtos que real\u00e7am a heran\u00e7a cultural de Espanha. Este cinzeiro \u00e9 uma excelente ideia para lojas de presentes tur\u00edsticos que desejem oferecer aos seus clientes recorda\u00e7\u00f5es \u00fanicas e significativas de Barcelona, tornando-se um excelente presente ou um elegante elemento decorativo para o lar.<\/p>\n","protected":false},"excerpt":{"rendered":"<p>Cinzeiro de cer\u00e2mica de 11 cm com uma colorida panor\u00e2mica de Barcelona. A sua base branca real\u00e7a os vibrantes designs pintados \u00e0 m\u00e3o, entre os quais se destacam a emblem\u00e1tica Sagrada Fam\u00edlia e outros edif\u00edcios singulares. A parte superior, num elegante tom vermelho, complementa a arte detalhada que capta a ess\u00eancia da cidade. Um souvenir ideal para os amantes de Barcelona e da sua rica cultura.<\/p>\n","protected":false},"featured_media":7749,"template":"","meta":{"_acf_changed":false},"product_brand":[],"product_cat":[564],"product_tag":[515],"class_list":{"0":"post-30891","1":"product","2":"type-product","3":"status-publish","4":"has-post-thumbnail","6":"product_cat-cinzeiros","7":"product_tag-ceramica","8":"pa_ciudad-barcelona","9":"pa_motivo-panoramas","10":"pa_pais-espana","12":"first","13":"instock","14":"shipping-taxable","15":"product-type-simple"},"acf":[],"_links":{"self":[{"href":"https:\/\/olemosaic.com\/pt-pt\/wp-json\/wp\/v2\/product\/30891","targetHints":{"allow":["GET"]}}],"collection":[{"href":"https:\/\/olemosaic.com\/pt-pt\/wp-json\/wp\/v2\/product"}],"about":[{"href":"https:\/\/olemosaic.com\/pt-pt\/wp-json\/wp\/v2\/types\/product"}],"wp:featuredmedia":[{"embeddable":true,"href":"https:\/\/olemosaic.com\/pt-pt\/wp-json\/wp\/v2\/media\/7749"}],"wp:attachment":[{"href":"https:\/\/olemosaic.com\/pt-pt\/wp-json\/wp\/v2\/media?parent=30891"}],"wp:term":[{"taxonomy":"product_brand","embeddable":true,"href":"https:\/\/olemosaic.com\/pt-pt\/wp-json\/wp\/v2\/product_brand?post=30891"},{"taxonomy":"product_cat","embeddable":true,"href":"https:\/\/olemosaic.com\/pt-pt\/wp-json\/wp\/v2\/product_cat?post=30891"},{"taxonomy":"product_tag","embeddable":true,"href":"https:\/\/olemosaic.com\/pt-pt\/wp-json\/wp\/v2\/product_tag?post=30891"}],"curies":[{"name":"wp","href":"https:\/\/api.w.org\/{rel}","templated":true}]}}