{"id":30890,"date":"2025-02-20T23:31:14","date_gmt":"2025-02-20T22:31:14","guid":{"rendered":"http:\/\/olemosaic.com\/producto\/cenicero-de-ceramica-de-10-cm-ronda-blanco\/"},"modified":"2025-07-25T19:47:50","modified_gmt":"2025-07-25T17:47:50","slug":"cinzeiro-de-ceramica-de-10-cm-ronda-branco","status":"publish","type":"product","link":"https:\/\/olemosaic.com\/pt-pt\/produto\/cinzeiro-de-ceramica-de-10-cm-ronda-branco\/","title":{"rendered":"Cinzeiro de cer\u00e2mica de 10 cm. Ronda. Branco"},"content":{"rendered":"<p>Este cinzeiro de cer\u00e2mica de 10 cm, inspirado na emblem\u00e1tica cidade de Ronda, \u00e9 um souvenir atraente que capta a ess\u00eancia cultural desta famosa localidade andaluza. O seu design muito especial apresenta uma vibrante ilustra\u00e7\u00e3o no interior, onde se destaca a ic\u00f3nica ponte sobre o desfiladeiro (Tajo), uma das imagens mais representativas de Ronda. \u00c0 volta desta majestosa arquitetura, foram incorporadas figuras estilizadas vestidas com trajes tradicionais, evocando a rica heran\u00e7a folcl\u00f3rica da regi\u00e3o. Decorado em tons vibrantes de vermelho, verde e preto, o cinzeiro mostra tamb\u00e9m elementos de mosaico, que acrescentam um toque art\u00edstico e contempor\u00e2neo \u00e0 pe\u00e7a. A palavra \u00abRONDA\u00bb apresenta-se em letras coloridas, tornando-o n\u00e3o s\u00f3 funcional, mas tamb\u00e9m um lembrete visual da beleza da cidade. Este cinzeiro \u00e9 uma excelente escolha para quem procura souvenirs aut\u00eanticos e representativos, ideal para recordar a experi\u00eancia andaluza. Na Ol\u00e9 Mosaic, somos distribuidores de souvenirs de cer\u00e2mica que celebram a cultura espanhola, proporcionando qualidade e originalidade para lojas de presentes tur\u00edsticos. Este cinzeiro de Ronda \u00e9 a op\u00e7\u00e3o perfeita para ligar com a tradi\u00e7\u00e3o local e oferecer aos visitantes um pedacinho da hist\u00f3ria andaluza.<\/p>\n","protected":false},"excerpt":{"rendered":"<p>Cinzeiro de cer\u00e2mica de 10 cm, inspirado na emblem\u00e1tica cidade de Ronda. Este atraente cinzeiro apresenta uma colorida ilustra\u00e7\u00e3o no seu interior que destaca a famosa ponte sobre o desfiladeiro e figuras estilizadas com trajes tradicionais. Decorado em tons vibrantes de vermelho, verde e preto, o design inclui elementos de mosaico e a palavra &#8220;RONDA&#8221; em letras coloridas, tornando-o um souvenir \u00fanico e representativo da cultura andaluza.<\/p>\n","protected":false},"featured_media":9984,"template":"","meta":{"_acf_changed":false},"product_brand":[],"product_cat":[564],"product_tag":[515],"class_list":{"0":"post-30890","1":"product","2":"type-product","3":"status-publish","4":"has-post-thumbnail","6":"product_cat-cinzeiros","7":"product_tag-ceramica","8":"pa_ciudad-ronda","9":"pa_pais-espana","11":"first","12":"instock","13":"shipping-taxable","14":"product-type-simple"},"acf":[],"_links":{"self":[{"href":"https:\/\/olemosaic.com\/pt-pt\/wp-json\/wp\/v2\/product\/30890","targetHints":{"allow":["GET"]}}],"collection":[{"href":"https:\/\/olemosaic.com\/pt-pt\/wp-json\/wp\/v2\/product"}],"about":[{"href":"https:\/\/olemosaic.com\/pt-pt\/wp-json\/wp\/v2\/types\/product"}],"wp:featuredmedia":[{"embeddable":true,"href":"https:\/\/olemosaic.com\/pt-pt\/wp-json\/wp\/v2\/media\/9984"}],"wp:attachment":[{"href":"https:\/\/olemosaic.com\/pt-pt\/wp-json\/wp\/v2\/media?parent=30890"}],"wp:term":[{"taxonomy":"product_brand","embeddable":true,"href":"https:\/\/olemosaic.com\/pt-pt\/wp-json\/wp\/v2\/product_brand?post=30890"},{"taxonomy":"product_cat","embeddable":true,"href":"https:\/\/olemosaic.com\/pt-pt\/wp-json\/wp\/v2\/product_cat?post=30890"},{"taxonomy":"product_tag","embeddable":true,"href":"https:\/\/olemosaic.com\/pt-pt\/wp-json\/wp\/v2\/product_tag?post=30890"}],"curies":[{"name":"wp","href":"https:\/\/api.w.org\/{rel}","templated":true}]}}