{"id":30889,"date":"2025-02-20T22:31:14","date_gmt":"2025-02-20T22:31:14","guid":{"rendered":"http:\/\/olemosaic.com\/producto\/cenicero-de-ceramica-de-10-cm-santiago-blanco\/"},"modified":"2025-07-25T19:47:27","modified_gmt":"2025-07-25T17:47:27","slug":"cinzeiro-de-ceramica-de-10-cm-santiago-branco","status":"publish","type":"product","link":"https:\/\/olemosaic.com\/pt-pt\/produto\/cinzeiro-de-ceramica-de-10-cm-santiago-branco\/","title":{"rendered":"Cinzeiro de cer\u00e2mica de 10 cm. Santiago. Branco"},"content":{"rendered":"<p>Este cinzeiro de cer\u00e2mica de 10 cm, inspirado no emblem\u00e1tico Caminho de Santiago, \u00e9 uma combina\u00e7\u00e3o perfeita de funcionalidade e arte, ideal para quem procura uma recorda\u00e7\u00e3o aut\u00eantica da Galiza. Apresenta uma vibrante e colorida ilustra\u00e7\u00e3o da impressionante Catedral de Santiago, com foco nas suas imponentes torres vermelhas, que se erguem com majestade. Os detalhes amarelos iluminam a cena, criando um apelo visual cativante que evoca a rica hist\u00f3ria da peregrina\u00e7\u00e3o.<\/p>\n<p>\u00c0 volta da borda, um encantador mosaico complementa o design, enquanto o texto &#8220;CAMINO DE SANTIAGO&#8221; se destaca claramente, servindo como lembrete da travessia espiritual e cultural que representa. Este cinzeiro n\u00e3o \u00e9 apenas um objeto decorativo, mas tamb\u00e9m um s\u00edmbolo da tradi\u00e7\u00e3o do Caminho, que atrai milh\u00f5es de peregrinos todos os anos. O seu acabamento branco brilhante real\u00e7a ainda mais as cores, tornando-o uma pe\u00e7a visualmente atraente para qualquer casa ou espa\u00e7o.<\/p>\n<p>Na Ol\u00e9 Mosaic, especializamo-nos na distribui\u00e7\u00e3o de souvenirs por grosso, e este cinzeiro de cer\u00e2mica \u00e9 uma excelente op\u00e7\u00e3o para lojas de presentes tur\u00edsticos que procuram artigos com relev\u00e2ncia cultural e autenticidade. Este souvenir do Caminho de Santiago \u00e9 um presente ideal para quem deseja levar um peda\u00e7o da Galiza para casa.<\/p>\n","protected":false},"excerpt":{"rendered":"<p>Cinzeiro de cer\u00e2mica de 10 cm, inspirado no Caminho de Santiago. Este atraente cinzeiro apresenta uma colorida ilustra\u00e7\u00e3o da Catedral de Santiago, destacando as suas imponentes torres vermelhas e detalhes amarelos. Decorado com um encantador mosaico \u00e0 volta da borda e a inscri\u00e7\u00e3o &#8220;CAMINO DE SANTIAGO&#8221;, este produto combina funcionalidade e arte, tornando-se uma recorda\u00e7\u00e3o ideal da rica tradi\u00e7\u00e3o da peregrina\u00e7\u00e3o galega.<\/p>\n","protected":false},"featured_media":9927,"template":"","meta":{"_acf_changed":false},"product_brand":[],"product_cat":[564],"product_tag":[515],"class_list":{"0":"post-30889","1":"product","2":"type-product","3":"status-publish","4":"has-post-thumbnail","6":"product_cat-cinzeiros","7":"product_tag-ceramica","8":"pa_ciudad-santiago","9":"pa_pais-espana","11":"first","12":"instock","13":"shipping-taxable","14":"product-type-simple"},"acf":[],"_links":{"self":[{"href":"https:\/\/olemosaic.com\/pt-pt\/wp-json\/wp\/v2\/product\/30889","targetHints":{"allow":["GET"]}}],"collection":[{"href":"https:\/\/olemosaic.com\/pt-pt\/wp-json\/wp\/v2\/product"}],"about":[{"href":"https:\/\/olemosaic.com\/pt-pt\/wp-json\/wp\/v2\/types\/product"}],"wp:featuredmedia":[{"embeddable":true,"href":"https:\/\/olemosaic.com\/pt-pt\/wp-json\/wp\/v2\/media\/9927"}],"wp:attachment":[{"href":"https:\/\/olemosaic.com\/pt-pt\/wp-json\/wp\/v2\/media?parent=30889"}],"wp:term":[{"taxonomy":"product_brand","embeddable":true,"href":"https:\/\/olemosaic.com\/pt-pt\/wp-json\/wp\/v2\/product_brand?post=30889"},{"taxonomy":"product_cat","embeddable":true,"href":"https:\/\/olemosaic.com\/pt-pt\/wp-json\/wp\/v2\/product_cat?post=30889"},{"taxonomy":"product_tag","embeddable":true,"href":"https:\/\/olemosaic.com\/pt-pt\/wp-json\/wp\/v2\/product_tag?post=30889"}],"curies":[{"name":"wp","href":"https:\/\/api.w.org\/{rel}","templated":true}]}}