{"id":30888,"date":"2025-02-20T22:31:14","date_gmt":"2025-02-20T22:31:14","guid":{"rendered":"http:\/\/olemosaic.com\/producto\/cenicero-de-ceramica-de-10-cm-mijas-blanco\/"},"modified":"2025-07-25T18:47:25","modified_gmt":"2025-07-25T16:47:25","slug":"cinzeiro-de-ceramica-de-10-cm-mijas-branco","status":"publish","type":"product","link":"https:\/\/olemosaic.com\/pt-pt\/produto\/cinzeiro-de-ceramica-de-10-cm-mijas-branco\/","title":{"rendered":"Cinzeiro de cer\u00e2mica de 10 cm. Mijas. Branco"},"content":{"rendered":"<p>Este cinzeiro de cer\u00e2mica de 10 cm \u00e9 uma representa\u00e7\u00e3o perfeita da encantadora Pra\u00e7a de Touros de Mijas, um ponto de refer\u00eancia emblem\u00e1tico da costa andaluza. Com um elegante acabamento branco, o cinzeiro destaca-se n\u00e3o s\u00f3 pela sua funcionalidade, mas tamb\u00e9m pelo seu vibrante design decorativo. No seu interior, um mosaico colorido capta a ess\u00eancia de Mijas, mostrando palmeiras exuberantes e a arquitetura tradicional que caracteriza a vila. As nuances do desenho evocam a atmosfera quente da zona, enquanto as letras &#8220;MIJAS&#8221;, dispostas artisticamente no exterior, acrescentam um toque distintivo, garantindo que esta recorda\u00e7\u00e3o seja inesquec\u00edvel para quem a adquirir.<\/p>\n<p>A liga\u00e7\u00e3o cultural deste cinzeiro com Mijas \u00e9 ineg\u00e1vel; n\u00e3o \u00e9 apenas um objeto utilit\u00e1rio, mas reflete tamb\u00e9m a rica heran\u00e7a andaluza, ideal para quem procura levar um pedacinho da vila para casa. Os souvenirs de Mijas s\u00e3o apreciados pela sua autenticidade e singularidade, tornando-se uma op\u00e7\u00e3o de destaque para turistas e colecionadores. Na Ol\u00e9 Mosaic, como distribuidores de souvenirs por grosso, oferecemos este cinzeiro de cer\u00e2mica que \u00e9 muito mais do que um simples acess\u00f3rio: \u00e9 uma celebra\u00e7\u00e3o da cultura espanhola, perfeita para lojas de presentes tur\u00edsticos que desejem oferecer produtos originais e de qualidade. Este cinzeiro n\u00e3o s\u00f3 embelezar\u00e1 qualquer espa\u00e7o, como tamb\u00e9m evocar\u00e1 recorda\u00e7\u00f5es de uma das joias da Andaluzia.<\/p>\n","protected":false},"excerpt":{"rendered":"<p>Cinzeiro de cer\u00e2mica de 10 cm, decorado com uma colorida ilustra\u00e7\u00e3o da emblem\u00e1tica Pra\u00e7a de Touros de Mijas. Este cinzeiro, com um bonito acabamento branco e detalhes de mosaico no seu interior, apresenta elementos distintivos como palmeiras e a arquitetura tradicional do local. As letras &#8220;MIJAS&#8221; adornam o exterior, num design atraente que capta o esp\u00edrito desta encantadora vila andaluza. Ideal para quem deseja levar um pedacinho de Mijas para o seu lar.<\/p>\n","protected":false},"featured_media":10010,"template":"","meta":{"_acf_changed":false},"product_brand":[],"product_cat":[564],"product_tag":[516,515],"class_list":{"0":"post-30888","1":"product","2":"type-product","3":"status-publish","4":"has-post-thumbnail","6":"product_cat-cinzeiros","7":"product_tag-animais","8":"product_tag-ceramica","9":"pa_ciudad-mijas","10":"pa_pais-espana","12":"first","13":"instock","14":"shipping-taxable","15":"product-type-simple"},"acf":[],"_links":{"self":[{"href":"https:\/\/olemosaic.com\/pt-pt\/wp-json\/wp\/v2\/product\/30888","targetHints":{"allow":["GET"]}}],"collection":[{"href":"https:\/\/olemosaic.com\/pt-pt\/wp-json\/wp\/v2\/product"}],"about":[{"href":"https:\/\/olemosaic.com\/pt-pt\/wp-json\/wp\/v2\/types\/product"}],"wp:featuredmedia":[{"embeddable":true,"href":"https:\/\/olemosaic.com\/pt-pt\/wp-json\/wp\/v2\/media\/10010"}],"wp:attachment":[{"href":"https:\/\/olemosaic.com\/pt-pt\/wp-json\/wp\/v2\/media?parent=30888"}],"wp:term":[{"taxonomy":"product_brand","embeddable":true,"href":"https:\/\/olemosaic.com\/pt-pt\/wp-json\/wp\/v2\/product_brand?post=30888"},{"taxonomy":"product_cat","embeddable":true,"href":"https:\/\/olemosaic.com\/pt-pt\/wp-json\/wp\/v2\/product_cat?post=30888"},{"taxonomy":"product_tag","embeddable":true,"href":"https:\/\/olemosaic.com\/pt-pt\/wp-json\/wp\/v2\/product_tag?post=30888"}],"curies":[{"name":"wp","href":"https:\/\/api.w.org\/{rel}","templated":true}]}}