{"id":30887,"date":"2025-02-20T23:31:14","date_gmt":"2025-02-20T22:31:14","guid":{"rendered":"http:\/\/olemosaic.com\/producto\/cenicero-de-ceramica-de-10-cm-salamandra-y-flores-blanco\/"},"modified":"2025-07-25T19:46:08","modified_gmt":"2025-07-25T17:46:08","slug":"cinzeiro-de-ceramica-de-10-cm-salamandra-e-flores-branco","status":"publish","type":"product","link":"https:\/\/olemosaic.com\/pt-pt\/produto\/cinzeiro-de-ceramica-de-10-cm-salamandra-e-flores-branco\/","title":{"rendered":"Cinzeiro de cer\u00e2mica de 10 cm. Salamandra e flores. Branco"},"content":{"rendered":"<p>Este cinzeiro de cer\u00e2mica de 10 cm \u00e9 uma pe\u00e7a encantadora que combina funcionalidade e arte, perfeito para quem procura uma recorda\u00e7\u00e3o aut\u00eantica da cultura espanhola. A sua base branca real\u00e7a um design vibrante, onde uma colorida salamandra \u00e9 a protagonista, adornada com mosaicos em tons azuis, vermelhos e verdes que lhe conferem um car\u00e1cter din\u00e2mico e alegre. \u00c0 volta da salamandra, brilham flores chamativas em amarelo e vermelho que complementam maravilhosamente o design, criando uma atmosfera de frescura e alegria.<\/p>\n<p>Fabricado com cer\u00e2mica de alta qualidade e pintado \u00e0 m\u00e3o, este cinzeiro n\u00e3o s\u00f3 \u00e9 pr\u00e1tico, mas tamb\u00e9m um objeto decorativo que acrescenta um toque distintivo a qualquer espa\u00e7o. O seu acabamento esmaltado protege a arte e confere-lhe um brilho suave, refletindo o encanto da arte tradicional espanhola, tipicamente encontrada nas regi\u00f5es do sul. Este cinzeiro \u00e9 um excelente souvenir que encapsula a ess\u00eancia das tradi\u00e7\u00f5es artesanais de Espanha, tornando-se uma recorda\u00e7\u00e3o memor\u00e1vel para os turistas que procuram levar um peda\u00e7o do pa\u00eds.<\/p>\n<p>Na Ol\u00e9 Mosaic, especializamo-nos na distribui\u00e7\u00e3o de souvenirs por grosso, oferecendo artigos \u00fanicos que celebram a riqueza cultural de Espanha. Este cinzeiro \u00e9 uma op\u00e7\u00e3o ideal para lojas de presentes tur\u00edsticos que desejam oferecer produtos aut\u00eanticos e representativos. Como grossistas de cer\u00e2mica, garantimos a qualidade e a originalidade em cada pe\u00e7a, transformando este cinzeiro num presente perfeito que evoca a beleza e o colorido da cultura espanhola.<\/p>\n","protected":false},"excerpt":{"rendered":"<p>Cinzeiro de cer\u00e2mica de 10 cm decorado com uma colorida salamandra e flores. Este elegante cinzeiro branco apresenta um design artesanal, pintado \u00e0 m\u00e3o, onde se destaca uma salamandra com mosaicos vibrantes em tons azuis, vermelhos e verdes, rodeada de flores amarelas e vermelhas chamativas. O seu acabamento esmaltado e os delicados detalhes florais refletem o encanto da arte tradicional espanhola, ideal para dar um toque distintivo a qualquer espa\u00e7o.<\/p>\n","protected":false},"featured_media":8348,"template":"","meta":{"_acf_changed":false},"product_brand":[],"product_cat":[564],"product_tag":[516,515],"class_list":{"0":"post-30887","1":"product","2":"type-product","3":"status-publish","4":"has-post-thumbnail","6":"product_cat-cinzeiros","7":"product_tag-animais","8":"product_tag-ceramica","9":"pa_motivo-salamandras","11":"first","12":"instock","13":"shipping-taxable","14":"product-type-simple"},"acf":[],"_links":{"self":[{"href":"https:\/\/olemosaic.com\/pt-pt\/wp-json\/wp\/v2\/product\/30887","targetHints":{"allow":["GET"]}}],"collection":[{"href":"https:\/\/olemosaic.com\/pt-pt\/wp-json\/wp\/v2\/product"}],"about":[{"href":"https:\/\/olemosaic.com\/pt-pt\/wp-json\/wp\/v2\/types\/product"}],"wp:featuredmedia":[{"embeddable":true,"href":"https:\/\/olemosaic.com\/pt-pt\/wp-json\/wp\/v2\/media\/8348"}],"wp:attachment":[{"href":"https:\/\/olemosaic.com\/pt-pt\/wp-json\/wp\/v2\/media?parent=30887"}],"wp:term":[{"taxonomy":"product_brand","embeddable":true,"href":"https:\/\/olemosaic.com\/pt-pt\/wp-json\/wp\/v2\/product_brand?post=30887"},{"taxonomy":"product_cat","embeddable":true,"href":"https:\/\/olemosaic.com\/pt-pt\/wp-json\/wp\/v2\/product_cat?post=30887"},{"taxonomy":"product_tag","embeddable":true,"href":"https:\/\/olemosaic.com\/pt-pt\/wp-json\/wp\/v2\/product_tag?post=30887"}],"curies":[{"name":"wp","href":"https:\/\/api.w.org\/{rel}","templated":true}]}}